{"id":56838,"date":"2026-03-30T07:56:32","date_gmt":"2026-03-30T07:56:32","guid":{"rendered":"https:\/\/jnksport.com\/?post_type=product&#038;p=56838"},"modified":"2026-04-27T22:17:56","modified_gmt":"2026-04-27T22:17:56","slug":"zapatillas-nike-jordan-spizike-low-fq3950-008-ninos","status":"publish","type":"product","link":"https:\/\/jnksport.com\/en\/product\/zapatillas-nike-jordan-spizike-low-fq3950-008-ninos\/","title":{"rendered":"Zapatillas Nike Jordan Spizike Low FQ3950-008 Ni\u00f1os"},"content":{"rendered":"<div>\n<div>El Spizike toma elementos de 4 Jordan ic\u00f3nicos, los combina y ofrece un calzado deportivo \u00fanico. Es un homenaje a Spike Lee, que present\u00f3 formalmente a Hollywood y al b\u00e1squetbol en un momento cultural. Tendr\u00e1s un gran calzado con algo de historia. \u00bfQu\u00e9 m\u00e1s puedes pedir? \u00bfEst\u00e1s de acuerdo?<\/p>\n<p>Beneficios<\/p>\n<p>El cuero aut\u00e9ntico y sint\u00e9tico y la tela en la parte superior aportan mayor durabilidad.<br \/>\nLa tecnolog\u00eda Nike Air absorbe el impacto para brindar amortiguaci\u00f3n en cada paso.<br \/>\nLa suela de goma s\u00f3lida brinda tracci\u00f3n y durabilidad.<br \/>\n Color que se muestra: Negro<\/p><\/div>\n<\/div>\n<ul>\n<li>Marca: Nike<\/li>\n<li>Codigo: FQ3950-008<\/li>\n<li>Modelo: Jordan Spizike Low<\/li>\n<li>G\u00e9nero: Ni\u00f1os<\/li>\n<li>Estilo: Deportivo<\/li>\n<li>Cierre: Cordones<\/li>\n<li>Material: Cuero<\/li>\n<li>Color: Negro<\/li>\n<li>Material de la Suela: Goma<\/li>\n<\/ul>","protected":false},"excerpt":{"rendered":"<p>El Spizike toma elementos de 4 Jordan ic\u00f3nicos, los combina y ofrece un calzado deportivo \u00fanico. Es un homenaje a Spike Lee, que present\u00f3 formalmente&#8230;<\/p>","protected":false},"featured_media":59570,"comment_status":"open","ping_status":"closed","template":"","meta":{"om_disable_all_campaigns":false,"_monsterinsights_skip_tracking":false,"_monsterinsights_sitenote_active":false,"_monsterinsights_sitenote_note":"","_monsterinsights_sitenote_category":0,"_uf_show_specific_survey":0,"_uf_disable_surveys":false,"_joinchat":[]},"etheme_brands":[],"product_brand":[],"product_cat":[159],"product_tag":[],"class_list":{"0":"post-56838","1":"product","2":"type-product","3":"status-publish","4":"has-post-thumbnail","6":"product_cat-ninos","7":"product_shipping_class-envio-a-lima-y-provincia","9":"first","10":"instock","11":"sale","12":"featured","13":"shipping-taxable","14":"purchasable","15":"product-type-variable"},"aioseo_notices":[],"_links":{"self":[{"href":"https:\/\/jnksport.com\/en\/wp-json\/wp\/v2\/product\/56838","targetHints":{"allow":["GET"]}}],"collection":[{"href":"https:\/\/jnksport.com\/en\/wp-json\/wp\/v2\/product"}],"about":[{"href":"https:\/\/jnksport.com\/en\/wp-json\/wp\/v2\/types\/product"}],"replies":[{"embeddable":true,"href":"https:\/\/jnksport.com\/en\/wp-json\/wp\/v2\/comments?post=56838"}],"version-history":[{"count":1,"href":"https:\/\/jnksport.com\/en\/wp-json\/wp\/v2\/product\/56838\/revisions"}],"predecessor-version":[{"id":59572,"href":"https:\/\/jnksport.com\/en\/wp-json\/wp\/v2\/product\/56838\/revisions\/59572"}],"wp:featuredmedia":[{"embeddable":true,"href":"https:\/\/jnksport.com\/en\/wp-json\/wp\/v2\/media\/59570"}],"wp:attachment":[{"href":"https:\/\/jnksport.com\/en\/wp-json\/wp\/v2\/media?parent=56838"}],"wp:term":[{"taxonomy":"brand","embeddable":true,"href":"https:\/\/jnksport.com\/en\/wp-json\/wp\/v2\/etheme_brands?post=56838"},{"taxonomy":"product_brand","embeddable":true,"href":"https:\/\/jnksport.com\/en\/wp-json\/wp\/v2\/product_brand?post=56838"},{"taxonomy":"product_cat","embeddable":true,"href":"https:\/\/jnksport.com\/en\/wp-json\/wp\/v2\/product_cat?post=56838"},{"taxonomy":"product_tag","embeddable":true,"href":"https:\/\/jnksport.com\/en\/wp-json\/wp\/v2\/product_tag?post=56838"}],"curies":[{"name":"wp","href":"https:\/\/api.w.org\/{rel}","templated":true}]}}