{"id":56879,"date":"2026-03-30T07:59:01","date_gmt":"2026-03-30T07:59:01","guid":{"rendered":"https:\/\/jnksport.com\/?post_type=product&#038;p=56879"},"modified":"2026-04-25T19:59:48","modified_gmt":"2026-04-25T19:59:48","slug":"zapatillas-adidas-grand-court-x-marvel-jq7828-ninos","status":"publish","type":"product","link":"https:\/\/jnksport.com\/en\/product\/zapatillas-adidas-grand-court-x-marvel-jq7828-ninos\/","title":{"rendered":"Zapatillas Adidas Grand Court x Marvel JQ7828 Ni\u00f1os"},"content":{"rendered":"<div>\n<div>Zapatillas superc\u00f3modas para los seguidores m\u00e1s peque\u00f1os de Spider-Man.<br \/>\nEstas zapatillas adidas para beb\u00e9 permiten a los peque\u00f1os dar sus primeros pasos con Marvel Spider-Man. Una cabeza de Spider-Man en 3D en el tal\u00f3n y las 3 Tiras de tela de ara\u00f1a en los laterales a\u00f1aden un divertido estilo de superh\u00e9roe. El exterior de material sint\u00e9tico y la suela Bubblecomfy ofrecen comodidad flexible y una sensaci\u00f3n suave y con amortiguaci\u00f3n para las aventuras de todo el d\u00eda. Las tiras ajustables de cierre por contacto hacen que estas zapatillas sean f\u00e1ciles de poner y de sacar para que nada se interponga en el juego.<\/p>\n<p>Ajuste cl\u00e1sico<br \/>\nTira ajustable de cierre por contacto<br \/>\nExterior de material sint\u00e9tico<br \/>\nForro interno textil<br \/>\nSuela Bubblecomfy<br \/>\n@Marvel<br \/>\nColor del art\u00edculo: Core Black \/ Bright Blue \/ Pure Ruby<\/p><\/div>\n<\/div>\n<ul>\n<li>Marca: Adidas<\/li>\n<li>Codigo: JQ7828<\/li>\n<li>Modelo: Grand Court x Marvel<\/li>\n<li>G\u00e9nero: Ni\u00f1os<\/li>\n<li>Estilo: Urbanas<\/li>\n<li>Cierre: Velcro<\/li>\n<li>Material: Cuero<\/li>\n<li>Color: Negro<\/li>\n<li>Material de la Suela: Goma<\/li>\n<\/ul>","protected":false},"excerpt":{"rendered":"<p>Zapatillas superc\u00f3modas para los seguidores m\u00e1s peque\u00f1os de Spider-Man. Estas zapatillas adidas para beb\u00e9 permiten a los peque\u00f1os dar sus primeros pasos con Marvel Spider-Man&#8230;.<\/p>","protected":false},"featured_media":57208,"comment_status":"open","ping_status":"closed","template":"","meta":{"om_disable_all_campaigns":false,"_monsterinsights_skip_tracking":false,"_monsterinsights_sitenote_active":false,"_monsterinsights_sitenote_note":"","_monsterinsights_sitenote_category":0,"_uf_show_specific_survey":0,"_uf_disable_surveys":false,"_joinchat":[]},"etheme_brands":[],"product_brand":[],"product_cat":[159],"product_tag":[],"class_list":{"0":"post-56879","1":"product","2":"type-product","3":"status-publish","4":"has-post-thumbnail","6":"product_cat-ninos","7":"product_shipping_class-envio-a-lima-y-provincia","9":"first","10":"instock","11":"sale","12":"featured","13":"shipping-taxable","14":"purchasable","15":"product-type-variable"},"aioseo_notices":[],"_links":{"self":[{"href":"https:\/\/jnksport.com\/en\/wp-json\/wp\/v2\/product\/56879","targetHints":{"allow":["GET"]}}],"collection":[{"href":"https:\/\/jnksport.com\/en\/wp-json\/wp\/v2\/product"}],"about":[{"href":"https:\/\/jnksport.com\/en\/wp-json\/wp\/v2\/types\/product"}],"replies":[{"embeddable":true,"href":"https:\/\/jnksport.com\/en\/wp-json\/wp\/v2\/comments?post=56879"}],"version-history":[{"count":0,"href":"https:\/\/jnksport.com\/en\/wp-json\/wp\/v2\/product\/56879\/revisions"}],"wp:featuredmedia":[{"embeddable":true,"href":"https:\/\/jnksport.com\/en\/wp-json\/wp\/v2\/media\/57208"}],"wp:attachment":[{"href":"https:\/\/jnksport.com\/en\/wp-json\/wp\/v2\/media?parent=56879"}],"wp:term":[{"taxonomy":"brand","embeddable":true,"href":"https:\/\/jnksport.com\/en\/wp-json\/wp\/v2\/etheme_brands?post=56879"},{"taxonomy":"product_brand","embeddable":true,"href":"https:\/\/jnksport.com\/en\/wp-json\/wp\/v2\/product_brand?post=56879"},{"taxonomy":"product_cat","embeddable":true,"href":"https:\/\/jnksport.com\/en\/wp-json\/wp\/v2\/product_cat?post=56879"},{"taxonomy":"product_tag","embeddable":true,"href":"https:\/\/jnksport.com\/en\/wp-json\/wp\/v2\/product_tag?post=56879"}],"curies":[{"name":"wp","href":"https:\/\/api.w.org\/{rel}","templated":true}]}}