{"id":56907,"date":"2026-03-30T08:00:48","date_gmt":"2026-03-30T08:00:48","guid":{"rendered":"https:\/\/jnksport.com\/?post_type=product&#038;p=56907"},"modified":"2026-04-11T17:04:06","modified_gmt":"2026-04-11T17:04:06","slug":"zapatillas-adidas-grand-court-disney-jr5623-ninos","status":"publish","type":"product","link":"https:\/\/jnksport.com\/en\/product\/zapatillas-adidas-grand-court-disney-jr5623-ninos\/","title":{"rendered":"Zapatillas Adidas Grand Court Disney JR5623 Ni\u00f1os"},"content":{"rendered":"<div>\n<div>Zapatillas coloridas para los fans de Coco de Disney.<br \/>\nPara los ni\u00f1os que viven la vida a todo color, estas zapatillas adidas Grand Court inspiradas en Coco de Disney les permitir\u00e1n llevar la magia de la pel\u00edcula dondequiera que vayan. Las tiras ajustables de cierre por contacto hacen que sean f\u00e1ciles de poner y quitar, para que nada se interponga entre ellos y su pr\u00f3xima aventura. El exterior de material sint\u00e9tico duradero y la suela de caucho resisten horas de juego.<\/p>\n<p>Ajuste cl\u00e1sico<br \/>\nPasadores el\u00e1sticos y tira ajustable de cierre por contacto<br \/>\nExterior de material sint\u00e9tico<br \/>\nForro interno textil<br \/>\nSuela de caucho<br \/>\nColor del art\u00edculo: Cloud White \/ Core Black \/ Eqt Orange<\/p><\/div>\n<\/div>\n<ul>\n<li>Marca: Adidas<\/li>\n<li>Codigo: JR5623<\/li>\n<li>Modelo: Grand Court Disney<\/li>\n<li>G\u00e9nero: Ni\u00f1os<\/li>\n<li>Estilo: Urbanas<\/li>\n<li>Cierre: Cordones<\/li>\n<li>Material: Cuero<\/li>\n<li>Color: Blanco<\/li>\n<li>Material de la Suela: Caucho<\/li>\n<\/ul>","protected":false},"excerpt":{"rendered":"<p>Zapatillas coloridas para los fans de Coco de Disney. Para los ni\u00f1os que viven la vida a todo color, estas zapatillas adidas Grand Court inspiradas&#8230;<\/p>","protected":false},"featured_media":57206,"comment_status":"open","ping_status":"closed","template":"","meta":{"om_disable_all_campaigns":false,"_monsterinsights_skip_tracking":false,"_monsterinsights_sitenote_active":false,"_monsterinsights_sitenote_note":"","_monsterinsights_sitenote_category":0,"_uf_show_specific_survey":0,"_uf_disable_surveys":false,"_joinchat":[]},"etheme_brands":[],"product_brand":[],"product_cat":[159],"product_tag":[],"class_list":{"0":"post-56907","1":"product","2":"type-product","3":"status-publish","4":"has-post-thumbnail","6":"product_cat-ninos","7":"product_shipping_class-envio-a-lima-y-provincia","9":"first","10":"instock","11":"sale","12":"featured","13":"shipping-taxable","14":"purchasable","15":"product-type-variable"},"aioseo_notices":[],"_links":{"self":[{"href":"https:\/\/jnksport.com\/en\/wp-json\/wp\/v2\/product\/56907","targetHints":{"allow":["GET"]}}],"collection":[{"href":"https:\/\/jnksport.com\/en\/wp-json\/wp\/v2\/product"}],"about":[{"href":"https:\/\/jnksport.com\/en\/wp-json\/wp\/v2\/types\/product"}],"replies":[{"embeddable":true,"href":"https:\/\/jnksport.com\/en\/wp-json\/wp\/v2\/comments?post=56907"}],"version-history":[{"count":0,"href":"https:\/\/jnksport.com\/en\/wp-json\/wp\/v2\/product\/56907\/revisions"}],"wp:featuredmedia":[{"embeddable":true,"href":"https:\/\/jnksport.com\/en\/wp-json\/wp\/v2\/media\/57206"}],"wp:attachment":[{"href":"https:\/\/jnksport.com\/en\/wp-json\/wp\/v2\/media?parent=56907"}],"wp:term":[{"taxonomy":"brand","embeddable":true,"href":"https:\/\/jnksport.com\/en\/wp-json\/wp\/v2\/etheme_brands?post=56907"},{"taxonomy":"product_brand","embeddable":true,"href":"https:\/\/jnksport.com\/en\/wp-json\/wp\/v2\/product_brand?post=56907"},{"taxonomy":"product_cat","embeddable":true,"href":"https:\/\/jnksport.com\/en\/wp-json\/wp\/v2\/product_cat?post=56907"},{"taxonomy":"product_tag","embeddable":true,"href":"https:\/\/jnksport.com\/en\/wp-json\/wp\/v2\/product_tag?post=56907"}],"curies":[{"name":"wp","href":"https:\/\/api.w.org\/{rel}","templated":true}]}}