{"id":56967,"date":"2026-03-30T08:18:00","date_gmt":"2026-03-30T08:18:00","guid":{"rendered":"https:\/\/jnksport.com\/?post_type=product&#038;p=56967"},"modified":"2026-03-30T08:19:10","modified_gmt":"2026-03-30T08:19:10","slug":"zapatillas-asics-gel-dedicate-8-1041a414-405-hombre","status":"publish","type":"product","link":"https:\/\/jnksport.com\/en\/product\/zapatillas-asics-gel-dedicate-8-1041a414-405-hombre\/","title":{"rendered":"Zapatillas Asics Gel-Dedicate 8 1041A414-405 Hombre"},"content":{"rendered":"<div>\n<div>La zapatilla de p\u00e1del GEL-DEDICATE 8 ofrece una buena estabilidad y una sensaci\u00f3n de flexibilidad para que tu mente se centre durante el partido.<\/p>\n<p>La parte superior de esta zapatilla se ha dise\u00f1ado con revestimientos de cuero sint\u00e9tico para mejorar el soporte. Mantiene tus pies firmes al cambiar de direcci\u00f3n y hacer jugadas desafiantes.<\/p>\n<p>La unidad de sujeci\u00f3n TRUSSTIC y la suela envolvente mejoran la estabilidad y permiten que tus pies se muevan libremente. Mejora los cambios de direcci\u00f3n, sobre todo en movimientos de lado a lado.<\/p>\n<p>Refuerzos de cuero sint\u00e9tico muy resistentes en la puntera<br \/>\nLa soluci\u00f3n de tinte de la plantilla reduce el consumo de agua en un 33 % y las emisiones de carbono en un 45 %<br \/>\nTecnolog\u00eda TRUSSTIC y suela de envoltura<br \/>\nMayor estabilidad<br \/>\nTecnolog\u00eda de amortiguaci\u00f3n GEL<br \/>\nGarantiza una absorci\u00f3n de impactos excelente.<br \/>\nSuela para pista de p\u00e1del<\/p><\/div>\n<\/div>\n<ul>\n<li>Marca: Asics<\/li>\n<li>Codigo: 1041A414-405<\/li>\n<li>Modelo: Gel-Dedicate 8<\/li>\n<li>G\u00e9nero: Hombre<\/li>\n<li>Estilo: Deportivo<\/li>\n<li>Cierre: Cordones<\/li>\n<li>Material: Cuero<\/li>\n<li>Color: Azul Marino<\/li>\n<li>Material de la Suela: Caucho<\/li>\n<\/ul>","protected":false},"excerpt":{"rendered":"<p>La zapatilla de p\u00e1del GEL-DEDICATE 8 ofrece una buena estabilidad y una sensaci\u00f3n de flexibilidad para que tu mente se centre durante el partido. La&#8230;<\/p>","protected":false},"featured_media":56976,"comment_status":"open","ping_status":"closed","template":"","meta":{"om_disable_all_campaigns":false,"_monsterinsights_skip_tracking":false,"_monsterinsights_sitenote_active":false,"_monsterinsights_sitenote_note":"","_monsterinsights_sitenote_category":0,"_uf_show_specific_survey":0,"_uf_disable_surveys":false,"_joinchat":[]},"etheme_brands":[],"product_brand":[],"product_cat":[19],"product_tag":[],"class_list":{"0":"post-56967","1":"product","2":"type-product","3":"status-publish","4":"has-post-thumbnail","6":"product_cat-hombre","7":"product_shipping_class-envio-a-lima-y-provincia","9":"first","10":"instock","11":"sale","12":"featured","13":"shipping-taxable","14":"purchasable","15":"product-type-variable"},"aioseo_notices":[],"_links":{"self":[{"href":"https:\/\/jnksport.com\/en\/wp-json\/wp\/v2\/product\/56967","targetHints":{"allow":["GET"]}}],"collection":[{"href":"https:\/\/jnksport.com\/en\/wp-json\/wp\/v2\/product"}],"about":[{"href":"https:\/\/jnksport.com\/en\/wp-json\/wp\/v2\/types\/product"}],"replies":[{"embeddable":true,"href":"https:\/\/jnksport.com\/en\/wp-json\/wp\/v2\/comments?post=56967"}],"version-history":[{"count":0,"href":"https:\/\/jnksport.com\/en\/wp-json\/wp\/v2\/product\/56967\/revisions"}],"wp:featuredmedia":[{"embeddable":true,"href":"https:\/\/jnksport.com\/en\/wp-json\/wp\/v2\/media\/56976"}],"wp:attachment":[{"href":"https:\/\/jnksport.com\/en\/wp-json\/wp\/v2\/media?parent=56967"}],"wp:term":[{"taxonomy":"brand","embeddable":true,"href":"https:\/\/jnksport.com\/en\/wp-json\/wp\/v2\/etheme_brands?post=56967"},{"taxonomy":"product_brand","embeddable":true,"href":"https:\/\/jnksport.com\/en\/wp-json\/wp\/v2\/product_brand?post=56967"},{"taxonomy":"product_cat","embeddable":true,"href":"https:\/\/jnksport.com\/en\/wp-json\/wp\/v2\/product_cat?post=56967"},{"taxonomy":"product_tag","embeddable":true,"href":"https:\/\/jnksport.com\/en\/wp-json\/wp\/v2\/product_tag?post=56967"}],"curies":[{"name":"wp","href":"https:\/\/api.w.org\/{rel}","templated":true}]}}