{"id":56969,"date":"2026-03-30T08:18:00","date_gmt":"2026-03-30T08:18:00","guid":{"rendered":"https:\/\/jnksport.com\/?post_type=product&#038;p=56969"},"modified":"2026-03-30T08:20:49","modified_gmt":"2026-03-30T08:20:49","slug":"zapatillas-asics-solution-swift-ff-2-1041a467-400-hombre","status":"publish","type":"product","link":"https:\/\/jnksport.com\/en\/product\/zapatillas-asics-solution-swift-ff-2-1041a467-400-hombre\/","title":{"rendered":"Zapatillas Asics Solution Swift Ff 2 1041A467-400 Hombre"},"content":{"rendered":"<div>\n<div>La zapatilla SOLUTION SWIFT FF 2 CLAY se ha dise\u00f1ado para jugadores que juegan sobre todo tipo de pistas y cubren la red y la l\u00ednea de fondo. Cuenta con un dise\u00f1o de suela flexible que es muy pr\u00e1ctico para los movimientos multidireccionales. \u200b<\/p>\n<p>La mediasuela de esta zapatilla incluye amortiguaci\u00f3n FLYTEFOAM. Se trata de una espuma ligera y resistente que aumenta la amortiguaci\u00f3n. \u200b<\/p>\n<p>La sujeci\u00f3n TRUSSTIC de resina del mediopi\u00e9 permite hacer cortes r\u00e1pidos y seguros en la pista. \u200b<\/p>\n<p>La suela refleja el dise\u00f1o de la suela de la zapatilla SOLUTION SPEED FF. Formada por un patr\u00f3n de surcos verticales que mejora la tracci\u00f3n en la pista.<\/p><\/div>\n<\/div>\n<ul>\n<li>Marca: Asics<\/li>\n<li>Codigo: 1041A467-400<\/li>\n<li>Modelo: Solution Swift Ff 2<\/li>\n<li>G\u00e9nero: Hombre<\/li>\n<li>Estilo: Deportivo<\/li>\n<li>Cierre: Cordones<\/li>\n<li>Material: Cuero<\/li>\n<li>Color: Turquesa<\/li>\n<li>Material de la Suela: Caucho<\/li>\n<\/ul>","protected":false},"excerpt":{"rendered":"<p>La zapatilla SOLUTION SWIFT FF 2 CLAY se ha dise\u00f1ado para jugadores que juegan sobre todo tipo de pistas y cubren la red y la&#8230;<\/p>","protected":false},"featured_media":56994,"comment_status":"open","ping_status":"closed","template":"","meta":{"om_disable_all_campaigns":false,"_monsterinsights_skip_tracking":false,"_monsterinsights_sitenote_active":false,"_monsterinsights_sitenote_note":"","_monsterinsights_sitenote_category":0,"_uf_show_specific_survey":0,"_uf_disable_surveys":false,"_joinchat":[]},"etheme_brands":[],"product_brand":[],"product_cat":[19],"product_tag":[],"class_list":{"0":"post-56969","1":"product","2":"type-product","3":"status-publish","4":"has-post-thumbnail","6":"product_cat-hombre","7":"product_shipping_class-envio-a-lima-y-provincia","9":"first","10":"instock","11":"sale","12":"featured","13":"shipping-taxable","14":"purchasable","15":"product-type-variable"},"aioseo_notices":[],"_links":{"self":[{"href":"https:\/\/jnksport.com\/en\/wp-json\/wp\/v2\/product\/56969","targetHints":{"allow":["GET"]}}],"collection":[{"href":"https:\/\/jnksport.com\/en\/wp-json\/wp\/v2\/product"}],"about":[{"href":"https:\/\/jnksport.com\/en\/wp-json\/wp\/v2\/types\/product"}],"replies":[{"embeddable":true,"href":"https:\/\/jnksport.com\/en\/wp-json\/wp\/v2\/comments?post=56969"}],"version-history":[{"count":0,"href":"https:\/\/jnksport.com\/en\/wp-json\/wp\/v2\/product\/56969\/revisions"}],"wp:featuredmedia":[{"embeddable":true,"href":"https:\/\/jnksport.com\/en\/wp-json\/wp\/v2\/media\/56994"}],"wp:attachment":[{"href":"https:\/\/jnksport.com\/en\/wp-json\/wp\/v2\/media?parent=56969"}],"wp:term":[{"taxonomy":"brand","embeddable":true,"href":"https:\/\/jnksport.com\/en\/wp-json\/wp\/v2\/etheme_brands?post=56969"},{"taxonomy":"product_brand","embeddable":true,"href":"https:\/\/jnksport.com\/en\/wp-json\/wp\/v2\/product_brand?post=56969"},{"taxonomy":"product_cat","embeddable":true,"href":"https:\/\/jnksport.com\/en\/wp-json\/wp\/v2\/product_cat?post=56969"},{"taxonomy":"product_tag","embeddable":true,"href":"https:\/\/jnksport.com\/en\/wp-json\/wp\/v2\/product_tag?post=56969"}],"curies":[{"name":"wp","href":"https:\/\/api.w.org\/{rel}","templated":true}]}}