{"id":56971,"date":"2026-03-30T08:18:00","date_gmt":"2026-03-30T08:18:00","guid":{"rendered":"https:\/\/jnksport.com\/?post_type=product&#038;p=56971"},"modified":"2026-03-30T08:21:26","modified_gmt":"2026-03-30T08:21:26","slug":"zapatillas-asics-gel-task-4-1071a103-100-hombre","status":"publish","type":"product","link":"https:\/\/jnksport.com\/en\/product\/zapatillas-asics-gel-task-4-1071a103-100-hombre\/","title":{"rendered":"Zapatillas Asics Gel-Task 4 1071A103-100 Hombre"},"content":{"rendered":"<div>\n<div>La zapatilla para cancha cubierta GEL-TASK 4 presenta un dise\u00f1o vers\u00e1til que proporciona excelente soporte, flexibilidad y amortiguaci\u00f3n. Con una construcci\u00f3n envolvente en el antepi\u00e9, esta zapatilla ofrece un soporte estable al realizar movimientos multidireccionales. Adem\u00e1s, est\u00e1 fabricada con cuero sint\u00e9tico duradero y paneles de malla para mantener los pies frescos. Adem\u00e1s, la tecnolog\u00eda GEL en el antepi\u00e9 aten\u00faa los impactos fuertes que pueden producirse al saltar o frenar bruscamente.<\/p>\n<p>Parte superior flexible<br \/>\nLa construcci\u00f3n envolvente mejora la estabilidad.<br \/>\nRefuerzo de puntera de cuero sint\u00e9tico<br \/>\nLa tecnolog\u00eda GEL en el antepi\u00e9 proporciona una buena absorci\u00f3n de impactos y una sensaci\u00f3n m\u00e1s suave al pisar.<br \/>\nLa plantilla se produce con el proceso de te\u00f1ido en soluci\u00f3n que reduce el uso de agua en aproximadamente un 33% y las emisiones de carbono en aproximadamente un 45% en comparaci\u00f3n con la tecnolog\u00eda de te\u00f1ido convencional.<\/p><\/div>\n<\/div>\n<ul>\n<li>Marca: Asics<\/li>\n<li>Codigo: 1071A103-100<\/li>\n<li>Modelo: Gel-Task 4<\/li>\n<li>G\u00e9nero: Hombre<\/li>\n<li>Estilo: Deportivo<\/li>\n<li>Cierre: Cordones<\/li>\n<li>Material: Cuero<\/li>\n<li>Color: Blanco<\/li>\n<li>Material de la Suela: Caucho<\/li>\n<\/ul>","protected":false},"excerpt":{"rendered":"<p>La zapatilla para cancha cubierta GEL-TASK 4 presenta un dise\u00f1o vers\u00e1til que proporciona excelente soporte, flexibilidad y amortiguaci\u00f3n. Con una construcci\u00f3n envolvente en el antepi\u00e9,&#8230;<\/p>","protected":false},"featured_media":57011,"comment_status":"open","ping_status":"closed","template":"","meta":{"om_disable_all_campaigns":false,"_monsterinsights_skip_tracking":false,"_monsterinsights_sitenote_active":false,"_monsterinsights_sitenote_note":"","_monsterinsights_sitenote_category":0,"_uf_show_specific_survey":0,"_uf_disable_surveys":false,"_joinchat":[]},"etheme_brands":[],"product_brand":[],"product_cat":[19],"product_tag":[],"class_list":{"0":"post-56971","1":"product","2":"type-product","3":"status-publish","4":"has-post-thumbnail","6":"product_cat-hombre","7":"product_shipping_class-envio-a-lima-y-provincia","9":"first","10":"instock","11":"sale","12":"featured","13":"shipping-taxable","14":"purchasable","15":"product-type-variable"},"aioseo_notices":[],"_links":{"self":[{"href":"https:\/\/jnksport.com\/en\/wp-json\/wp\/v2\/product\/56971","targetHints":{"allow":["GET"]}}],"collection":[{"href":"https:\/\/jnksport.com\/en\/wp-json\/wp\/v2\/product"}],"about":[{"href":"https:\/\/jnksport.com\/en\/wp-json\/wp\/v2\/types\/product"}],"replies":[{"embeddable":true,"href":"https:\/\/jnksport.com\/en\/wp-json\/wp\/v2\/comments?post=56971"}],"version-history":[{"count":0,"href":"https:\/\/jnksport.com\/en\/wp-json\/wp\/v2\/product\/56971\/revisions"}],"wp:featuredmedia":[{"embeddable":true,"href":"https:\/\/jnksport.com\/en\/wp-json\/wp\/v2\/media\/57011"}],"wp:attachment":[{"href":"https:\/\/jnksport.com\/en\/wp-json\/wp\/v2\/media?parent=56971"}],"wp:term":[{"taxonomy":"brand","embeddable":true,"href":"https:\/\/jnksport.com\/en\/wp-json\/wp\/v2\/etheme_brands?post=56971"},{"taxonomy":"product_brand","embeddable":true,"href":"https:\/\/jnksport.com\/en\/wp-json\/wp\/v2\/product_brand?post=56971"},{"taxonomy":"product_cat","embeddable":true,"href":"https:\/\/jnksport.com\/en\/wp-json\/wp\/v2\/product_cat?post=56971"},{"taxonomy":"product_tag","embeddable":true,"href":"https:\/\/jnksport.com\/en\/wp-json\/wp\/v2\/product_tag?post=56971"}],"curies":[{"name":"wp","href":"https:\/\/api.w.org\/{rel}","templated":true}]}}