{"id":56973,"date":"2026-03-30T08:18:00","date_gmt":"2026-03-30T08:18:00","guid":{"rendered":"https:\/\/jnksport.com\/?post_type=product&#038;p=56973"},"modified":"2026-04-24T22:36:09","modified_gmt":"2026-04-24T22:36:09","slug":"zapatillas-nike-vomero-17-fb8502-001-mujer","status":"publish","type":"product","link":"https:\/\/jnksport.com\/en\/product\/zapatillas-nike-vomero-17-fb8502-001-mujer\/","title":{"rendered":"Zapatillas Nike Vomero 17 FB8502-001 Mujer"},"content":{"rendered":"<div>\n<div>El Vomero 17 es como un paseo el\u00e1stico y suave para energizar cada kil\u00f3metro, el cual te lleva a tu lugar feliz de running. Su espuma apilada proporciona una capacidad de respuesta superior para ayudarte a mejorar cuando est\u00e9s listo para esa velocidad adicional. Y con mejoras en todos los \u00e1mbitos que ofrecen un nuevo nivel de comodidad ligera y transpirabilidad, el estilo y la sensaci\u00f3n de felpa de este zapato te ayudan a verte bien y sentirte segura en cada zancada.<\/p>\n<p>Amortiguaci\u00f3n: superalta<\/p>\n<p>Cuanta m\u00e1s amortiguaci\u00f3n tengas en la planta del pie, m\u00e1s suave y c\u00f3moda puede ser tu experiencia de running. La amortiguaci\u00f3n suaviza el impacto cuando los pies llegan al suelo. Repleto de nuestras espumas premium ZoomX y Cushlon, el Vomero 17 ofrece comodidad bajo los pies para una zancada equilibrada y suave. Con base en los comentarios de los runners, tambi\u00e9n quitamos la unidad Zoom Air en el antepi\u00e9 de la versi\u00f3n anterior para simplificar la entresuela y tener m\u00e1s suavidad.<\/p>\n<p>Responsividad: superalta<\/p>\n<p>Cuanto m\u00e1s responsivo sea el calzado, m\u00e1s retorno de energ\u00eda obtendr\u00e1s con cada paso. Ya sea que quieras correr un poco m\u00e1s r\u00e1pido o con un poco menos de esfuerzo, un calzado responsivo te brinda m\u00e1s elasticidad en tu pisada para que aproveches al m\u00e1ximo tu carrera. En el Vomero 17, nuestro calzado con el mejor resorte, el pie descansa sobre una pila de ZoomX, la espuma m\u00e1s ligera y con mayor retorno de energ\u00eda de Nike Running, en la parte superior y espuma suave en la parte inferior para tener una pisada energizada, pero suave.<\/p>\n<p>Soporte: neutro<\/p>\n<p>Cuanto m\u00e1s soporte ofrece el calzado, m\u00e1s estabilidad puede darle a tu pisada natural. La combinaci\u00f3n de soporte optimizado y amortiguaci\u00f3n colocada intencionalmente te ayuda a sentir seguridad en cada paso. El Vomero 17 tiene un soporte neutro. Te brinda equilibrio, ya sea que pises con el tal\u00f3n o con el antepi\u00e9. Tambi\u00e9n es bueno para carreras largas y cortas, ofrece una transici\u00f3n suave del tal\u00f3n a la punta que complementa la pisada natural.<\/p>\n<p>Ajuste y sensaci\u00f3n<\/p>\n<p>Este calzado se enorgullece en tener comodidad premium que te pone en control de crucero para distancias largas o cortas. La malla dise\u00f1ada estrat\u00e9gicamente le da m\u00e1s ligereza y transpirabilidad a la parte superior en comparaci\u00f3n con los Vomero anteriores. La plantilla suave ofrece comodidad al pon\u00e9rtelo y el cuello es c\u00f3modo en el tal\u00f3n al momento de correr. La leng\u00fceta acolchada y las agujetas suaves y el\u00e1sticas completan una experiencia general ultrac\u00f3moda.<\/p>\n<p>\u00bfQu\u00e9 novedades tiene el Vomero 17?<\/p>\n<p>Simplificamos la estructura del 17 al quitar la unidad Zoom Air del antepi\u00e9 y apilar espuma ZoomX Foam premium en la parte superior de la entresuela para amplificar la comodidad acolchada. El resultado es una pisada m\u00e1s suave y responsiva.<\/p>\n<p>M\u00e1s beneficios<\/p>\n<p>La goma de alta resistencia al desgaste con resaltes en la suela ofrece tracci\u00f3n duradera.<br \/>\nLa suela flexible mejora la transici\u00f3n del tal\u00f3n a la punta.<\/p>\n<p>Datos del producto<\/p>\n<p>Peso: 243 g (talla 8 para mujer)<br \/>\nCa\u00edda del tal\u00f3n a la punta: 10 mm<br \/>\nEste producto no est\u00e1 dise\u00f1ado para usarse como equipo de protecci\u00f3n personal (EPP)<\/p><\/div>\n<\/div>\n<ul>\n<li>Marca: Nike<\/li>\n<li>Codigo: FB8502-001<\/li>\n<li>Modelo: Vomero 17<\/li>\n<li>G\u00e9nero: Mujer<\/li>\n<li>Estilo: Deportivo<\/li>\n<li>Cierre: Cordones<\/li>\n<li>Material: Textil<\/li>\n<li>Color: Negro<\/li>\n<li>Material de la Suela: Goma<\/li>\n<\/ul>","protected":false},"excerpt":{"rendered":"<p>El Vomero 17 es como un paseo el\u00e1stico y suave para energizar cada kil\u00f3metro, el cual te lleva a tu lugar feliz de running. Su&#8230;<\/p>","protected":false},"featured_media":59365,"comment_status":"open","ping_status":"closed","template":"","meta":{"om_disable_all_campaigns":false,"_monsterinsights_skip_tracking":false,"_monsterinsights_sitenote_active":false,"_monsterinsights_sitenote_note":"","_monsterinsights_sitenote_category":0,"_uf_show_specific_survey":0,"_uf_disable_surveys":false,"_joinchat":[]},"etheme_brands":[],"product_brand":[],"product_cat":[18],"product_tag":[],"class_list":{"0":"post-56973","1":"product","2":"type-product","3":"status-publish","4":"has-post-thumbnail","6":"product_cat-mujer","7":"product_shipping_class-envio-a-lima-y-provincia","9":"first","10":"instock","11":"sale","12":"featured","13":"shipping-taxable","14":"purchasable","15":"product-type-variable"},"aioseo_notices":[],"_links":{"self":[{"href":"https:\/\/jnksport.com\/en\/wp-json\/wp\/v2\/product\/56973","targetHints":{"allow":["GET"]}}],"collection":[{"href":"https:\/\/jnksport.com\/en\/wp-json\/wp\/v2\/product"}],"about":[{"href":"https:\/\/jnksport.com\/en\/wp-json\/wp\/v2\/types\/product"}],"replies":[{"embeddable":true,"href":"https:\/\/jnksport.com\/en\/wp-json\/wp\/v2\/comments?post=56973"}],"version-history":[{"count":2,"href":"https:\/\/jnksport.com\/en\/wp-json\/wp\/v2\/product\/56973\/revisions"}],"predecessor-version":[{"id":59366,"href":"https:\/\/jnksport.com\/en\/wp-json\/wp\/v2\/product\/56973\/revisions\/59366"}],"wp:featuredmedia":[{"embeddable":true,"href":"https:\/\/jnksport.com\/en\/wp-json\/wp\/v2\/media\/59365"}],"wp:attachment":[{"href":"https:\/\/jnksport.com\/en\/wp-json\/wp\/v2\/media?parent=56973"}],"wp:term":[{"taxonomy":"brand","embeddable":true,"href":"https:\/\/jnksport.com\/en\/wp-json\/wp\/v2\/etheme_brands?post=56973"},{"taxonomy":"product_brand","embeddable":true,"href":"https:\/\/jnksport.com\/en\/wp-json\/wp\/v2\/product_brand?post=56973"},{"taxonomy":"product_cat","embeddable":true,"href":"https:\/\/jnksport.com\/en\/wp-json\/wp\/v2\/product_cat?post=56973"},{"taxonomy":"product_tag","embeddable":true,"href":"https:\/\/jnksport.com\/en\/wp-json\/wp\/v2\/product_tag?post=56973"}],"curies":[{"name":"wp","href":"https:\/\/api.w.org\/{rel}","templated":true}]}}