{"id":57117,"date":"2026-03-30T19:05:42","date_gmt":"2026-03-30T19:05:42","guid":{"rendered":"https:\/\/jnksport.com\/?post_type=product&#038;p=57117"},"modified":"2026-04-11T17:04:09","modified_gmt":"2026-04-11T17:04:09","slug":"zapatillas-joma-top-flex-rebound-torw2529tf-hombre","status":"publish","type":"product","link":"https:\/\/jnksport.com\/en\/product\/zapatillas-joma-top-flex-rebound-torw2529tf-hombre\/","title":{"rendered":"Zapatillas Joma Top Flex Rebound TORW2529TF Hombre"},"content":{"rendered":"<div>\n<div>Botas de f\u00fatbol con suela turf, dise\u00f1adas para campos sint\u00e9ticos. Inspiradas en el ic\u00f3nico modelo de f\u00fatbol sala que ha marcado m\u00e1s de tres d\u00e9cadas en la historia de Joma, esta versi\u00f3n Rebound renueva su legado para adaptarse al juego sobre c\u00e9sped artificial. Un cl\u00e1sico que destaca por su equilibrio entre calidad, tecnolog\u00eda y confort, ofreciendo flexibilidad, amortiguaci\u00f3n y una respuesta superior en cada movimiento.<\/p>\n<p>El upper de piel natural asegura una combinaci\u00f3n \u00f3ptima de resistencia, suavidad y ventilaci\u00f3n, proporcionando una sensaci\u00f3n precisa al contacto con el bal\u00f3n. Su sistema VTS favorece la transpirabilidad interna, manteniendo los pies secos y c\u00f3modos durante el partido.<\/p>\n<p>Para mayor durabilidad, incorpora un refuerzo PROTECTION en la puntera, que protege y prolonga la vida \u00fatil en zonas de desgaste.<\/p>\n<p>La mediasuela fusiona dos tecnolog\u00edas clave: REACTIVE BALL, que absorbe impactos y devuelve energ\u00eda en cada paso, y phylon de alta densidad, que garantiza estabilidad y confort durante el juego.<\/p>\n<p>La suela de caucho DURABILITY ofrece una excelente tracci\u00f3n y resistencia a la abrasi\u00f3n, ideal para canchas sint\u00e9ticas. Su dise\u00f1o no deja marcas y asegura un agarre firme con cada apoyo.<\/p><\/div>\n<\/div>\n<ul>\n<li>Marca: Joma<\/li>\n<li>Codigo: TORW2529TF<\/li>\n<li>Modelo: Top Flex Rebound<\/li>\n<li>G\u00e9nero: Hombre<\/li>\n<li>Estilo: Deportivo<\/li>\n<li>Cierre: Cordones<\/li>\n<li>Material: Cuero<\/li>\n<li>Color: Rosado<\/li>\n<li>Material de la Suela: Caucho<\/li>\n<\/ul>","protected":false},"excerpt":{"rendered":"<p>Botas de f\u00fatbol con suela turf, dise\u00f1adas para campos sint\u00e9ticos. Inspiradas en el ic\u00f3nico modelo de f\u00fatbol sala que ha marcado m\u00e1s de tres d\u00e9cadas&#8230;<\/p>","protected":false},"featured_media":57150,"comment_status":"open","ping_status":"closed","template":"","meta":{"om_disable_all_campaigns":false,"_monsterinsights_skip_tracking":false,"_monsterinsights_sitenote_active":false,"_monsterinsights_sitenote_note":"","_monsterinsights_sitenote_category":0,"_uf_show_specific_survey":0,"_uf_disable_surveys":false,"_joinchat":[]},"etheme_brands":[],"product_brand":[],"product_cat":[19],"product_tag":[],"class_list":{"0":"post-57117","1":"product","2":"type-product","3":"status-publish","4":"has-post-thumbnail","6":"product_cat-hombre","7":"product_shipping_class-envio-a-lima-y-provincia","9":"first","10":"instock","11":"sale","12":"featured","13":"shipping-taxable","14":"purchasable","15":"product-type-variable"},"aioseo_notices":[],"_links":{"self":[{"href":"https:\/\/jnksport.com\/en\/wp-json\/wp\/v2\/product\/57117","targetHints":{"allow":["GET"]}}],"collection":[{"href":"https:\/\/jnksport.com\/en\/wp-json\/wp\/v2\/product"}],"about":[{"href":"https:\/\/jnksport.com\/en\/wp-json\/wp\/v2\/types\/product"}],"replies":[{"embeddable":true,"href":"https:\/\/jnksport.com\/en\/wp-json\/wp\/v2\/comments?post=57117"}],"version-history":[{"count":0,"href":"https:\/\/jnksport.com\/en\/wp-json\/wp\/v2\/product\/57117\/revisions"}],"wp:featuredmedia":[{"embeddable":true,"href":"https:\/\/jnksport.com\/en\/wp-json\/wp\/v2\/media\/57150"}],"wp:attachment":[{"href":"https:\/\/jnksport.com\/en\/wp-json\/wp\/v2\/media?parent=57117"}],"wp:term":[{"taxonomy":"brand","embeddable":true,"href":"https:\/\/jnksport.com\/en\/wp-json\/wp\/v2\/etheme_brands?post=57117"},{"taxonomy":"product_brand","embeddable":true,"href":"https:\/\/jnksport.com\/en\/wp-json\/wp\/v2\/product_brand?post=57117"},{"taxonomy":"product_cat","embeddable":true,"href":"https:\/\/jnksport.com\/en\/wp-json\/wp\/v2\/product_cat?post=57117"},{"taxonomy":"product_tag","embeddable":true,"href":"https:\/\/jnksport.com\/en\/wp-json\/wp\/v2\/product_tag?post=57117"}],"curies":[{"name":"wp","href":"https:\/\/api.w.org\/{rel}","templated":true}]}}