{"id":57424,"date":"2026-04-01T00:56:33","date_gmt":"2026-04-01T00:56:33","guid":{"rendered":"https:\/\/jnksport.com\/?post_type=product&#038;p=57424"},"modified":"2026-04-29T22:32:23","modified_gmt":"2026-04-29T22:32:23","slug":"zapatillas-reebok-glide-low-100208666-mujer","status":"publish","type":"product","link":"https:\/\/jnksport.com\/en\/product\/zapatillas-reebok-glide-low-100208666-mujer\/","title":{"rendered":"Zapatillas Reebok Glide Low 100208666 Mujer"},"content":{"rendered":"<div>\n<div>Zapatillas de perfil bajo inspirados en el estilo retro del running.<\/p>\n<p>El ADN del running de Reebok suena real en Estas Zapatillas Glide Low para mujer. Obtendr\u00e1s textura durante d\u00edas con una mezcla de nailon, gamuza y cuero sint\u00e9tico en la parte superior. Termina tu ajetreado d\u00eda con total comodidad y estilo.<\/p>\n<p>Peso: aprox. 290 g. (talla 7 US Mujer)<br \/>\nMateriales: Suela: 100% Suela-Rub<br \/>\nDise\u00f1ado para: ropa de estilo de vida<br \/>\nAncho: Est\u00e1ndar<br \/>\nCierre: con cordones<br \/>\nMaterial superior: capas de nailon con superposiciones de gamuza y cuero sint\u00e9tico<br \/>\nMaterial de forro: textil<br \/>\nMaterial de suela: caucho<\/p><\/div>\n<\/div>\n<ul>\n<li>Marca: Reebok<\/li>\n<li>Codigo: 100208666<\/li>\n<li>Modelo: Glide Low<\/li>\n<li>G\u00e9nero: Mujer<\/li>\n<li>Estilo: Urbano<\/li>\n<li>Cierre: Cordones<\/li>\n<li>Material: Cuero<\/li>\n<li>Color: Blanco<\/li>\n<li>Material de la Suela: Caucho<\/li>\n<\/ul>","protected":false},"excerpt":{"rendered":"<p>Zapatillas de perfil bajo inspirados en el estilo retro del running. El ADN del running de Reebok suena real en Estas Zapatillas Glide Low para&#8230;<\/p>","protected":false},"featured_media":57436,"comment_status":"open","ping_status":"closed","template":"","meta":{"om_disable_all_campaigns":false,"_monsterinsights_skip_tracking":false,"_monsterinsights_sitenote_active":false,"_monsterinsights_sitenote_note":"","_monsterinsights_sitenote_category":0,"_uf_show_specific_survey":0,"_uf_disable_surveys":false,"_joinchat":[]},"etheme_brands":[],"product_brand":[],"product_cat":[18],"product_tag":[],"class_list":{"0":"post-57424","1":"product","2":"type-product","3":"status-publish","4":"has-post-thumbnail","6":"product_cat-mujer","7":"product_shipping_class-envio-a-lima-y-provincia","9":"first","10":"instock","11":"sale","12":"featured","13":"shipping-taxable","14":"purchasable","15":"product-type-variable"},"aioseo_notices":[],"_links":{"self":[{"href":"https:\/\/jnksport.com\/en\/wp-json\/wp\/v2\/product\/57424","targetHints":{"allow":["GET"]}}],"collection":[{"href":"https:\/\/jnksport.com\/en\/wp-json\/wp\/v2\/product"}],"about":[{"href":"https:\/\/jnksport.com\/en\/wp-json\/wp\/v2\/types\/product"}],"replies":[{"embeddable":true,"href":"https:\/\/jnksport.com\/en\/wp-json\/wp\/v2\/comments?post=57424"}],"version-history":[{"count":0,"href":"https:\/\/jnksport.com\/en\/wp-json\/wp\/v2\/product\/57424\/revisions"}],"wp:featuredmedia":[{"embeddable":true,"href":"https:\/\/jnksport.com\/en\/wp-json\/wp\/v2\/media\/57436"}],"wp:attachment":[{"href":"https:\/\/jnksport.com\/en\/wp-json\/wp\/v2\/media?parent=57424"}],"wp:term":[{"taxonomy":"brand","embeddable":true,"href":"https:\/\/jnksport.com\/en\/wp-json\/wp\/v2\/etheme_brands?post=57424"},{"taxonomy":"product_brand","embeddable":true,"href":"https:\/\/jnksport.com\/en\/wp-json\/wp\/v2\/product_brand?post=57424"},{"taxonomy":"product_cat","embeddable":true,"href":"https:\/\/jnksport.com\/en\/wp-json\/wp\/v2\/product_cat?post=57424"},{"taxonomy":"product_tag","embeddable":true,"href":"https:\/\/jnksport.com\/en\/wp-json\/wp\/v2\/product_tag?post=57424"}],"curies":[{"name":"wp","href":"https:\/\/api.w.org\/{rel}","templated":true}]}}