{"id":57425,"date":"2026-04-01T00:56:33","date_gmt":"2026-04-01T00:56:33","guid":{"rendered":"https:\/\/jnksport.com\/?post_type=product&#038;p=57425"},"modified":"2026-04-29T22:32:23","modified_gmt":"2026-04-29T22:32:23","slug":"zapatillas-asics-trail-scout-3-1012b516-404-mujer","status":"publish","type":"product","link":"https:\/\/jnksport.com\/en\/product\/zapatillas-asics-trail-scout-3-1012b516-404-mujer\/","title":{"rendered":"Zapatillas Asics Trail Scout 3 1012B516-404 Mujer"},"content":{"rendered":"<div>\n<div>Una zapatilla ligera y c\u00f3moda para tus carreras y aventuras todoterreno.<\/p>\n<p>La zapatilla TRAIL SCOUT\u2122 3 ofrece soporte y tracci\u00f3n durante tus carreras todoterreno. Ofrece una excelente comodidad bajo los pies, para que tu mente experimente la sensaci\u00f3n liberadora de disfrutar de la naturaleza.<\/p>\n<p>Actualizamos la entresuela del calzado JOLT\u2122 4. Esta modificaci\u00f3n permite que el calzado brinde una sensaci\u00f3n de ligereza, comodidad y soporte.<\/p>\n<p>Para mejorar la durabilidad, reforzamos este calzado con capas cosidas y una suela de goma moldeada para prolongar la vida \u00fatil general del calzado.<\/p>\n<p>Contrafuerte interno del tal\u00f3n<br \/>\nMejora el soporte<br \/>\nAl menos el 50% del material superior principal del calzado est\u00e1 fabricado con contenido reciclado para reducir los desechos y las emisiones de carbono.<br \/>\nEl proceso de te\u00f1ido sostenible de la plantilla ayuda a reducir el consumo total de agua en aproximadamente un 33 % y las emisiones de carbono en aproximadamente un 45 %.<br \/>\nEspuma amortiguadora de entresuela de EVA inyectada<br \/>\nCrea una sensaci\u00f3n m\u00e1s suave al pisar.<br \/>\nSuperposiciones cosidas<br \/>\nAyuda a mejorar la durabilidad<br \/>\nPatr\u00f3n de suela redise\u00f1ado<br \/>\nMejora la durabilidad y ayuda a proporcionar un excelente agarre en superficies todoterreno.<br \/>\nApto para veganos: En este producto, no se han utilizado materiales de origen animal durante las etapas de dise\u00f1o y selecci\u00f3n, incluyendo hilos, pegamentos y otros adhesivos. *Este producto no cuenta con certificaci\u00f3n vegana de ning\u00fan organismo independiente.<\/p><\/div>\n<\/div>\n<ul>\n<li>Marca: Asics<\/li>\n<li>Codigo: 1012B516-404<\/li>\n<li>Modelo: Trail Scout 3<\/li>\n<li>G\u00e9nero: Mujer<\/li>\n<li>Estilo: Deportivo<\/li>\n<li>Cierre: Cordones<\/li>\n<li>Material: Textil<\/li>\n<li>Color: Negro<\/li>\n<li>Material de la Suela: Goma<\/li>\n<\/ul>","protected":false},"excerpt":{"rendered":"<p>Una zapatilla ligera y c\u00f3moda para tus carreras y aventuras todoterreno. La zapatilla TRAIL SCOUT\u2122 3 ofrece soporte y tracci\u00f3n durante tus carreras todoterreno. Ofrece&#8230;<\/p>","protected":false},"featured_media":57445,"comment_status":"open","ping_status":"closed","template":"","meta":{"om_disable_all_campaigns":false,"_monsterinsights_skip_tracking":false,"_monsterinsights_sitenote_active":false,"_monsterinsights_sitenote_note":"","_monsterinsights_sitenote_category":0,"_uf_show_specific_survey":0,"_uf_disable_surveys":false,"_joinchat":[]},"etheme_brands":[],"product_brand":[],"product_cat":[18],"product_tag":[],"class_list":{"0":"post-57425","1":"product","2":"type-product","3":"status-publish","4":"has-post-thumbnail","6":"product_cat-mujer","7":"product_shipping_class-envio-a-lima-y-provincia","9":"first","10":"instock","11":"sale","12":"featured","13":"shipping-taxable","14":"purchasable","15":"product-type-variable"},"aioseo_notices":[],"_links":{"self":[{"href":"https:\/\/jnksport.com\/en\/wp-json\/wp\/v2\/product\/57425","targetHints":{"allow":["GET"]}}],"collection":[{"href":"https:\/\/jnksport.com\/en\/wp-json\/wp\/v2\/product"}],"about":[{"href":"https:\/\/jnksport.com\/en\/wp-json\/wp\/v2\/types\/product"}],"replies":[{"embeddable":true,"href":"https:\/\/jnksport.com\/en\/wp-json\/wp\/v2\/comments?post=57425"}],"version-history":[{"count":0,"href":"https:\/\/jnksport.com\/en\/wp-json\/wp\/v2\/product\/57425\/revisions"}],"wp:featuredmedia":[{"embeddable":true,"href":"https:\/\/jnksport.com\/en\/wp-json\/wp\/v2\/media\/57445"}],"wp:attachment":[{"href":"https:\/\/jnksport.com\/en\/wp-json\/wp\/v2\/media?parent=57425"}],"wp:term":[{"taxonomy":"brand","embeddable":true,"href":"https:\/\/jnksport.com\/en\/wp-json\/wp\/v2\/etheme_brands?post=57425"},{"taxonomy":"product_brand","embeddable":true,"href":"https:\/\/jnksport.com\/en\/wp-json\/wp\/v2\/product_brand?post=57425"},{"taxonomy":"product_cat","embeddable":true,"href":"https:\/\/jnksport.com\/en\/wp-json\/wp\/v2\/product_cat?post=57425"},{"taxonomy":"product_tag","embeddable":true,"href":"https:\/\/jnksport.com\/en\/wp-json\/wp\/v2\/product_tag?post=57425"}],"curies":[{"name":"wp","href":"https:\/\/api.w.org\/{rel}","templated":true}]}}