{"id":57426,"date":"2026-04-01T00:56:33","date_gmt":"2026-04-01T00:56:33","guid":{"rendered":"https:\/\/jnksport.com\/?post_type=product&#038;p=57426"},"modified":"2026-04-11T17:04:18","modified_gmt":"2026-04-11T17:04:18","slug":"zapatillas-asics-gel-challenger-15-clay-1042a293-300-mujer","status":"publish","type":"product","link":"https:\/\/jnksport.com\/en\/product\/zapatillas-asics-gel-challenger-15-clay-1042a293-300-mujer\/","title":{"rendered":"Zapatillas Asics Gel-Challenger 15 Clay 1042A293-300 Mujer"},"content":{"rendered":"<div>\n<div>La zapatilla de tenis GEL-CHALLENGER\u00ae 15 CLAY es uno de nuestros zapatos de estabilidad m\u00e1s c\u00f3modos.<\/p>\n<p>La parte superior suave pero con soporte del zapato tambi\u00e9n se combina con un cuello m\u00e1s grueso para ayudar a crear una envoltura m\u00e1s c\u00f3moda alrededor del pie.<\/p>\n<p>La tecnolog\u00eda WINGWALL\u2122 se encuentra en la pared lateral para mejorar la estabilidad durante los movimientos laterales. Esta caracter\u00edstica ofrece un buen soporte, lo que permite un mayor ritmo al golpear la bola.<\/p>\n<p>La suela exterior completa y el dise\u00f1o de ranuras separadas crean una mayor superficie de contacto. Esto permite pisadas m\u00e1s suaves para una mayor comodidad general.<\/p>\n<p>Tecnolog\u00eda PGuard\u00ae<br \/>\nMejora la durabilidad<br \/>\nPlantilla OrthoLite\u2122<br \/>\nPlantilla que proporciona rendimiento de amortiguaci\u00f3n y control de la humedad para un ambiente m\u00e1s fresco y seco.<br \/>\nTecnolog\u00eda WINGWALL\u2122<br \/>\nMejora la estabilidad<br \/>\nSuela AHARPLUS\u2122<br \/>\nLa goma de alta resistencia a la abrasi\u00f3n de ASICS ubicada en el \u00e1rea del tal\u00f3n es aproximadamente tres veces m\u00e1s duradera que las gomas de suela est\u00e1ndar.<br \/>\nTecnolog\u00eda GEL\u00ae en el retropi\u00e9<br \/>\nMaterial amortiguador colocado en la entresuela del zapato para amortiguar y absorber los impactos.<br \/>\nLa plantilla se produce con el proceso de te\u00f1ido en soluci\u00f3n que reduce el uso de agua en aproximadamente un 33% y las emisiones de carbono en aproximadamente un 45% en comparaci\u00f3n con la tecnolog\u00eda de te\u00f1ido convencional.<br \/>\nSuela para cancha de arcilla<\/p><\/div>\n<\/div>\n<ul>\n<li>Marca: Asics<\/li>\n<li>Codigo: 1042A293-300<\/li>\n<li>Modelo: Gel-Challenger 15 Clay<\/li>\n<li>G\u00e9nero: Mujer<\/li>\n<li>Estilo: Deportivo<\/li>\n<li>Cierre: Cordones<\/li>\n<li>Material: Cuero<\/li>\n<li>Color: Verde<\/li>\n<li>Material de la Suela: Goma<\/li>\n<\/ul>","protected":false},"excerpt":{"rendered":"<p>La zapatilla de tenis GEL-CHALLENGER\u00ae 15 CLAY es uno de nuestros zapatos de estabilidad m\u00e1s c\u00f3modos. La parte superior suave pero con soporte del zapato&#8230;<\/p>","protected":false},"featured_media":57454,"comment_status":"open","ping_status":"closed","template":"","meta":{"om_disable_all_campaigns":false,"_monsterinsights_skip_tracking":false,"_monsterinsights_sitenote_active":false,"_monsterinsights_sitenote_note":"","_monsterinsights_sitenote_category":0,"_uf_show_specific_survey":0,"_uf_disable_surveys":false,"_joinchat":[]},"etheme_brands":[],"product_brand":[],"product_cat":[18],"product_tag":[],"class_list":{"0":"post-57426","1":"product","2":"type-product","3":"status-publish","4":"has-post-thumbnail","6":"product_cat-mujer","7":"product_shipping_class-envio-a-lima-y-provincia","9":"first","10":"instock","11":"sale","12":"featured","13":"shipping-taxable","14":"purchasable","15":"product-type-variable"},"aioseo_notices":[],"_links":{"self":[{"href":"https:\/\/jnksport.com\/en\/wp-json\/wp\/v2\/product\/57426","targetHints":{"allow":["GET"]}}],"collection":[{"href":"https:\/\/jnksport.com\/en\/wp-json\/wp\/v2\/product"}],"about":[{"href":"https:\/\/jnksport.com\/en\/wp-json\/wp\/v2\/types\/product"}],"replies":[{"embeddable":true,"href":"https:\/\/jnksport.com\/en\/wp-json\/wp\/v2\/comments?post=57426"}],"version-history":[{"count":0,"href":"https:\/\/jnksport.com\/en\/wp-json\/wp\/v2\/product\/57426\/revisions"}],"wp:featuredmedia":[{"embeddable":true,"href":"https:\/\/jnksport.com\/en\/wp-json\/wp\/v2\/media\/57454"}],"wp:attachment":[{"href":"https:\/\/jnksport.com\/en\/wp-json\/wp\/v2\/media?parent=57426"}],"wp:term":[{"taxonomy":"brand","embeddable":true,"href":"https:\/\/jnksport.com\/en\/wp-json\/wp\/v2\/etheme_brands?post=57426"},{"taxonomy":"product_brand","embeddable":true,"href":"https:\/\/jnksport.com\/en\/wp-json\/wp\/v2\/product_brand?post=57426"},{"taxonomy":"product_cat","embeddable":true,"href":"https:\/\/jnksport.com\/en\/wp-json\/wp\/v2\/product_cat?post=57426"},{"taxonomy":"product_tag","embeddable":true,"href":"https:\/\/jnksport.com\/en\/wp-json\/wp\/v2\/product_tag?post=57426"}],"curies":[{"name":"wp","href":"https:\/\/api.w.org\/{rel}","templated":true}]}}