{"id":57461,"date":"2026-04-01T00:56:39","date_gmt":"2026-04-01T00:56:39","guid":{"rendered":"https:\/\/jnksport.com\/?post_type=product&#038;p=57461"},"modified":"2026-04-20T15:30:36","modified_gmt":"2026-04-20T15:30:36","slug":"zapatillas-asics-upcourt-6-1072a107-102-mujer","status":"publish","type":"product","link":"https:\/\/jnksport.com\/en\/product\/zapatillas-asics-upcourt-6-1072a107-102-mujer\/","title":{"rendered":"Zapatillas Asics Upcourt 6 1072A107-102 Mujer"},"content":{"rendered":"<div>\n<div>La zapatilla UPCOURT 6 tiene un dise\u00f1o ligero que ofrece flexibilidad y un ajuste c\u00f3modo. \u200b<\/p>\n<p>Incluye una secci\u00f3n m\u00e1s amplia de paneles de malla con un ajuste m\u00e1s suave y adaptable.<\/p>\n<p>Capas de malla transpirable<br \/>\nLa plantilla se elabora con un m\u00e9todo de te\u00f1ido en soluci\u00f3n, que reduce el consumo de agua en aproximadamente un 33 % y las emisiones de carbono en aproximadamente un 45 % comparado con el m\u00e9todo de te\u00f1ido convencional<\/p><\/div>\n<\/div>\n<ul>\n<li>Marca: Asics<\/li>\n<li>Codigo: 1072A107-102<\/li>\n<li>Modelo: Upcourt 6<\/li>\n<li>G\u00e9nero: Mujer<\/li>\n<li>Estilo: Deportivo<\/li>\n<li>Cierre: Cordones<\/li>\n<li>Material: Cuero<\/li>\n<li>Color: Gris<\/li>\n<li>Material de la Suela: Goma<\/li>\n<\/ul>","protected":false},"excerpt":{"rendered":"<p>La zapatilla UPCOURT 6 tiene un dise\u00f1o ligero que ofrece flexibilidad y un ajuste c\u00f3modo. \u200b Incluye una secci\u00f3n m\u00e1s amplia de paneles de malla&#8230;<\/p>","protected":false},"featured_media":57466,"comment_status":"open","ping_status":"closed","template":"","meta":{"om_disable_all_campaigns":false,"_monsterinsights_skip_tracking":false,"_monsterinsights_sitenote_active":false,"_monsterinsights_sitenote_note":"","_monsterinsights_sitenote_category":0,"_uf_show_specific_survey":0,"_uf_disable_surveys":false,"_joinchat":[]},"etheme_brands":[],"product_brand":[],"product_cat":[18],"product_tag":[],"class_list":{"0":"post-57461","1":"product","2":"type-product","3":"status-publish","4":"has-post-thumbnail","6":"product_cat-mujer","7":"product_shipping_class-envio-a-lima-y-provincia","9":"first","10":"instock","11":"sale","12":"featured","13":"shipping-taxable","14":"purchasable","15":"product-type-variable"},"aioseo_notices":[],"_links":{"self":[{"href":"https:\/\/jnksport.com\/en\/wp-json\/wp\/v2\/product\/57461","targetHints":{"allow":["GET"]}}],"collection":[{"href":"https:\/\/jnksport.com\/en\/wp-json\/wp\/v2\/product"}],"about":[{"href":"https:\/\/jnksport.com\/en\/wp-json\/wp\/v2\/types\/product"}],"replies":[{"embeddable":true,"href":"https:\/\/jnksport.com\/en\/wp-json\/wp\/v2\/comments?post=57461"}],"version-history":[{"count":0,"href":"https:\/\/jnksport.com\/en\/wp-json\/wp\/v2\/product\/57461\/revisions"}],"wp:featuredmedia":[{"embeddable":true,"href":"https:\/\/jnksport.com\/en\/wp-json\/wp\/v2\/media\/57466"}],"wp:attachment":[{"href":"https:\/\/jnksport.com\/en\/wp-json\/wp\/v2\/media?parent=57461"}],"wp:term":[{"taxonomy":"brand","embeddable":true,"href":"https:\/\/jnksport.com\/en\/wp-json\/wp\/v2\/etheme_brands?post=57461"},{"taxonomy":"product_brand","embeddable":true,"href":"https:\/\/jnksport.com\/en\/wp-json\/wp\/v2\/product_brand?post=57461"},{"taxonomy":"product_cat","embeddable":true,"href":"https:\/\/jnksport.com\/en\/wp-json\/wp\/v2\/product_cat?post=57461"},{"taxonomy":"product_tag","embeddable":true,"href":"https:\/\/jnksport.com\/en\/wp-json\/wp\/v2\/product_tag?post=57461"}],"curies":[{"name":"wp","href":"https:\/\/api.w.org\/{rel}","templated":true}]}}