{"id":57464,"date":"2026-04-01T00:56:39","date_gmt":"2026-04-01T00:56:39","guid":{"rendered":"https:\/\/jnksport.com\/?post_type=product&#038;p=57464"},"modified":"2026-04-11T17:04:18","modified_gmt":"2026-04-11T17:04:18","slug":"zapatillas-puma-scoot-zeros-ii-gold-d-d-312229-01-hombre","status":"publish","type":"product","link":"https:\/\/jnksport.com\/en\/product\/zapatillas-puma-scoot-zeros-ii-gold-d-d-312229-01-hombre\/","title":{"rendered":"Zapatillas Puma Scoot Zeros Ii Gold D.D. 312229-01 Hombre"},"content":{"rendered":"<div>\n<div>Puma Scoot Zeros 2 \u00abGold DD\u00bb (312229-01): La velocidad reinventada<br \/>\nCon las Puma Scoot Zeros 2 \u00abGold DD\u00bb (312229-01) , la marca del gato saltar\u00edn y Scoot Henderson alcanza un nuevo hito en el mundo del baloncesto y el estilo de vida. El segundo modelo de la franquicia Scoot Zeros , este par representa la evoluci\u00f3n natural de unas zapatillas dise\u00f1adas para quienes buscan superar sus l\u00edmites, tanto dentro como fuera de la cancha.<\/p>\n<p>Inspiradas en el estilo de juego r\u00e1pido, explosivo e impredecible de Scoot, las Scoot Zeros 2 llevan a la cancha la energ\u00eda pura y la visi\u00f3n de un jugador que desaf\u00eda constantemente las convenciones. Su dise\u00f1o se inspira en el mundo del autom\u00f3vil y la cultura del dise\u00f1o de autom\u00f3viles , fusionando l\u00edneas din\u00e1micas, detalles t\u00e9cnicos y una est\u00e9tica centrada en el rendimiento y la velocidad.<\/p>\n<p>La versi\u00f3n \u00abGold DD\u00bb cautiva con su atrevido acabado: una base For All Time Red realzada con detalles PUMA Gold que expresan pasi\u00f3n, ambici\u00f3n y excelencia. El rojo intenso encarna la pasi\u00f3n y la intensidad del juego, mientras que el dorado subraya una dimensi\u00f3n prestigiosa y atemporal. Este calzado no solo embellece el pie, sino que transmite un mensaje claro: confianza y determinaci\u00f3n.<\/p>\n<p>Dise\u00f1ado para un p\u00fablico adulto y mixto , el Scoot Zeros 2 \u00abGold DD\u00bb no solo se centra en el estilo. Cada detalle de su construcci\u00f3n satisface las exigencias de alto rendimiento:<\/p>\n<p>Una suela innovadora que garantiza agarre y control, ideal para cambios de direcci\u00f3n ultrarr\u00e1pidos.<\/p>\n<p>Amortiguaci\u00f3n reactiva que proporciona un retorno de energ\u00eda \u00f3ptimo con cada paso.<\/p>\n<p>Soporte preciso que asegura el pie sin comprometer la libertad de movimiento.<\/p>\n<p>En la cancha, le permite replicar la explosividad y fluidez que caracterizan a Scoot Henderson. Fuera de ella, se convierte en una prenda emblem\u00e1tica, capaz de transformar cualquier atuendo y captar la atenci\u00f3n de todos.<\/p>\n<p>M\u00e1s que una simple zapatilla, la Puma Scoot Zeros 2 \u00abGold DD\u00bb es una declaraci\u00f3n de intenciones: la de un jugador que siempre se mueve m\u00e1s r\u00e1pido que la competencia y la de una marca que sabe combinar innovaci\u00f3n deportiva y dise\u00f1o ic\u00f3nico .<\/p><\/div>\n<\/div>\n<ul>\n<li>Marca: Puma<\/li>\n<li>Codigo: 312229-01<\/li>\n<li>Modelo: Scoot Zeros Ii Gold D.D.<\/li>\n<li>G\u00e9nero: Hombre<\/li>\n<li>Estilo: Deportivo<\/li>\n<li>Cierre: Cordones<\/li>\n<li>Material: Cuero<\/li>\n<li>Color: Rojo<\/li>\n<li>Material de la Suela: Goma<\/li>\n<\/ul>","protected":false},"excerpt":{"rendered":"<p>Puma Scoot Zeros 2 \u00abGold DD\u00bb (312229-01): La velocidad reinventada Con las Puma Scoot Zeros 2 \u00abGold DD\u00bb (312229-01) , la marca del gato saltar\u00edn&#8230;<\/p>","protected":false},"featured_media":57496,"comment_status":"open","ping_status":"closed","template":"","meta":{"om_disable_all_campaigns":false,"_monsterinsights_skip_tracking":false,"_monsterinsights_sitenote_active":false,"_monsterinsights_sitenote_note":"","_monsterinsights_sitenote_category":0,"_uf_show_specific_survey":0,"_uf_disable_surveys":false,"_joinchat":[]},"etheme_brands":[],"product_brand":[],"product_cat":[19],"product_tag":[],"class_list":{"0":"post-57464","1":"product","2":"type-product","3":"status-publish","4":"has-post-thumbnail","6":"product_cat-hombre","7":"product_shipping_class-envio-a-lima-y-provincia","9":"first","10":"instock","11":"sale","12":"featured","13":"shipping-taxable","14":"purchasable","15":"product-type-variable"},"aioseo_notices":[],"_links":{"self":[{"href":"https:\/\/jnksport.com\/en\/wp-json\/wp\/v2\/product\/57464","targetHints":{"allow":["GET"]}}],"collection":[{"href":"https:\/\/jnksport.com\/en\/wp-json\/wp\/v2\/product"}],"about":[{"href":"https:\/\/jnksport.com\/en\/wp-json\/wp\/v2\/types\/product"}],"replies":[{"embeddable":true,"href":"https:\/\/jnksport.com\/en\/wp-json\/wp\/v2\/comments?post=57464"}],"version-history":[{"count":0,"href":"https:\/\/jnksport.com\/en\/wp-json\/wp\/v2\/product\/57464\/revisions"}],"wp:featuredmedia":[{"embeddable":true,"href":"https:\/\/jnksport.com\/en\/wp-json\/wp\/v2\/media\/57496"}],"wp:attachment":[{"href":"https:\/\/jnksport.com\/en\/wp-json\/wp\/v2\/media?parent=57464"}],"wp:term":[{"taxonomy":"brand","embeddable":true,"href":"https:\/\/jnksport.com\/en\/wp-json\/wp\/v2\/etheme_brands?post=57464"},{"taxonomy":"product_brand","embeddable":true,"href":"https:\/\/jnksport.com\/en\/wp-json\/wp\/v2\/product_brand?post=57464"},{"taxonomy":"product_cat","embeddable":true,"href":"https:\/\/jnksport.com\/en\/wp-json\/wp\/v2\/product_cat?post=57464"},{"taxonomy":"product_tag","embeddable":true,"href":"https:\/\/jnksport.com\/en\/wp-json\/wp\/v2\/product_tag?post=57464"}],"curies":[{"name":"wp","href":"https:\/\/api.w.org\/{rel}","templated":true}]}}