{"id":57537,"date":"2026-04-01T00:56:52","date_gmt":"2026-04-01T00:56:52","guid":{"rendered":"https:\/\/jnksport.com\/?post_type=product&#038;p=57537"},"modified":"2026-04-24T20:56:00","modified_gmt":"2026-04-24T20:56:00","slug":"zapatillas-nike-air-force-1-ct3839-007-ninos","status":"publish","type":"product","link":"https:\/\/jnksport.com\/en\/product\/zapatillas-nike-air-force-1-ct3839-007-ninos\/","title":{"rendered":"Zapatillas Nike Air Force 1 CT3839-007 Ni\u00f1os"},"content":{"rendered":"<div>\n<div>Rel\u00e1jate con comodidad con el Nike Air Force 1. El cuero cl\u00e1sico y los detalles que hicieron de este calzado un \u00edcono hacen destacar tu estilo en la calle.<\/p>\n<p>Beneficios<\/p>\n<p>El cuero aut\u00e9ntico y sint\u00e9tico es duradero y f\u00e1cil de limpiar.<br \/>\nLa unidad Air-Sole brinda amortiguaci\u00f3n ligera.<br \/>\nLa suela de goma ofrece tracci\u00f3n duradera.<\/p><\/div>\n<\/div>\n<ul>\n<li>Marca: Nike<\/li>\n<li>Codigo: CT3839-007<\/li>\n<li>Modelo: Air Force 1<\/li>\n<li>G\u00e9nero: Ni\u00f1os<\/li>\n<li>Estilo: Urbano<\/li>\n<li>Cierre: Cordones<\/li>\n<li>Material: Cuero<\/li>\n<li>Color: Gris<\/li>\n<li>Material de la Suela: Goma<\/li>\n<\/ul>","protected":false},"excerpt":{"rendered":"<p>Rel\u00e1jate con comodidad con el Nike Air Force 1. El cuero cl\u00e1sico y los detalles que hicieron de este calzado un \u00edcono hacen destacar tu&#8230;<\/p>","protected":false},"featured_media":59335,"comment_status":"open","ping_status":"closed","template":"","meta":{"om_disable_all_campaigns":false,"_monsterinsights_skip_tracking":false,"_monsterinsights_sitenote_active":false,"_monsterinsights_sitenote_note":"","_monsterinsights_sitenote_category":0,"_uf_show_specific_survey":0,"_uf_disable_surveys":false,"_joinchat":[]},"etheme_brands":[],"product_brand":[],"product_cat":[159],"product_tag":[],"class_list":{"0":"post-57537","1":"product","2":"type-product","3":"status-publish","4":"has-post-thumbnail","6":"product_cat-ninos","7":"product_shipping_class-envio-a-lima-y-provincia","9":"first","10":"instock","11":"sale","12":"featured","13":"shipping-taxable","14":"purchasable","15":"product-type-variable"},"aioseo_notices":[],"_links":{"self":[{"href":"https:\/\/jnksport.com\/en\/wp-json\/wp\/v2\/product\/57537","targetHints":{"allow":["GET"]}}],"collection":[{"href":"https:\/\/jnksport.com\/en\/wp-json\/wp\/v2\/product"}],"about":[{"href":"https:\/\/jnksport.com\/en\/wp-json\/wp\/v2\/types\/product"}],"replies":[{"embeddable":true,"href":"https:\/\/jnksport.com\/en\/wp-json\/wp\/v2\/comments?post=57537"}],"version-history":[{"count":1,"href":"https:\/\/jnksport.com\/en\/wp-json\/wp\/v2\/product\/57537\/revisions"}],"predecessor-version":[{"id":59336,"href":"https:\/\/jnksport.com\/en\/wp-json\/wp\/v2\/product\/57537\/revisions\/59336"}],"wp:featuredmedia":[{"embeddable":true,"href":"https:\/\/jnksport.com\/en\/wp-json\/wp\/v2\/media\/59335"}],"wp:attachment":[{"href":"https:\/\/jnksport.com\/en\/wp-json\/wp\/v2\/media?parent=57537"}],"wp:term":[{"taxonomy":"brand","embeddable":true,"href":"https:\/\/jnksport.com\/en\/wp-json\/wp\/v2\/etheme_brands?post=57537"},{"taxonomy":"product_brand","embeddable":true,"href":"https:\/\/jnksport.com\/en\/wp-json\/wp\/v2\/product_brand?post=57537"},{"taxonomy":"product_cat","embeddable":true,"href":"https:\/\/jnksport.com\/en\/wp-json\/wp\/v2\/product_cat?post=57537"},{"taxonomy":"product_tag","embeddable":true,"href":"https:\/\/jnksport.com\/en\/wp-json\/wp\/v2\/product_tag?post=57537"}],"curies":[{"name":"wp","href":"https:\/\/api.w.org\/{rel}","templated":true}]}}