{"id":57541,"date":"2026-04-01T00:56:52","date_gmt":"2026-04-01T00:56:52","guid":{"rendered":"https:\/\/jnksport.com\/?post_type=product&#038;p=57541"},"modified":"2026-04-20T15:30:36","modified_gmt":"2026-04-20T15:30:36","slug":"zapatillas-nike-lebron-witness-7-dq8650-005-ninos","status":"publish","type":"product","link":"https:\/\/jnksport.com\/en\/product\/zapatillas-nike-lebron-witness-7-dq8650-005-ninos\/","title":{"rendered":"Zapatillas Nike Lebron Witness 7 DQ8650-005 Ni\u00f1os"},"content":{"rendered":"<div>\n<div>Nike LeBron Witness 7<br \/>\nCuando los oponentes se enfrentan a LeBron James, saben que est\u00e1n en problemas. Si\u00e9ntete como uno de los grandes del partido con los zapatos para b\u00e1squet Nike LeBron Witness 7 que est\u00e1n equipados con unsoporte ligero en los lugares adecuados para que puedas moverte con confianza en cada carrera y salto. Una unidad Max Air grande proporciona la amortiguaci\u00f3n que necesitas para volar alrededor de la cancha, al mismo tiempo que apoyas todo lo relacionado con LeBron.<\/p>\n<p>Beneficios del producto<br \/>\nLa malla suave por todo el antepi\u00e9 ayuda a que los pies mantengan la frescura y la comodidad. La malla estructurada alrededor del tal\u00f3n y del mediopi\u00e9, adem\u00e1s de un clip de pl\u00e1stico, proporciona soporte adicional.<br \/>\nLa unidad Max Air de largo completo se combina con espuma suave para brindar una amortiguaci\u00f3n ligera con cada paso, zancada y salto.<br \/>\nLa suela de goma ofrece tracci\u00f3n duradera al cortar, correr y pivotar.<br \/>\nAgujetas clasicas.<br \/>\nPresillas de agarre en el tal\u00f3n y la leng\u00fceta.<\/p><\/div>\n<\/div>\n<ul>\n<li>Marca: Nike<\/li>\n<li>Codigo: DQ8650-005<\/li>\n<li>Modelo: Lebron Witness 7<\/li>\n<li>G\u00e9nero: Ni\u00f1os<\/li>\n<li>Estilo: Deportivo<\/li>\n<li>Cierre: Cordones<\/li>\n<li>Material: Cuero<\/li>\n<li>Color: Rojo<\/li>\n<li>Material de la Suela: Goma<\/li>\n<\/ul>","protected":false},"excerpt":{"rendered":"<p>Nike LeBron Witness 7 Cuando los oponentes se enfrentan a LeBron James, saben que est\u00e1n en problemas. Si\u00e9ntete como uno de los grandes del partido&#8230;<\/p>","protected":false},"featured_media":59551,"comment_status":"open","ping_status":"closed","template":"","meta":{"om_disable_all_campaigns":false,"_monsterinsights_skip_tracking":false,"_monsterinsights_sitenote_active":false,"_monsterinsights_sitenote_note":"","_monsterinsights_sitenote_category":0,"_uf_show_specific_survey":0,"_uf_disable_surveys":false,"_joinchat":[]},"etheme_brands":[],"product_brand":[],"product_cat":[159],"product_tag":[],"class_list":{"0":"post-57541","1":"product","2":"type-product","3":"status-publish","4":"has-post-thumbnail","6":"product_cat-ninos","7":"product_shipping_class-envio-a-lima-y-provincia","9":"first","10":"instock","11":"sale","12":"featured","13":"shipping-taxable","14":"purchasable","15":"product-type-variable"},"aioseo_notices":[],"_links":{"self":[{"href":"https:\/\/jnksport.com\/en\/wp-json\/wp\/v2\/product\/57541","targetHints":{"allow":["GET"]}}],"collection":[{"href":"https:\/\/jnksport.com\/en\/wp-json\/wp\/v2\/product"}],"about":[{"href":"https:\/\/jnksport.com\/en\/wp-json\/wp\/v2\/types\/product"}],"replies":[{"embeddable":true,"href":"https:\/\/jnksport.com\/en\/wp-json\/wp\/v2\/comments?post=57541"}],"version-history":[{"count":1,"href":"https:\/\/jnksport.com\/en\/wp-json\/wp\/v2\/product\/57541\/revisions"}],"predecessor-version":[{"id":59552,"href":"https:\/\/jnksport.com\/en\/wp-json\/wp\/v2\/product\/57541\/revisions\/59552"}],"wp:featuredmedia":[{"embeddable":true,"href":"https:\/\/jnksport.com\/en\/wp-json\/wp\/v2\/media\/59551"}],"wp:attachment":[{"href":"https:\/\/jnksport.com\/en\/wp-json\/wp\/v2\/media?parent=57541"}],"wp:term":[{"taxonomy":"brand","embeddable":true,"href":"https:\/\/jnksport.com\/en\/wp-json\/wp\/v2\/etheme_brands?post=57541"},{"taxonomy":"product_brand","embeddable":true,"href":"https:\/\/jnksport.com\/en\/wp-json\/wp\/v2\/product_brand?post=57541"},{"taxonomy":"product_cat","embeddable":true,"href":"https:\/\/jnksport.com\/en\/wp-json\/wp\/v2\/product_cat?post=57541"},{"taxonomy":"product_tag","embeddable":true,"href":"https:\/\/jnksport.com\/en\/wp-json\/wp\/v2\/product_tag?post=57541"}],"curies":[{"name":"wp","href":"https:\/\/api.w.org\/{rel}","templated":true}]}}