{"id":57579,"date":"2026-04-01T00:56:58","date_gmt":"2026-04-01T00:56:58","guid":{"rendered":"https:\/\/jnksport.com\/?post_type=product&#038;p=57579"},"modified":"2026-04-27T20:18:26","modified_gmt":"2026-04-27T20:18:26","slug":"zapatillas-nike-winflo-10-dv4022-005-hombre","status":"publish","type":"product","link":"https:\/\/jnksport.com\/en\/product\/zapatillas-nike-winflo-10-dv4022-005-hombre\/","title":{"rendered":"Zapatillas Nike Winflo 10 DV4022-005 Hombre"},"content":{"rendered":"<div>\n<div>Ponte el Winflo 10, un recorrido equilibrado que impulsar\u00e1 tu carrera, ya sea que seas una persona rutinaria que registra sus kil\u00f3metros semanales, un amateur con la esperanza de convertir la curiosidad en rutina o simplemente acompa\u00f1es a un amigo a una carrera espor\u00e1dica de fin de semana. las zapatillas de soporte neutro con Nike Air el\u00e1stico y m\u00e1s espacio en el antepi\u00e9 brinda una sensaci\u00f3n c\u00f3moda y amortiguada. Est\u00e1 listo para tu carrera, cuando sientas el llamado de la carretera.<\/p>\n<p>Soporte: neutro<\/p>\n<p>Cuanto m\u00e1s soporte ofrece las zapatillas, m\u00e1s estabilidad puede darle a tu pisada natural. La combinaci\u00f3n de soporte optimizado y amortiguaci\u00f3n colocada intencionalmente te ayuda a sentir seguridad en cada paso. El Winflo 10 cuenta con un soporte neutro. Te brinda equilibrio, ya sea que pises con el tal\u00f3n o con el antepi\u00e9. Tambi\u00e9n es perfecto para carreras largas y cortas.<\/p>\n<p>Amortiguaci\u00f3n: media<\/p>\n<p>Cuanta m\u00e1s amortiguaci\u00f3n tengas en la planta del pie, m\u00e1s suave y c\u00f3moda puede ser tu experiencia de running. La amortiguaci\u00f3n suaviza el impacto cuando los pies llegan al suelo. La amortiguaci\u00f3n Nike Air de largo completo te brinda una sensaci\u00f3n suave y c\u00f3moda para tus kil\u00f3metros.<\/p>\n<p>Responsividad: media<\/p>\n<p>Cuanto m\u00e1s responsivo sea las zapatillas, m\u00e1s retorno de energ\u00eda obtendr\u00e1s con cada paso. Ya sea que quieras correr un poco m\u00e1s r\u00e1pido o con un poco menos de esfuerzo, unas zapatillas responsivo te brinda m\u00e1s elasticidad en tu pisada para que aproveches al m\u00e1ximo tu carrera. La espuma suave en la entresuela funciona con la amortiguaci\u00f3n Nike Air para brindarte una sensaci\u00f3n el\u00e1stica y amortiguada.<\/p>\n<p>\u00bfQu\u00e9 tiene de nuevo el Winflo 10?<\/p>\n<p>La punta renovada proporciona un mejor ajuste para todos los tipos de pies comparado con el Winflo 9. Adem\u00e1s, aumentamos la comodidad y el ajuste del cuello al agregar acolchado donde m\u00e1s lo necesitas.<\/p>\n<p>M\u00e1s beneficios<\/p>\n<p>La malla con dise\u00f1o avanzado, m\u00e1s fuerte y m\u00e1s flexible que la malla regular, mejora la sensaci\u00f3n y la comodidad al contacto con las manos, adem\u00e1s de mantener una sensaci\u00f3n de transpirabilidad ligera.<br \/>\nLos revestimientos en la punta agregan una capa de durabilidad.<br \/>\nLa leng\u00fceta est\u00e1 conectada con el forro interno de la parte superior para brindar una sensaci\u00f3n de seguridad.<\/p>\n<p>Datos del producto<\/p>\n<p>Peso: 296 g (talla 10 US para hombre)<br \/>\nCa\u00edda del tal\u00f3n a la punta: 10 mm<\/p><\/div>\n<\/div>\n<ul>\n<li>Marca: Nike<\/li>\n<li>Codigo: DV4022-005<\/li>\n<li>Modelo: Winflo 10<\/li>\n<li>G\u00e9nero: Hombre<\/li>\n<li>Estilo: Deportivo<\/li>\n<li>Cierre: Cordones<\/li>\n<li>Material: Textil<\/li>\n<li>Color: Negro<\/li>\n<li>Material de la Suela: Caucho<\/li>\n<\/ul>","protected":false},"excerpt":{"rendered":"<p>Ponte el Winflo 10, un recorrido equilibrado que impulsar\u00e1 tu carrera, ya sea que seas una persona rutinaria que registra sus kil\u00f3metros semanales, un amateur&#8230;<\/p>","protected":false},"featured_media":59495,"comment_status":"open","ping_status":"closed","template":"","meta":{"om_disable_all_campaigns":false,"_monsterinsights_skip_tracking":false,"_monsterinsights_sitenote_active":false,"_monsterinsights_sitenote_note":"","_monsterinsights_sitenote_category":0,"_uf_show_specific_survey":0,"_uf_disable_surveys":false,"_joinchat":[]},"etheme_brands":[],"product_brand":[],"product_cat":[19],"product_tag":[],"class_list":{"0":"post-57579","1":"product","2":"type-product","3":"status-publish","4":"has-post-thumbnail","6":"product_cat-hombre","7":"product_shipping_class-envio-a-lima-y-provincia","9":"first","10":"instock","11":"sale","12":"featured","13":"shipping-taxable","14":"purchasable","15":"product-type-variable"},"aioseo_notices":[],"_links":{"self":[{"href":"https:\/\/jnksport.com\/en\/wp-json\/wp\/v2\/product\/57579","targetHints":{"allow":["GET"]}}],"collection":[{"href":"https:\/\/jnksport.com\/en\/wp-json\/wp\/v2\/product"}],"about":[{"href":"https:\/\/jnksport.com\/en\/wp-json\/wp\/v2\/types\/product"}],"replies":[{"embeddable":true,"href":"https:\/\/jnksport.com\/en\/wp-json\/wp\/v2\/comments?post=57579"}],"version-history":[{"count":1,"href":"https:\/\/jnksport.com\/en\/wp-json\/wp\/v2\/product\/57579\/revisions"}],"predecessor-version":[{"id":59496,"href":"https:\/\/jnksport.com\/en\/wp-json\/wp\/v2\/product\/57579\/revisions\/59496"}],"wp:featuredmedia":[{"embeddable":true,"href":"https:\/\/jnksport.com\/en\/wp-json\/wp\/v2\/media\/59495"}],"wp:attachment":[{"href":"https:\/\/jnksport.com\/en\/wp-json\/wp\/v2\/media?parent=57579"}],"wp:term":[{"taxonomy":"brand","embeddable":true,"href":"https:\/\/jnksport.com\/en\/wp-json\/wp\/v2\/etheme_brands?post=57579"},{"taxonomy":"product_brand","embeddable":true,"href":"https:\/\/jnksport.com\/en\/wp-json\/wp\/v2\/product_brand?post=57579"},{"taxonomy":"product_cat","embeddable":true,"href":"https:\/\/jnksport.com\/en\/wp-json\/wp\/v2\/product_cat?post=57579"},{"taxonomy":"product_tag","embeddable":true,"href":"https:\/\/jnksport.com\/en\/wp-json\/wp\/v2\/product_tag?post=57579"}],"curies":[{"name":"wp","href":"https:\/\/api.w.org\/{rel}","templated":true}]}}