{"id":57580,"date":"2026-04-01T00:56:58","date_gmt":"2026-04-01T00:56:58","guid":{"rendered":"https:\/\/jnksport.com\/?post_type=product&#038;p=57580"},"modified":"2026-04-24T21:21:03","modified_gmt":"2026-04-24T21:21:03","slug":"zapatillas-nike-quest-6-fd6034-110-mujer","status":"publish","type":"product","link":"https:\/\/jnksport.com\/en\/product\/zapatillas-nike-quest-6-fd6034-110-mujer\/","title":{"rendered":"Zapatillas Nike Quest 6 FD6034-110 Mujer"},"content":{"rendered":"<div>\n<div>Los Nike Quest 6 son para los runners de todos los niveles. Pero no te equivoques, son todo menos b\u00e1sicos. La banda de ajuste superc\u00f3moda con soporte en el mediopi\u00e9 mantiene la estabilidad durante las carreras. Adem\u00e1s, la espuma supersuave en la entresuela amortigua cada paso.<\/p>\n<p>Beneficios<\/p>\n<p>La banda de ajuste en el mediopi\u00e9 mantiene m\u00e1s seguro el pie cuanto m\u00e1s ajustadas est\u00e9n las agujetas.<br \/>\nLa altura m\u00e1s elevada de la entresuela brinda una pisada m\u00e1s suave y m\u00e1s responsiva en comparaci\u00f3n con los Quest 5.<br \/>\nLa suela de goma cuenta con la tracci\u00f3n necesaria para ayudar a mantener los pies aferrados al pavimento.<\/p>\n<p>Datos del producto<\/p>\n<p>Peso aproximado: 247 g (talla 8 EE. UU. para mujer)<br \/>\nCa\u00edda del tal\u00f3n a la punta: 10 mm<\/p><\/div>\n<\/div>\n<ul>\n<li>Marca: Nike<\/li>\n<li>Codigo: FD6034-110<\/li>\n<li>Modelo: Quest 6<\/li>\n<li>G\u00e9nero: Mujer<\/li>\n<li>Estilo: Deportivo<\/li>\n<li>Cierre: Cordones<\/li>\n<li>Material: Textil<\/li>\n<li>Color: Blanco<\/li>\n<li>Material de la Suela: Goma<\/li>\n<\/ul>","protected":false},"excerpt":{"rendered":"<p>Los Nike Quest 6 son para los runners de todos los niveles. Pero no te equivoques, son todo menos b\u00e1sicos. La banda de ajuste superc\u00f3moda&#8230;<\/p>","protected":false},"featured_media":59345,"comment_status":"open","ping_status":"closed","template":"","meta":{"om_disable_all_campaigns":false,"_monsterinsights_skip_tracking":false,"_monsterinsights_sitenote_active":false,"_monsterinsights_sitenote_note":"","_monsterinsights_sitenote_category":0,"_uf_show_specific_survey":0,"_uf_disable_surveys":false,"_joinchat":[]},"etheme_brands":[],"product_brand":[],"product_cat":[18],"product_tag":[],"class_list":{"0":"post-57580","1":"product","2":"type-product","3":"status-publish","4":"has-post-thumbnail","6":"product_cat-mujer","7":"product_shipping_class-envio-a-lima-y-provincia","9":"first","10":"instock","11":"sale","12":"featured","13":"shipping-taxable","14":"purchasable","15":"product-type-variable"},"aioseo_notices":[],"_links":{"self":[{"href":"https:\/\/jnksport.com\/en\/wp-json\/wp\/v2\/product\/57580","targetHints":{"allow":["GET"]}}],"collection":[{"href":"https:\/\/jnksport.com\/en\/wp-json\/wp\/v2\/product"}],"about":[{"href":"https:\/\/jnksport.com\/en\/wp-json\/wp\/v2\/types\/product"}],"replies":[{"embeddable":true,"href":"https:\/\/jnksport.com\/en\/wp-json\/wp\/v2\/comments?post=57580"}],"version-history":[{"count":1,"href":"https:\/\/jnksport.com\/en\/wp-json\/wp\/v2\/product\/57580\/revisions"}],"predecessor-version":[{"id":59346,"href":"https:\/\/jnksport.com\/en\/wp-json\/wp\/v2\/product\/57580\/revisions\/59346"}],"wp:featuredmedia":[{"embeddable":true,"href":"https:\/\/jnksport.com\/en\/wp-json\/wp\/v2\/media\/59345"}],"wp:attachment":[{"href":"https:\/\/jnksport.com\/en\/wp-json\/wp\/v2\/media?parent=57580"}],"wp:term":[{"taxonomy":"brand","embeddable":true,"href":"https:\/\/jnksport.com\/en\/wp-json\/wp\/v2\/etheme_brands?post=57580"},{"taxonomy":"product_brand","embeddable":true,"href":"https:\/\/jnksport.com\/en\/wp-json\/wp\/v2\/product_brand?post=57580"},{"taxonomy":"product_cat","embeddable":true,"href":"https:\/\/jnksport.com\/en\/wp-json\/wp\/v2\/product_cat?post=57580"},{"taxonomy":"product_tag","embeddable":true,"href":"https:\/\/jnksport.com\/en\/wp-json\/wp\/v2\/product_tag?post=57580"}],"curies":[{"name":"wp","href":"https:\/\/api.w.org\/{rel}","templated":true}]}}