{"id":57581,"date":"2026-04-01T00:56:58","date_gmt":"2026-04-01T00:56:58","guid":{"rendered":"https:\/\/jnksport.com\/?post_type=product&#038;p=57581"},"modified":"2026-04-29T22:32:23","modified_gmt":"2026-04-29T22:32:23","slug":"zapatillas-nike-promina-fv6343-008-mujer","status":"publish","type":"product","link":"https:\/\/jnksport.com\/en\/product\/zapatillas-nike-promina-fv6343-008-mujer\/","title":{"rendered":"Zapatillas Nike Promina FV6343-008 Mujer"},"content":{"rendered":"<div>\n<div>Los Nike Promina hacen de cada paseo una caminata suave. La espuma alta apilada, combinada con un dise\u00f1o tipo mecedora con ranuras en la suela, proporciona una gran amortiguaci\u00f3n para brindarte mayor comodidad durante todo el d\u00eda.<\/p>\n<p>Beneficios<\/p>\n<p>Amortiguaci\u00f3n alta<br \/>\nEstabilidad moderada<br \/>\nFlexibilidad moderada<\/p>\n<p>Datos del producto<\/p>\n<p>Cuello de espuma suave<br \/>\nAntepi\u00e9, arco y punta ensanchados<br \/>\nSuela con patr\u00f3n gr\u00e1fico duradero para brindar una mayor tracci\u00f3n<br \/>\nEste producto no est\u00e1 dise\u00f1ado para usarse como equipo de protecci\u00f3n personal (EPP)<\/p><\/div>\n<\/div>\n<ul>\n<li>Marca: Nike<\/li>\n<li>Codigo: FV6343-008<\/li>\n<li>Modelo: Promina<\/li>\n<li>G\u00e9nero: Mujer<\/li>\n<li>Estilo: Deportivo<\/li>\n<li>Cierre: Cordones<\/li>\n<li>Material: Textil<\/li>\n<li>Color: Celeste<\/li>\n<li>Material de la Suela: Goma<\/li>\n<\/ul>","protected":false},"excerpt":{"rendered":"<p>Los Nike Promina hacen de cada paseo una caminata suave. La espuma alta apilada, combinada con un dise\u00f1o tipo mecedora con ranuras en la suela,&#8230;<\/p>","protected":false},"featured_media":59349,"comment_status":"open","ping_status":"closed","template":"","meta":{"om_disable_all_campaigns":false,"_monsterinsights_skip_tracking":false,"_monsterinsights_sitenote_active":false,"_monsterinsights_sitenote_note":"","_monsterinsights_sitenote_category":0,"_uf_show_specific_survey":0,"_uf_disable_surveys":false,"_joinchat":[]},"etheme_brands":[],"product_brand":[],"product_cat":[18],"product_tag":[],"class_list":{"0":"post-57581","1":"product","2":"type-product","3":"status-publish","4":"has-post-thumbnail","6":"product_cat-mujer","7":"product_shipping_class-envio-a-lima-y-provincia","9":"first","10":"instock","11":"sale","12":"featured","13":"shipping-taxable","14":"purchasable","15":"product-type-variable"},"aioseo_notices":[],"_links":{"self":[{"href":"https:\/\/jnksport.com\/en\/wp-json\/wp\/v2\/product\/57581","targetHints":{"allow":["GET"]}}],"collection":[{"href":"https:\/\/jnksport.com\/en\/wp-json\/wp\/v2\/product"}],"about":[{"href":"https:\/\/jnksport.com\/en\/wp-json\/wp\/v2\/types\/product"}],"replies":[{"embeddable":true,"href":"https:\/\/jnksport.com\/en\/wp-json\/wp\/v2\/comments?post=57581"}],"version-history":[{"count":1,"href":"https:\/\/jnksport.com\/en\/wp-json\/wp\/v2\/product\/57581\/revisions"}],"predecessor-version":[{"id":59350,"href":"https:\/\/jnksport.com\/en\/wp-json\/wp\/v2\/product\/57581\/revisions\/59350"}],"wp:featuredmedia":[{"embeddable":true,"href":"https:\/\/jnksport.com\/en\/wp-json\/wp\/v2\/media\/59349"}],"wp:attachment":[{"href":"https:\/\/jnksport.com\/en\/wp-json\/wp\/v2\/media?parent=57581"}],"wp:term":[{"taxonomy":"brand","embeddable":true,"href":"https:\/\/jnksport.com\/en\/wp-json\/wp\/v2\/etheme_brands?post=57581"},{"taxonomy":"product_brand","embeddable":true,"href":"https:\/\/jnksport.com\/en\/wp-json\/wp\/v2\/product_brand?post=57581"},{"taxonomy":"product_cat","embeddable":true,"href":"https:\/\/jnksport.com\/en\/wp-json\/wp\/v2\/product_cat?post=57581"},{"taxonomy":"product_tag","embeddable":true,"href":"https:\/\/jnksport.com\/en\/wp-json\/wp\/v2\/product_tag?post=57581"}],"curies":[{"name":"wp","href":"https:\/\/api.w.org\/{rel}","templated":true}]}}