{"id":57617,"date":"2026-04-01T00:57:05","date_gmt":"2026-04-01T00:57:05","guid":{"rendered":"https:\/\/jnksport.com\/?post_type=product&#038;p=57617"},"modified":"2026-04-29T22:32:23","modified_gmt":"2026-04-29T22:32:23","slug":"zapatillas-nike-precision-7-hj9153-003-hombre","status":"publish","type":"product","link":"https:\/\/jnksport.com\/en\/product\/zapatillas-nike-precision-7-hj9153-003-hombre\/","title":{"rendered":"Zapatillas Nike Precision 7 HJ9153-003 Hombre"},"content":{"rendered":"<div>\n<div>Anota a voluntad desde el aro o desde la l\u00ednea de fondo con los Nike Precision 7. Dise\u00f1ados con una combinaci\u00f3n de control del suelo, comodidad y tracci\u00f3n en la cancha, son perfectos para jugadas de impacto instant\u00e1neo cuando te llamen para el pr\u00f3ximo partido informal. Compru\u00e9balo y realiza las jugadas que inclinen el resultado a tu favor.<\/p>\n<p>Comodidad para todo el partido<\/p>\n<p>La espuma suave en el cuello y la leng\u00fceta mejoran la sensaci\u00f3n de comodidad alrededor del tobillo y en la parte superior del pie, \u00e1reas donde no quieres distracciones. Ofrece un buen equilibrio entre el control del suelo al cambiar repentinamente de direcci\u00f3n y la comodidad al correr de un extremo a otro de la cancha.<\/p>\n<p>Amortiguaci\u00f3n para impulsarte<\/p>\n<p>La espuma moldeada de la entresuela se siente suave y brinda soporte, lo que proporciona amortiguaci\u00f3n para el movimiento continuo del juego.<\/p>\n<p>Adherencia y movimiento<\/p>\n<p>La tracci\u00f3n con dise\u00f1o de espiguilla brinda un agarre multidireccional, por lo que resulta perfecta para los jugadores que conf\u00edan en su rapidez y capacidad de driblar. La goma en los laterales del antepi\u00e9 ofrece tracci\u00f3n en los bordes.<\/p>\n<p>M\u00e1s beneficios<\/p>\n<p>El cuello low proporciona movilidad en el tobillo.<br \/>\nEl corte visible en la espuma ayuda a reducir el peso.<\/p><\/div>\n<\/div>\n<ul>\n<li>Marca: Nike<\/li>\n<li>Codigo: HJ9153-003<\/li>\n<li>Modelo: Precision 7<\/li>\n<li>G\u00e9nero: Hombre<\/li>\n<li>Estilo: Deportivo<\/li>\n<li>Cierre: Cordones<\/li>\n<li>Material: Textil<\/li>\n<li>Color: Blanco<\/li>\n<li>Material de la Suela: Goma<\/li>\n<\/ul>","protected":false},"excerpt":{"rendered":"<p>Anota a voluntad desde el aro o desde la l\u00ednea de fondo con los Nike Precision 7. Dise\u00f1ados con una combinaci\u00f3n de control del suelo,&#8230;<\/p>","protected":false},"featured_media":59501,"comment_status":"open","ping_status":"closed","template":"","meta":{"om_disable_all_campaigns":false,"_monsterinsights_skip_tracking":false,"_monsterinsights_sitenote_active":false,"_monsterinsights_sitenote_note":"","_monsterinsights_sitenote_category":0,"_uf_show_specific_survey":0,"_uf_disable_surveys":false,"_joinchat":[]},"etheme_brands":[],"product_brand":[],"product_cat":[19],"product_tag":[],"class_list":{"0":"post-57617","1":"product","2":"type-product","3":"status-publish","4":"has-post-thumbnail","6":"product_cat-hombre","7":"product_shipping_class-envio-a-lima-y-provincia","9":"first","10":"instock","11":"sale","12":"featured","13":"shipping-taxable","14":"purchasable","15":"product-type-variable"},"aioseo_notices":[],"_links":{"self":[{"href":"https:\/\/jnksport.com\/en\/wp-json\/wp\/v2\/product\/57617","targetHints":{"allow":["GET"]}}],"collection":[{"href":"https:\/\/jnksport.com\/en\/wp-json\/wp\/v2\/product"}],"about":[{"href":"https:\/\/jnksport.com\/en\/wp-json\/wp\/v2\/types\/product"}],"replies":[{"embeddable":true,"href":"https:\/\/jnksport.com\/en\/wp-json\/wp\/v2\/comments?post=57617"}],"version-history":[{"count":1,"href":"https:\/\/jnksport.com\/en\/wp-json\/wp\/v2\/product\/57617\/revisions"}],"predecessor-version":[{"id":59502,"href":"https:\/\/jnksport.com\/en\/wp-json\/wp\/v2\/product\/57617\/revisions\/59502"}],"wp:featuredmedia":[{"embeddable":true,"href":"https:\/\/jnksport.com\/en\/wp-json\/wp\/v2\/media\/59501"}],"wp:attachment":[{"href":"https:\/\/jnksport.com\/en\/wp-json\/wp\/v2\/media?parent=57617"}],"wp:term":[{"taxonomy":"brand","embeddable":true,"href":"https:\/\/jnksport.com\/en\/wp-json\/wp\/v2\/etheme_brands?post=57617"},{"taxonomy":"product_brand","embeddable":true,"href":"https:\/\/jnksport.com\/en\/wp-json\/wp\/v2\/product_brand?post=57617"},{"taxonomy":"product_cat","embeddable":true,"href":"https:\/\/jnksport.com\/en\/wp-json\/wp\/v2\/product_cat?post=57617"},{"taxonomy":"product_tag","embeddable":true,"href":"https:\/\/jnksport.com\/en\/wp-json\/wp\/v2\/product_tag?post=57617"}],"curies":[{"name":"wp","href":"https:\/\/api.w.org\/{rel}","templated":true}]}}