{"id":57619,"date":"2026-04-01T00:57:05","date_gmt":"2026-04-01T00:57:05","guid":{"rendered":"https:\/\/jnksport.com\/?post_type=product&#038;p=57619"},"modified":"2026-04-29T22:32:23","modified_gmt":"2026-04-29T22:32:23","slug":"zapatillas-nike-phantom-6-low-acad-hq2326-800-hombre","status":"publish","type":"product","link":"https:\/\/jnksport.com\/en\/product\/zapatillas-nike-phantom-6-low-acad-hq2326-800-hombre\/","title":{"rendered":"Zapatillas Nike Phantom 6 Low Acad HQ2326-800 Hombre"},"content":{"rendered":"<div>\n<div>Esta Phantom 6 Academy est\u00e1 inspirada en el fuego interior de Erling Haaland que alimenta sus erupciones goleadoras. Potencia tu precisi\u00f3n con una zona t\u00e1ctil NikeSkin, ubicada donde la necesitas para golpes limpios. La textura adherente te ayuda a aprovechar las oportunidades de anotar acercando el pie al bal\u00f3n.<\/p>\n<p>Detr\u00e1s del dise\u00f1o<\/p>\n<p>El resplandor interior comienza con el azul en el tal\u00f3n y el n\u00facleo, lo que significa la frescura de Erling mientras se calma en el calor del momento. El azul pasa a rojo y amarillo, encarnando la psique de Erling y resaltando la parte m\u00e1s brillante de la zapatilla donde se marcan la mayor\u00eda de los goles.<\/p>\n<p>Amplified Touch<\/p>\n<p>Una zona t\u00e1ctil NikeSkin ampliada, impulsada por una malla dise\u00f1ada, acerca el pie al bal\u00f3n. Esto significa que obtienes un mejor control al driblar y pasar, incluso en condiciones h\u00famedas o secas.<\/p>\n<p>Natural Fit<\/p>\n<p>Un nuevo marco de zapato te brinda un ajuste m\u00e1s natural, especialmente en la puntera. Ayuda a amoldarse a tu pie y te acerca a la pelota para golpes a\u00fan mejores.<\/p>\n<p>Datos del producto<\/p>\n<p>La suela de goma proporciona tracci\u00f3n para superficies de c\u00e9sped.<br \/>\nPlantilla acolchada<\/p><\/div>\n<\/div>\n<ul>\n<li>Marca: Nike<\/li>\n<li>Codigo: HQ2326-800<\/li>\n<li>Modelo: Phantom 6 Low Acad<\/li>\n<li>G\u00e9nero: Hombre<\/li>\n<li>Estilo: Deportivo<\/li>\n<li>Cierre: Cordones<\/li>\n<li>Material: Cuero<\/li>\n<li>Color: Anaranjado<\/li>\n<li>Material de la Suela: Goma<\/li>\n<\/ul>","protected":false},"excerpt":{"rendered":"<p>Esta Phantom 6 Academy est\u00e1 inspirada en el fuego interior de Erling Haaland que alimenta sus erupciones goleadoras. Potencia tu precisi\u00f3n con una zona t\u00e1ctil&#8230;<\/p>","protected":false},"featured_media":59497,"comment_status":"open","ping_status":"closed","template":"","meta":{"om_disable_all_campaigns":false,"_monsterinsights_skip_tracking":false,"_monsterinsights_sitenote_active":false,"_monsterinsights_sitenote_note":"","_monsterinsights_sitenote_category":0,"_uf_show_specific_survey":0,"_uf_disable_surveys":false,"_joinchat":[]},"etheme_brands":[],"product_brand":[],"product_cat":[19],"product_tag":[],"class_list":{"0":"post-57619","1":"product","2":"type-product","3":"status-publish","4":"has-post-thumbnail","6":"product_cat-hombre","7":"product_shipping_class-envio-a-lima-y-provincia","9":"first","10":"instock","11":"sale","12":"featured","13":"shipping-taxable","14":"purchasable","15":"product-type-variable"},"aioseo_notices":[],"_links":{"self":[{"href":"https:\/\/jnksport.com\/en\/wp-json\/wp\/v2\/product\/57619","targetHints":{"allow":["GET"]}}],"collection":[{"href":"https:\/\/jnksport.com\/en\/wp-json\/wp\/v2\/product"}],"about":[{"href":"https:\/\/jnksport.com\/en\/wp-json\/wp\/v2\/types\/product"}],"replies":[{"embeddable":true,"href":"https:\/\/jnksport.com\/en\/wp-json\/wp\/v2\/comments?post=57619"}],"version-history":[{"count":1,"href":"https:\/\/jnksport.com\/en\/wp-json\/wp\/v2\/product\/57619\/revisions"}],"predecessor-version":[{"id":59498,"href":"https:\/\/jnksport.com\/en\/wp-json\/wp\/v2\/product\/57619\/revisions\/59498"}],"wp:featuredmedia":[{"embeddable":true,"href":"https:\/\/jnksport.com\/en\/wp-json\/wp\/v2\/media\/59497"}],"wp:attachment":[{"href":"https:\/\/jnksport.com\/en\/wp-json\/wp\/v2\/media?parent=57619"}],"wp:term":[{"taxonomy":"brand","embeddable":true,"href":"https:\/\/jnksport.com\/en\/wp-json\/wp\/v2\/etheme_brands?post=57619"},{"taxonomy":"product_brand","embeddable":true,"href":"https:\/\/jnksport.com\/en\/wp-json\/wp\/v2\/product_brand?post=57619"},{"taxonomy":"product_cat","embeddable":true,"href":"https:\/\/jnksport.com\/en\/wp-json\/wp\/v2\/product_cat?post=57619"},{"taxonomy":"product_tag","embeddable":true,"href":"https:\/\/jnksport.com\/en\/wp-json\/wp\/v2\/product_tag?post=57619"}],"curies":[{"name":"wp","href":"https:\/\/api.w.org\/{rel}","templated":true}]}}