{"id":57656,"date":"2026-04-01T00:57:11","date_gmt":"2026-04-01T00:57:11","guid":{"rendered":"https:\/\/jnksport.com\/?post_type=product&#038;p=57656"},"modified":"2026-04-25T19:59:51","modified_gmt":"2026-04-25T19:59:51","slug":"zapatillas-adidas-duramo-sl-2-jq0604-mujer","status":"publish","type":"product","link":"https:\/\/jnksport.com\/en\/product\/zapatillas-adidas-duramo-sl-2-jq0604-mujer\/","title":{"rendered":"Zapatillas Adidas Duramo Sl 2 JQ0604 Mujer"},"content":{"rendered":"<div>\n<div>Zapatillas de running ligeras para entrenar.<br \/>\nEmpieza tu aventura corriendo con facilidad y sigue adelante. Desde tu primer paso hasta tu primera carrera de 10 km, estas zapatillas adidas te ayudan a entrenar con comodidad. La parte superior de malla t\u00e9cnica y el tal\u00f3n acolchado crean una sensaci\u00f3n de suavidad y sujeci\u00f3n, y la entresuela LIGHTMOTION aporta una amortiguaci\u00f3n ligera y estable a cada zancada.<\/p>\n<p>Ajuste cl\u00e1sico<br \/>\nCierre de pasadores<br \/>\nExterior de malla textil y sint\u00e9tica<br \/>\nForro interno en material sint\u00e9tico y textil<br \/>\nAmortiguaci\u00f3n LIGHTMOTION<br \/>\nSuela Adiwear<br \/>\nPeso: 247 gramos (talla PE 37,5)<br \/>\nCa\u00edda mediasuela: 8 mm (heel 31 mm \/ forefoot 23 mm)<\/p><\/div>\n<\/div>\n<ul>\n<li>Marca: Adidas<\/li>\n<li>Codigo: JQ0604<\/li>\n<li>Modelo: Duramo Sl 2<\/li>\n<li>G\u00e9nero: Mujer<\/li>\n<li>Estilo: Deportivo<\/li>\n<li>Cierre: Cordones<\/li>\n<li>Material: Textil<\/li>\n<li>Color: Morado<\/li>\n<li>Material de la Suela: Adiwear<\/li>\n<\/ul>","protected":false},"excerpt":{"rendered":"<p>Zapatillas de running ligeras para entrenar. Empieza tu aventura corriendo con facilidad y sigue adelante. Desde tu primer paso hasta tu primera carrera de 10&#8230;<\/p>","protected":false},"featured_media":57671,"comment_status":"open","ping_status":"closed","template":"","meta":{"om_disable_all_campaigns":false,"_monsterinsights_skip_tracking":false,"_monsterinsights_sitenote_active":false,"_monsterinsights_sitenote_note":"","_monsterinsights_sitenote_category":0,"_uf_show_specific_survey":0,"_uf_disable_surveys":false,"_joinchat":[]},"etheme_brands":[],"product_brand":[],"product_cat":[18],"product_tag":[],"class_list":{"0":"post-57656","1":"product","2":"type-product","3":"status-publish","4":"has-post-thumbnail","6":"product_cat-mujer","7":"product_shipping_class-envio-a-lima-y-provincia","9":"first","10":"instock","11":"sale","12":"featured","13":"shipping-taxable","14":"purchasable","15":"product-type-variable"},"aioseo_notices":[],"_links":{"self":[{"href":"https:\/\/jnksport.com\/en\/wp-json\/wp\/v2\/product\/57656","targetHints":{"allow":["GET"]}}],"collection":[{"href":"https:\/\/jnksport.com\/en\/wp-json\/wp\/v2\/product"}],"about":[{"href":"https:\/\/jnksport.com\/en\/wp-json\/wp\/v2\/types\/product"}],"replies":[{"embeddable":true,"href":"https:\/\/jnksport.com\/en\/wp-json\/wp\/v2\/comments?post=57656"}],"version-history":[{"count":0,"href":"https:\/\/jnksport.com\/en\/wp-json\/wp\/v2\/product\/57656\/revisions"}],"wp:featuredmedia":[{"embeddable":true,"href":"https:\/\/jnksport.com\/en\/wp-json\/wp\/v2\/media\/57671"}],"wp:attachment":[{"href":"https:\/\/jnksport.com\/en\/wp-json\/wp\/v2\/media?parent=57656"}],"wp:term":[{"taxonomy":"brand","embeddable":true,"href":"https:\/\/jnksport.com\/en\/wp-json\/wp\/v2\/etheme_brands?post=57656"},{"taxonomy":"product_brand","embeddable":true,"href":"https:\/\/jnksport.com\/en\/wp-json\/wp\/v2\/product_brand?post=57656"},{"taxonomy":"product_cat","embeddable":true,"href":"https:\/\/jnksport.com\/en\/wp-json\/wp\/v2\/product_cat?post=57656"},{"taxonomy":"product_tag","embeddable":true,"href":"https:\/\/jnksport.com\/en\/wp-json\/wp\/v2\/product_tag?post=57656"}],"curies":[{"name":"wp","href":"https:\/\/api.w.org\/{rel}","templated":true}]}}