{"id":57691,"date":"2026-04-01T00:57:15","date_gmt":"2026-04-01T00:57:15","guid":{"rendered":"https:\/\/jnksport.com\/producto\/zapatillas-senda-ushuaia-pro-2-0-sse5000-nr-hombre\/"},"modified":"2026-04-11T17:04:28","modified_gmt":"2026-04-11T17:04:28","slug":"zapatillas-senda-ushuaia-pro-2-0-sse5000-nr-hombre","status":"publish","type":"product","link":"https:\/\/jnksport.com\/en\/product\/zapatillas-senda-ushuaia-pro-2-0-sse5000-nr-hombre\/","title":{"rendered":"Zapatillas Senda Ushuaia Pro 2.0 SSE5000-NR Hombre"},"content":{"rendered":"<div>\n<div>Dise\u00f1ados para la velocidad. Hechos para la comodidad.<br \/>\nAmortiguaci\u00f3n inigualable, agarre excepcional y velocidad excepcional para jugar todo el d\u00eda. Dise\u00f1ados para una comodidad constante y un rendimiento que te permite jugar dondequiera que el juego te encuentre. Microfibra premium para un toque sensible al bal\u00f3n, golpes precisos y un TPU transpirable de m\u00faltiples dise\u00f1os en la parte superior.<\/p>\n<p>ESTABILIDAD MEJORADA: La parte superior sint\u00e9tica altamente flexible permite un movimiento m\u00e1s natural<\/p>\n<p>AMORTIGUACI\u00d3N AVANZADA: Nuestras plantillas de EVA de primera calidad brindan amortiguaci\u00f3n en toda la plantilla.<\/p>\n<p>S\u00daPER LIGERO: Incre\u00edblemente liviano, pesa solo 9 oz, para maximizar su velocidad y agilidad.<\/p>\n<p>AJUSTE C\u00d3MODO: La amortiguaci\u00f3n suave integral en el interior del calzado brinda protecci\u00f3n y seguridad al pie mientras controla el impacto.<\/p>\n<p>ALTAMENTE FLEXIBLE: Fabricado con material altamente flexible para permitir el movimiento natural del pie.<\/p>\n<p>MICROFIBRA PREMIUM: Para un toque sensible al bal\u00f3n y golpes precisos.<\/p>\n<p>MAYOR TRANSPIRABILIDAD: Un TPU transpirable de dise\u00f1o m\u00faltiple en la parte superior proporciona ventilaci\u00f3n para ayudar a mantener los pies frescos.<\/p>\n<\/div>\n<\/div>\n<ul>\n<li>Marca: Senda<\/li>\n<li>Codigo: SSE5000-NR<\/li>\n<li>Modelo: Ushuaia Pro 2.0<\/li>\n<li>G\u00e9nero: Hombre<\/li>\n<li>Estilo: Deportivo<\/li>\n<li>Cierre: Cordones<\/li>\n<li>Material: Cuero<\/li>\n<li>Color: Negro<\/li>\n<li>Material de la Suela: Goma<\/li>\n<\/ul>","protected":false},"excerpt":{"rendered":"<p>Dise\u00f1ados para la velocidad. Hechos para la comodidad. Amortiguaci\u00f3n inigualable, agarre excepcional y velocidad excepcional para jugar todo el d\u00eda. Dise\u00f1ados para una comodidad constante&#8230;<\/p>","protected":false},"featured_media":57690,"comment_status":"open","ping_status":"closed","template":"","meta":{"om_disable_all_campaigns":false,"_monsterinsights_skip_tracking":false,"_monsterinsights_sitenote_active":false,"_monsterinsights_sitenote_note":"","_monsterinsights_sitenote_category":0,"_uf_show_specific_survey":0,"_uf_disable_surveys":false,"_joinchat":[]},"etheme_brands":[],"product_brand":[],"product_cat":[19],"product_tag":[],"class_list":{"0":"post-57691","1":"product","2":"type-product","3":"status-publish","4":"has-post-thumbnail","6":"product_cat-hombre","7":"product_shipping_class-envio-a-lima-y-provincia","9":"first","10":"instock","11":"sale","12":"featured","13":"shipping-taxable","14":"purchasable","15":"product-type-variable"},"aioseo_notices":[],"_links":{"self":[{"href":"https:\/\/jnksport.com\/en\/wp-json\/wp\/v2\/product\/57691","targetHints":{"allow":["GET"]}}],"collection":[{"href":"https:\/\/jnksport.com\/en\/wp-json\/wp\/v2\/product"}],"about":[{"href":"https:\/\/jnksport.com\/en\/wp-json\/wp\/v2\/types\/product"}],"replies":[{"embeddable":true,"href":"https:\/\/jnksport.com\/en\/wp-json\/wp\/v2\/comments?post=57691"}],"version-history":[{"count":0,"href":"https:\/\/jnksport.com\/en\/wp-json\/wp\/v2\/product\/57691\/revisions"}],"wp:featuredmedia":[{"embeddable":true,"href":"https:\/\/jnksport.com\/en\/wp-json\/wp\/v2\/media\/57690"}],"wp:attachment":[{"href":"https:\/\/jnksport.com\/en\/wp-json\/wp\/v2\/media?parent=57691"}],"wp:term":[{"taxonomy":"brand","embeddable":true,"href":"https:\/\/jnksport.com\/en\/wp-json\/wp\/v2\/etheme_brands?post=57691"},{"taxonomy":"product_brand","embeddable":true,"href":"https:\/\/jnksport.com\/en\/wp-json\/wp\/v2\/product_brand?post=57691"},{"taxonomy":"product_cat","embeddable":true,"href":"https:\/\/jnksport.com\/en\/wp-json\/wp\/v2\/product_cat?post=57691"},{"taxonomy":"product_tag","embeddable":true,"href":"https:\/\/jnksport.com\/en\/wp-json\/wp\/v2\/product_tag?post=57691"}],"curies":[{"name":"wp","href":"https:\/\/api.w.org\/{rel}","templated":true}]}}