{"id":57701,"date":"2026-04-01T01:42:39","date_gmt":"2026-04-01T01:42:39","guid":{"rendered":"https:\/\/jnksport.com\/?post_type=product&#038;p=57701"},"modified":"2026-04-29T20:02:02","modified_gmt":"2026-04-29T20:02:02","slug":"zapatillas-asics-gel-dedicate-8-1042a237-105-mujer","status":"publish","type":"product","link":"https:\/\/jnksport.com\/en\/product\/zapatillas-asics-gel-dedicate-8-1042a237-105-mujer\/","title":{"rendered":"Zapatillas Asics Gel-Dedicate 8 1042A237-105 Mujer"},"content":{"rendered":"<div>\n<div>El calzado de tenis GEL-DEDICATE\u2122 8 ofrece una buena estabilidad y una sensaci\u00f3n flexible para mantener tu mente centrada durante el partido. La parte superior del calzado est\u00e1 confeccionada con revestimientos de cuero sint\u00e9tico para mejorar el soporte. Mantienen tus pies firmes al cambiar de direcci\u00f3n y perseguir jugadas desafiantes. La unidad de sujeci\u00f3n TRUSSTIC\u2122 y la suela envolvente mejoran la estabilidad y permiten que tus pies se muevan libremente. Esto permite hacer cambios de direcci\u00f3n con mayor confianza, especialmente si te est\u00e1s moviendo de un lado a otro.<\/p>\n<p>Tecnolog\u00eda TRUSSTIC\u2122 y suela de envoltura Mejorar la estabilidad<\/p><\/div>\n<\/div>\n<ul>\n<li>Marca: Asics<\/li>\n<li>Codigo: 1042A237-105<\/li>\n<li>Modelo: Gel-Dedicate 8<\/li>\n<li>G\u00e9nero: Mujer<\/li>\n<li>Estilo: Deportivo<\/li>\n<li>Cierre: Cordones<\/li>\n<li>Material: Cuero<\/li>\n<li>Color: Blanco<\/li>\n<li>Material de la Suela: Goma<\/li>\n<\/ul>","protected":false},"excerpt":{"rendered":"<p>El calzado de tenis GEL-DEDICATE\u2122 8 ofrece una buena estabilidad y una sensaci\u00f3n flexible para mantener tu mente centrada durante el partido. La parte superior&#8230;<\/p>","protected":false},"featured_media":59744,"comment_status":"open","ping_status":"closed","template":"","meta":{"om_disable_all_campaigns":false,"_monsterinsights_skip_tracking":false,"_monsterinsights_sitenote_active":false,"_monsterinsights_sitenote_note":"","_monsterinsights_sitenote_category":0,"_uf_show_specific_survey":0,"_uf_disable_surveys":false,"_joinchat":[]},"etheme_brands":[],"product_brand":[],"product_cat":[18],"product_tag":[],"class_list":{"0":"post-57701","1":"product","2":"type-product","3":"status-publish","4":"has-post-thumbnail","6":"product_cat-mujer","7":"product_shipping_class-envio-a-lima-y-provincia","9":"first","10":"instock","11":"sale","12":"featured","13":"shipping-taxable","14":"purchasable","15":"product-type-variable"},"aioseo_notices":[],"_links":{"self":[{"href":"https:\/\/jnksport.com\/en\/wp-json\/wp\/v2\/product\/57701","targetHints":{"allow":["GET"]}}],"collection":[{"href":"https:\/\/jnksport.com\/en\/wp-json\/wp\/v2\/product"}],"about":[{"href":"https:\/\/jnksport.com\/en\/wp-json\/wp\/v2\/types\/product"}],"replies":[{"embeddable":true,"href":"https:\/\/jnksport.com\/en\/wp-json\/wp\/v2\/comments?post=57701"}],"version-history":[{"count":1,"href":"https:\/\/jnksport.com\/en\/wp-json\/wp\/v2\/product\/57701\/revisions"}],"predecessor-version":[{"id":59745,"href":"https:\/\/jnksport.com\/en\/wp-json\/wp\/v2\/product\/57701\/revisions\/59745"}],"wp:featuredmedia":[{"embeddable":true,"href":"https:\/\/jnksport.com\/en\/wp-json\/wp\/v2\/media\/59744"}],"wp:attachment":[{"href":"https:\/\/jnksport.com\/en\/wp-json\/wp\/v2\/media?parent=57701"}],"wp:term":[{"taxonomy":"brand","embeddable":true,"href":"https:\/\/jnksport.com\/en\/wp-json\/wp\/v2\/etheme_brands?post=57701"},{"taxonomy":"product_brand","embeddable":true,"href":"https:\/\/jnksport.com\/en\/wp-json\/wp\/v2\/product_brand?post=57701"},{"taxonomy":"product_cat","embeddable":true,"href":"https:\/\/jnksport.com\/en\/wp-json\/wp\/v2\/product_cat?post=57701"},{"taxonomy":"product_tag","embeddable":true,"href":"https:\/\/jnksport.com\/en\/wp-json\/wp\/v2\/product_tag?post=57701"}],"curies":[{"name":"wp","href":"https:\/\/api.w.org\/{rel}","templated":true}]}}