{"id":57702,"date":"2026-04-01T01:42:39","date_gmt":"2026-04-01T01:42:39","guid":{"rendered":"https:\/\/jnksport.com\/?post_type=product&#038;p=57702"},"modified":"2026-05-01T20:53:31","modified_gmt":"2026-05-01T20:53:31","slug":"zapatillas-skechers-bobs-arch-117560-wht-mujer","status":"publish","type":"product","link":"https:\/\/jnksport.com\/en\/product\/zapatillas-skechers-bobs-arch-117560-wht-mujer\/","title":{"rendered":"Zapatillas Skechers Bobs Arch 117560-WHT Mujer"},"content":{"rendered":"<div>\n<div>La plantilla cuenta con tecnolog\u00eda Skechers Memory Foam acolchada y c\u00f3moda.<br \/>\nCuenta con una entresuela contorneada que absorbe los impactos.<br \/>\nCuenta con tecnolog\u00eda de amortiguaci\u00f3n Arch Comfort\u00ae para mayor soporte.<br \/>\nCuenta con una parte superior de punto especialmente dise\u00f1ada con cordones flexibles.<br \/>\nLa altura del tac\u00f3n es de 3,9 cm.<br \/>\nLas zapatillas deportivas Skechers Bobs Arch Comfort B Sweet &#8211; A Bind para mujer ofrecen una comodidad superior en cada momento de tu d\u00eda a d\u00eda gracias a su dise\u00f1o moderno y elegante. La tecnolog\u00eda de amortiguaci\u00f3n Skechers Memory Foam\u2122 de la plantilla proporciona un ajuste perfecto, ofreciendo soporte y comodidad durante todo el d\u00eda. Adem\u00e1s, la tecnolog\u00eda de amortiguaci\u00f3n Arch Comfort\u00ae proporciona un soporte adicional, protegiendo la estructura natural del pie. Las zapatillas deportivas Skechers Bobs Arch Comfort B Sweet &#8211; A Bind para mujer son ideales para quienes disfrutan de un estilo de vida din\u00e1mico y activo. Si buscas la combinaci\u00f3n perfecta de estilo deportivo y comodidad tecnol\u00f3gica, puedes elegir este modelo con Skechers Memory Foam y caracter\u00edsticas de calzado c\u00f3modo. Adem\u00e1s, con cada compra de BOBS\u00ae, contribuyes a la responsabilidad social mediante donaciones a animales necesitados. Con las Skechers\u00ae Arch Comfort B Sweet &#8211; A Bind, \u00a1expresa tu estilo y toma una decisi\u00f3n inteligente!<\/div>\n<\/div>\n<ul>\n<li>Marca: Skechers<\/li>\n<li>Codigo: 117560-WHT<\/li>\n<li>Modelo: Bobs Arch<\/li>\n<li>G\u00e9nero: Mujer<\/li>\n<li>Estilo: Urbano<\/li>\n<li>Cierre: Cordones<\/li>\n<li>Material: Cuero<\/li>\n<li>Color: Blanco<\/li>\n<li>Material de la Suela: Caucho<\/li>\n<\/ul>","protected":false},"excerpt":{"rendered":"<p>La plantilla cuenta con tecnolog\u00eda Skechers Memory Foam acolchada y c\u00f3moda. Cuenta con una entresuela contorneada que absorbe los impactos. Cuenta con tecnolog\u00eda de amortiguaci\u00f3n&#8230;<\/p>","protected":false},"featured_media":59837,"comment_status":"open","ping_status":"closed","template":"","meta":{"om_disable_all_campaigns":false,"_monsterinsights_skip_tracking":false,"_monsterinsights_sitenote_active":false,"_monsterinsights_sitenote_note":"","_monsterinsights_sitenote_category":0,"_uf_show_specific_survey":0,"_uf_disable_surveys":false,"_joinchat":[]},"etheme_brands":[],"product_brand":[],"product_cat":[18],"product_tag":[],"class_list":{"0":"post-57702","1":"product","2":"type-product","3":"status-publish","4":"has-post-thumbnail","6":"product_cat-mujer","7":"product_shipping_class-envio-a-lima-y-provincia","9":"first","10":"instock","11":"featured","12":"shipping-taxable","13":"purchasable","14":"product-type-variable"},"aioseo_notices":[],"_links":{"self":[{"href":"https:\/\/jnksport.com\/en\/wp-json\/wp\/v2\/product\/57702","targetHints":{"allow":["GET"]}}],"collection":[{"href":"https:\/\/jnksport.com\/en\/wp-json\/wp\/v2\/product"}],"about":[{"href":"https:\/\/jnksport.com\/en\/wp-json\/wp\/v2\/types\/product"}],"replies":[{"embeddable":true,"href":"https:\/\/jnksport.com\/en\/wp-json\/wp\/v2\/comments?post=57702"}],"version-history":[{"count":1,"href":"https:\/\/jnksport.com\/en\/wp-json\/wp\/v2\/product\/57702\/revisions"}],"predecessor-version":[{"id":59838,"href":"https:\/\/jnksport.com\/en\/wp-json\/wp\/v2\/product\/57702\/revisions\/59838"}],"wp:featuredmedia":[{"embeddable":true,"href":"https:\/\/jnksport.com\/en\/wp-json\/wp\/v2\/media\/59837"}],"wp:attachment":[{"href":"https:\/\/jnksport.com\/en\/wp-json\/wp\/v2\/media?parent=57702"}],"wp:term":[{"taxonomy":"brand","embeddable":true,"href":"https:\/\/jnksport.com\/en\/wp-json\/wp\/v2\/etheme_brands?post=57702"},{"taxonomy":"product_brand","embeddable":true,"href":"https:\/\/jnksport.com\/en\/wp-json\/wp\/v2\/product_brand?post=57702"},{"taxonomy":"product_cat","embeddable":true,"href":"https:\/\/jnksport.com\/en\/wp-json\/wp\/v2\/product_cat?post=57702"},{"taxonomy":"product_tag","embeddable":true,"href":"https:\/\/jnksport.com\/en\/wp-json\/wp\/v2\/product_tag?post=57702"}],"curies":[{"name":"wp","href":"https:\/\/api.w.org\/{rel}","templated":true}]}}