{"id":57706,"date":"2026-04-01T01:42:39","date_gmt":"2026-04-01T01:42:39","guid":{"rendered":"https:\/\/jnksport.com\/?post_type=product&#038;p=57706"},"modified":"2026-04-11T17:04:28","modified_gmt":"2026-04-11T17:04:28","slug":"zapatillas-nike-run-swift-3-dr2698-106-mujer","status":"publish","type":"product","link":"https:\/\/jnksport.com\/en\/product\/zapatillas-nike-run-swift-3-dr2698-106-mujer\/","title":{"rendered":"Zapatillas Nike Run Swift 3 DR2698-106 Mujer"},"content":{"rendered":"<div>\n<div>Sea cual sea la carrera, el Swift 3 estar\u00e1 ah\u00ed con una devoci\u00f3n y un soporte imperecederos. Te ayuda a salir y darlo todo para lograr un triple al final del d\u00eda o una carrera intensa de tres kil\u00f3metros de ida y vuelta con un dise\u00f1o modificado que ofrece soporte, durabilidad y comodidad por todas partes. Te ayudar\u00e1 a conquistar distancias cortas, sin duda, pero tambi\u00e9n te acompa\u00f1ar\u00e1 del punto A al B mientras te abres paso en el ritmo fren\u00e9tico de la vida cotidiana.<\/p>\n<p>Amortiguaci\u00f3n en cada pisada<\/p>\n<p>La amortiguaci\u00f3n de espuma brinda una sensaci\u00f3n suave en la planta del pie. La espuma de mayor altura brinda una sensaci\u00f3n de suavidad en cada pisada.<\/p>\n<p>Ajuste seguro<\/p>\n<p>Los filamentos Flywire aseguran los pies y proporcionan soporte cuando amarras las agujetas, para que puedas mantenerte estable.<\/p>\n<p>Datos del producto<\/p>\n<p>El revestimiento del tal\u00f3n ofrece mayor seguridad<br \/>\nLa malla en la punta mejora la transpirabilidad<br \/>\nLas ranuras flexibles en la suela de goma resistente brindan flexibilidad<\/p><\/div>\n<\/div>\n<ul>\n<li>Marca: Nike<\/li>\n<li>Codigo: DR2698-106<\/li>\n<li>Modelo: Run Swift 3<\/li>\n<li>G\u00e9nero: Mujer<\/li>\n<li>Estilo: Deportivo<\/li>\n<li>Cierre: Cordones<\/li>\n<li>Material: Textil<\/li>\n<li>Color: Blanco<\/li>\n<li>Material de la Suela: Goma<\/li>\n<\/ul>","protected":false},"excerpt":{"rendered":"<p>Sea cual sea la carrera, el Swift 3 estar\u00e1 ah\u00ed con una devoci\u00f3n y un soporte imperecederos. Te ayuda a salir y darlo todo para&#8230;<\/p>","protected":false},"featured_media":57764,"comment_status":"open","ping_status":"closed","template":"","meta":{"om_disable_all_campaigns":false,"_monsterinsights_skip_tracking":false,"_monsterinsights_sitenote_active":false,"_monsterinsights_sitenote_note":"","_monsterinsights_sitenote_category":0,"_uf_show_specific_survey":0,"_uf_disable_surveys":false,"_joinchat":[]},"etheme_brands":[],"product_brand":[],"product_cat":[18],"product_tag":[],"class_list":{"0":"post-57706","1":"product","2":"type-product","3":"status-publish","4":"has-post-thumbnail","6":"product_cat-mujer","7":"product_shipping_class-envio-a-lima-y-provincia","9":"first","10":"instock","11":"sale","12":"featured","13":"shipping-taxable","14":"purchasable","15":"product-type-variable"},"aioseo_notices":[],"_links":{"self":[{"href":"https:\/\/jnksport.com\/en\/wp-json\/wp\/v2\/product\/57706","targetHints":{"allow":["GET"]}}],"collection":[{"href":"https:\/\/jnksport.com\/en\/wp-json\/wp\/v2\/product"}],"about":[{"href":"https:\/\/jnksport.com\/en\/wp-json\/wp\/v2\/types\/product"}],"replies":[{"embeddable":true,"href":"https:\/\/jnksport.com\/en\/wp-json\/wp\/v2\/comments?post=57706"}],"version-history":[{"count":0,"href":"https:\/\/jnksport.com\/en\/wp-json\/wp\/v2\/product\/57706\/revisions"}],"wp:featuredmedia":[{"embeddable":true,"href":"https:\/\/jnksport.com\/en\/wp-json\/wp\/v2\/media\/57764"}],"wp:attachment":[{"href":"https:\/\/jnksport.com\/en\/wp-json\/wp\/v2\/media?parent=57706"}],"wp:term":[{"taxonomy":"brand","embeddable":true,"href":"https:\/\/jnksport.com\/en\/wp-json\/wp\/v2\/etheme_brands?post=57706"},{"taxonomy":"product_brand","embeddable":true,"href":"https:\/\/jnksport.com\/en\/wp-json\/wp\/v2\/product_brand?post=57706"},{"taxonomy":"product_cat","embeddable":true,"href":"https:\/\/jnksport.com\/en\/wp-json\/wp\/v2\/product_cat?post=57706"},{"taxonomy":"product_tag","embeddable":true,"href":"https:\/\/jnksport.com\/en\/wp-json\/wp\/v2\/product_tag?post=57706"}],"curies":[{"name":"wp","href":"https:\/\/api.w.org\/{rel}","templated":true}]}}