{"id":57772,"date":"2026-04-01T01:42:57","date_gmt":"2026-04-01T01:42:57","guid":{"rendered":"https:\/\/jnksport.com\/?post_type=product&#038;p=57772"},"modified":"2026-04-29T22:32:26","modified_gmt":"2026-04-29T22:32:26","slug":"zapatillas-nike-gamma-force-dx9176-118-mujer","status":"publish","type":"product","link":"https:\/\/jnksport.com\/en\/product\/zapatillas-nike-gamma-force-dx9176-118-mujer\/","title":{"rendered":"Zapatillas Nike Gamma Force DX9176-118 Mujer"},"content":{"rendered":"<div>\n<div>Capas sobre capas de estilo con dimensi\u00f3n: una fuerza que hay que tener en cuenta. Este calzado se inspira en la cultura del b\u00e1squetbol tradicional para brindar comodidad y versatilidad. Los materiales del cuello rinden homenaje al deporte vintage y la plataforma sutil le da otro nivel a tu look, literalmente. El Gamma Force forja su propio legado con un estilo inspirado en la cancha que puede usarse todo el d\u00eda, dondequiera que vayas.<\/p>\n<p>Beneficios<\/p>\n<p>Las capas de cuero, gamuza y malla aportan un look duradero y dimensional a cualquier atuendo.<br \/>\nEl levantamiento sutil de la plataforma te brinda la altura justa.<br \/>\nLa suela de goma Nike Grind moteada contiene, al menos, un 5% de material reciclado.<\/p>\n<p>Datos del producto<\/p>\n<p>Entresuela de goma<br \/>\nSuela de goma<\/p>\n<p>Air Force 1<\/p>\n<p>El Air Force 1, que debut\u00f3 en 1982 como un elemento imprescindible del b\u00e1squetbol, se convirti\u00f3 en el n\u00famero uno en los a\u00f1os 90. El look impecable del blanco sobre blanco cl\u00e1sico del AF1 triunf\u00f3 tanto en la cancha como en la calle y en muchos sitios m\u00e1s. El Air Force 1, que encontr\u00f3 su ritmo en la cultura del hiphop con el lanzamiento de colaboraciones y combinaciones de colores limitadas, se convirti\u00f3 en un calzado ic\u00f3nico en todo el mundo. No puede negarse el impacto de este modelo b\u00e1sico, con m\u00e1s de 2,000 versiones en la moda, la m\u00fasica y la cultura del calzado deportivo.<\/p>\n<p> Color que se muestra: Blanco\/Sanddrift\/Cannon<\/p><\/div>\n<\/div>\n<ul>\n<li>Marca: Nike<\/li>\n<li>Codigo: DX9176-118<\/li>\n<li>Modelo: Gamma Force<\/li>\n<li>G\u00e9nero: Mujer<\/li>\n<li>Estilo: Urbano<\/li>\n<li>Cierre: Cordones<\/li>\n<li>Material: Cuero<\/li>\n<li>Color: Blanco<\/li>\n<li>Material de la Suela: Goma<\/li>\n<\/ul>","protected":false},"excerpt":{"rendered":"<p>Capas sobre capas de estilo con dimensi\u00f3n: una fuerza que hay que tener en cuenta. Este calzado se inspira en la cultura del b\u00e1squetbol tradicional&#8230;<\/p>","protected":false},"featured_media":59507,"comment_status":"open","ping_status":"closed","template":"","meta":{"om_disable_all_campaigns":false,"_monsterinsights_skip_tracking":false,"_monsterinsights_sitenote_active":false,"_monsterinsights_sitenote_note":"","_monsterinsights_sitenote_category":0,"_uf_show_specific_survey":0,"_uf_disable_surveys":false,"_joinchat":[]},"etheme_brands":[],"product_brand":[],"product_cat":[18],"product_tag":[],"class_list":{"0":"post-57772","1":"product","2":"type-product","3":"status-publish","4":"has-post-thumbnail","6":"product_cat-mujer","7":"product_shipping_class-envio-a-lima-y-provincia","9":"first","10":"instock","11":"sale","12":"featured","13":"shipping-taxable","14":"purchasable","15":"product-type-variable"},"aioseo_notices":[],"_links":{"self":[{"href":"https:\/\/jnksport.com\/en\/wp-json\/wp\/v2\/product\/57772","targetHints":{"allow":["GET"]}}],"collection":[{"href":"https:\/\/jnksport.com\/en\/wp-json\/wp\/v2\/product"}],"about":[{"href":"https:\/\/jnksport.com\/en\/wp-json\/wp\/v2\/types\/product"}],"replies":[{"embeddable":true,"href":"https:\/\/jnksport.com\/en\/wp-json\/wp\/v2\/comments?post=57772"}],"version-history":[{"count":1,"href":"https:\/\/jnksport.com\/en\/wp-json\/wp\/v2\/product\/57772\/revisions"}],"predecessor-version":[{"id":59508,"href":"https:\/\/jnksport.com\/en\/wp-json\/wp\/v2\/product\/57772\/revisions\/59508"}],"wp:featuredmedia":[{"embeddable":true,"href":"https:\/\/jnksport.com\/en\/wp-json\/wp\/v2\/media\/59507"}],"wp:attachment":[{"href":"https:\/\/jnksport.com\/en\/wp-json\/wp\/v2\/media?parent=57772"}],"wp:term":[{"taxonomy":"brand","embeddable":true,"href":"https:\/\/jnksport.com\/en\/wp-json\/wp\/v2\/etheme_brands?post=57772"},{"taxonomy":"product_brand","embeddable":true,"href":"https:\/\/jnksport.com\/en\/wp-json\/wp\/v2\/product_brand?post=57772"},{"taxonomy":"product_cat","embeddable":true,"href":"https:\/\/jnksport.com\/en\/wp-json\/wp\/v2\/product_cat?post=57772"},{"taxonomy":"product_tag","embeddable":true,"href":"https:\/\/jnksport.com\/en\/wp-json\/wp\/v2\/product_tag?post=57772"}],"curies":[{"name":"wp","href":"https:\/\/api.w.org\/{rel}","templated":true}]}}