{"id":57773,"date":"2026-04-01T01:42:57","date_gmt":"2026-04-01T01:42:57","guid":{"rendered":"https:\/\/jnksport.com\/?post_type=product&#038;p=57773"},"modified":"2026-04-29T22:32:26","modified_gmt":"2026-04-29T22:32:26","slug":"zapatillas-nike-winflo-11-fj9509-001-hombre","status":"publish","type":"product","link":"https:\/\/jnksport.com\/en\/product\/zapatillas-nike-winflo-11-fj9509-001-hombre\/","title":{"rendered":"Zapatillas Nike Winflo 11 FJ9509-001 Hombre"},"content":{"rendered":"<div>\n<div>La amortiguaci\u00f3n responsiva proporciona una pisada equilibrada para las carreras del d\u00eda a d\u00eda. Disfruta del retorno de energ\u00eda con la combinaci\u00f3n de espuma Cushlon 3.0 y una unidad Nike Air completa en la entresuela. Adem\u00e1s, la banda el\u00e1stica del mediopi\u00e9 y el amplio antepi\u00e9 proporcionan un ajuste c\u00f3modo y adaptable.<\/p>\n<p>Caracter\u00edsticas principales<\/p>\n<p>Parte superior de malla dise\u00f1ada estrat\u00e9gicamente transpirable<br \/>\nEntresuela de espuma Cushlon 3.0 con una unidad Nike Air completa<br \/>\nLa suela de goma con dise\u00f1o tipo waffle ofrece una tracci\u00f3n duradera<br \/>\nLa banda el\u00e1stica en el mediopi\u00e9 se adapta a una gran variedad de ajustes y actividades<br \/>\nNovedades Un antepi\u00e9 espacioso, un tal\u00f3n m\u00e1s ancho y una mayor transpirabilidad.<\/p>\n<p>Datos del producto<\/p>\n<p>Peso aproximado: 325 g (talla 10 US para hombre)<br \/>\nCa\u00edda del tal\u00f3n a la punta: 10 mm<br \/>\nHorma MR-10: nuestro mejor y m\u00e1s uniforme ajuste<br \/>\nDetalles reflejantes<br \/>\nEste producto no est\u00e1 dise\u00f1ado para usarse como equipo de protecci\u00f3n personal (EPP)<\/p><\/div>\n<\/div>\n<ul>\n<li>Marca: Nike<\/li>\n<li>Codigo: FJ9509-001<\/li>\n<li>Modelo: Winflo 11<\/li>\n<li>G\u00e9nero: Hombre<\/li>\n<li>Estilo: Deportivo<\/li>\n<li>Cierre: Cordones<\/li>\n<li>Material: Textil<\/li>\n<li>Color: Negro<\/li>\n<li>Material de la Suela: Goma<\/li>\n<\/ul>","protected":false},"excerpt":{"rendered":"<p>La amortiguaci\u00f3n responsiva proporciona una pisada equilibrada para las carreras del d\u00eda a d\u00eda. Disfruta del retorno de energ\u00eda con la combinaci\u00f3n de espuma Cushlon&#8230;<\/p>","protected":false},"featured_media":59505,"comment_status":"open","ping_status":"closed","template":"","meta":{"om_disable_all_campaigns":false,"_monsterinsights_skip_tracking":false,"_monsterinsights_sitenote_active":false,"_monsterinsights_sitenote_note":"","_monsterinsights_sitenote_category":0,"_uf_show_specific_survey":0,"_uf_disable_surveys":false,"_joinchat":[]},"etheme_brands":[],"product_brand":[],"product_cat":[19],"product_tag":[],"class_list":{"0":"post-57773","1":"product","2":"type-product","3":"status-publish","4":"has-post-thumbnail","6":"product_cat-hombre","7":"product_shipping_class-envio-a-lima-y-provincia","9":"first","10":"instock","11":"sale","12":"featured","13":"shipping-taxable","14":"purchasable","15":"product-type-variable"},"aioseo_notices":[],"_links":{"self":[{"href":"https:\/\/jnksport.com\/en\/wp-json\/wp\/v2\/product\/57773","targetHints":{"allow":["GET"]}}],"collection":[{"href":"https:\/\/jnksport.com\/en\/wp-json\/wp\/v2\/product"}],"about":[{"href":"https:\/\/jnksport.com\/en\/wp-json\/wp\/v2\/types\/product"}],"replies":[{"embeddable":true,"href":"https:\/\/jnksport.com\/en\/wp-json\/wp\/v2\/comments?post=57773"}],"version-history":[{"count":1,"href":"https:\/\/jnksport.com\/en\/wp-json\/wp\/v2\/product\/57773\/revisions"}],"predecessor-version":[{"id":59506,"href":"https:\/\/jnksport.com\/en\/wp-json\/wp\/v2\/product\/57773\/revisions\/59506"}],"wp:featuredmedia":[{"embeddable":true,"href":"https:\/\/jnksport.com\/en\/wp-json\/wp\/v2\/media\/59505"}],"wp:attachment":[{"href":"https:\/\/jnksport.com\/en\/wp-json\/wp\/v2\/media?parent=57773"}],"wp:term":[{"taxonomy":"brand","embeddable":true,"href":"https:\/\/jnksport.com\/en\/wp-json\/wp\/v2\/etheme_brands?post=57773"},{"taxonomy":"product_brand","embeddable":true,"href":"https:\/\/jnksport.com\/en\/wp-json\/wp\/v2\/product_brand?post=57773"},{"taxonomy":"product_cat","embeddable":true,"href":"https:\/\/jnksport.com\/en\/wp-json\/wp\/v2\/product_cat?post=57773"},{"taxonomy":"product_tag","embeddable":true,"href":"https:\/\/jnksport.com\/en\/wp-json\/wp\/v2\/product_tag?post=57773"}],"curies":[{"name":"wp","href":"https:\/\/api.w.org\/{rel}","templated":true}]}}