{"id":57774,"date":"2026-04-01T01:42:57","date_gmt":"2026-04-01T01:42:57","guid":{"rendered":"https:\/\/jnksport.com\/?post_type=product&#038;p=57774"},"modified":"2026-04-29T22:32:26","modified_gmt":"2026-04-29T22:32:26","slug":"zapatillas-nike-mc-trainer-3-fq1831-100-hombre","status":"publish","type":"product","link":"https:\/\/jnksport.com\/en\/product\/zapatillas-nike-mc-trainer-3-fq1831-100-hombre\/","title":{"rendered":"Zapatillas Nike Mc Trainer 3 FQ1831-100 Hombre"},"content":{"rendered":"<div>\n<div>Haz que cada momento, minuto y movimiento en el gimnasio cuente. Ya sea que est\u00e9s haciendo la cuenta regresiva, terminando la \u00faltima serie o manteniendo una posici\u00f3n, los MC Trainer 3 te ayudan a alcanzar la condici\u00f3n f\u00edsica que buscas. La malla transpirable en la parte superior convierte estos tenis en unos que puedes usar en cualquier lugar. La base plana aporta un nivel de estabilidad a los movimientos que m\u00e1s te gustan.<\/p>\n<p>Estabilidad: alta<\/p>\n<p>Cuanto m\u00e1s soporte ofrecen los tenis, m\u00e1s estabilidad pueden darle a tu pisada. La combinaci\u00f3n de soporte optimizado y amortiguaci\u00f3n colocada intencionalmente te ayuda a sentir seguridad en cada paso. La base plana y estable te ayuda a mantener una posici\u00f3n firme y conectada a tierra al realizar movimientos laterales.<\/p>\n<p>Flexibilidad: moderada<\/p>\n<p>Cuanta m\u00e1s flexibilidad tengas en la entresuela y la suela, m\u00e1s podr\u00e1s moverte de forma natural. Las ranuras flexibles en el antepi\u00e9 te brindan flexibilidad donde y cuando la necesitas.<\/p>\n<p>Amortiguaci\u00f3n: moderada<\/p>\n<p>La amortiguaci\u00f3n en el antepi\u00e9 y el tal\u00f3n suaviza el impacto de tu entrenamiento. La mediasuela de espuma ofrece una amortiguaci\u00f3n suave y te ayuda a sentir seguridad en medio de una actividad f\u00edsica rigurosa.<\/p>\n<p>M\u00e1s beneficios<\/p>\n<p>La goma reciclada y el patr\u00f3n de tracci\u00f3n vers\u00e1til te ayudan a moverte en m\u00faltiples direcciones.<br \/>\nLas pieles de la puntera y el tal\u00f3n proporcionan una capa adicional de durabilidad en cada zona de alto desgaste.<br \/>\n Color que se muestra: Blanco<\/p><\/div>\n<\/div>\n<ul>\n<li>Marca: Nike<\/li>\n<li>Codigo: FQ1831-100<\/li>\n<li>Modelo: Mc Trainer 3<\/li>\n<li>G\u00e9nero: Hombre<\/li>\n<li>Estilo: Deportivo<\/li>\n<li>Cierre: Cordones<\/li>\n<li>Material: Textil<\/li>\n<li>Color: Blanco<\/li>\n<li>Material de la Suela: Goma<\/li>\n<\/ul>","protected":false},"excerpt":{"rendered":"<p>Haz que cada momento, minuto y movimiento en el gimnasio cuente. Ya sea que est\u00e9s haciendo la cuenta regresiva, terminando la \u00faltima serie o manteniendo&#8230;<\/p>","protected":false},"featured_media":59503,"comment_status":"open","ping_status":"closed","template":"","meta":{"om_disable_all_campaigns":false,"_monsterinsights_skip_tracking":false,"_monsterinsights_sitenote_active":false,"_monsterinsights_sitenote_note":"","_monsterinsights_sitenote_category":0,"_uf_show_specific_survey":0,"_uf_disable_surveys":false,"_joinchat":[]},"etheme_brands":[],"product_brand":[],"product_cat":[19],"product_tag":[],"class_list":{"0":"post-57774","1":"product","2":"type-product","3":"status-publish","4":"has-post-thumbnail","6":"product_cat-hombre","7":"product_shipping_class-envio-a-lima-y-provincia","9":"first","10":"instock","11":"sale","12":"featured","13":"shipping-taxable","14":"purchasable","15":"product-type-variable"},"aioseo_notices":[],"_links":{"self":[{"href":"https:\/\/jnksport.com\/en\/wp-json\/wp\/v2\/product\/57774","targetHints":{"allow":["GET"]}}],"collection":[{"href":"https:\/\/jnksport.com\/en\/wp-json\/wp\/v2\/product"}],"about":[{"href":"https:\/\/jnksport.com\/en\/wp-json\/wp\/v2\/types\/product"}],"replies":[{"embeddable":true,"href":"https:\/\/jnksport.com\/en\/wp-json\/wp\/v2\/comments?post=57774"}],"version-history":[{"count":1,"href":"https:\/\/jnksport.com\/en\/wp-json\/wp\/v2\/product\/57774\/revisions"}],"predecessor-version":[{"id":59504,"href":"https:\/\/jnksport.com\/en\/wp-json\/wp\/v2\/product\/57774\/revisions\/59504"}],"wp:featuredmedia":[{"embeddable":true,"href":"https:\/\/jnksport.com\/en\/wp-json\/wp\/v2\/media\/59503"}],"wp:attachment":[{"href":"https:\/\/jnksport.com\/en\/wp-json\/wp\/v2\/media?parent=57774"}],"wp:term":[{"taxonomy":"brand","embeddable":true,"href":"https:\/\/jnksport.com\/en\/wp-json\/wp\/v2\/etheme_brands?post=57774"},{"taxonomy":"product_brand","embeddable":true,"href":"https:\/\/jnksport.com\/en\/wp-json\/wp\/v2\/product_brand?post=57774"},{"taxonomy":"product_cat","embeddable":true,"href":"https:\/\/jnksport.com\/en\/wp-json\/wp\/v2\/product_cat?post=57774"},{"taxonomy":"product_tag","embeddable":true,"href":"https:\/\/jnksport.com\/en\/wp-json\/wp\/v2\/product_tag?post=57774"}],"curies":[{"name":"wp","href":"https:\/\/api.w.org\/{rel}","templated":true}]}}