{"id":57830,"date":"2026-04-01T01:43:11","date_gmt":"2026-04-01T01:43:11","guid":{"rendered":"https:\/\/jnksport.com\/?post_type=product&#038;p=57830"},"modified":"2026-04-29T22:32:26","modified_gmt":"2026-04-29T22:32:26","slug":"zapatillas-nike-air-max-excee-fz5486-103-hombre","status":"publish","type":"product","link":"https:\/\/jnksport.com\/en\/product\/zapatillas-nike-air-max-excee-fz5486-103-hombre\/","title":{"rendered":"Zapatillas Nike Air Max Excee FZ5486-103 Hombre"},"content":{"rendered":"<div>\n<div>Entra en ambiente con los tenis Nike Air Max Excee con los sutiles toques de colores nuevos que brindan un estilo que desaf\u00eda el tiempo. Inspirados en los Nike Air Max 90, estos tenis le dan un toque moderno a un \u00edcono legendario a trav\u00e9s de l\u00edneas de dise\u00f1o alargadas y proporciones distorsionadas.<\/p>\n<p>Beneficios<\/p>\n<p>La unidad Max Air agrega una amortiguaci\u00f3n \u00f3ptima y es visible a trav\u00e9s de tres ventanas para brindar un look realmente moderno.<br \/>\nLas l\u00edneas de dise\u00f1o alargadas rinden homenaje a los Air Max 90 y modernizan estos tenis de una manera innovadora.<br \/>\nLos revestimientos cosidos ofrecen un estilo de herencia y durabilidad.<br \/>\nEl cuello acolchado de corte low luce elegante y se siente c\u00f3modo.<\/p>\n<p>Datos del producto<\/p>\n<p>Entresuela de espuma<br \/>\nSuela de goma<\/p>\n<p>Nike Air Max Origins<\/p>\n<p>La tecnolog\u00eda revolucionaria Air se introdujo por primera vez en los tenis Nike en 1978. En 1987, el Air Max 1 debut\u00f3 con la tecnolog\u00eda Air visible en el tal\u00f3n, que les proporcionaba a sus fans mucho m\u00e1s que la sensaci\u00f3n de amortiguaci\u00f3n Air: esta comodidad tambi\u00e9n pod\u00eda verse. Desde entonces, los tenis Air Max de \u00faltima generaci\u00f3n se convirtieron en los favoritos de los atletas y coleccionistas por sus combinaciones atractivas de colores, adem\u00e1s de su amortiguaci\u00f3n ligera y confiable.<\/p><\/div>\n<\/div>\n<ul>\n<li>Marca: Nike<\/li>\n<li>Codigo: FZ5486-103<\/li>\n<li>Modelo: Air Max Excee<\/li>\n<li>G\u00e9nero: Hombre<\/li>\n<li>Estilo: Urbano<\/li>\n<li>Cierre: Cordones<\/li>\n<li>Material: Cuero<\/li>\n<li>Color: Verde<\/li>\n<li>Material de la Suela: Goma<\/li>\n<\/ul>","protected":false},"excerpt":{"rendered":"<p>Entra en ambiente con los tenis Nike Air Max Excee con los sutiles toques de colores nuevos que brindan un estilo que desaf\u00eda el tiempo&#8230;.<\/p>","protected":false},"featured_media":59513,"comment_status":"open","ping_status":"closed","template":"","meta":{"om_disable_all_campaigns":false,"_monsterinsights_skip_tracking":false,"_monsterinsights_sitenote_active":false,"_monsterinsights_sitenote_note":"","_monsterinsights_sitenote_category":0,"_uf_show_specific_survey":0,"_uf_disable_surveys":false,"_joinchat":[]},"etheme_brands":[],"product_brand":[],"product_cat":[19],"product_tag":[],"class_list":{"0":"post-57830","1":"product","2":"type-product","3":"status-publish","4":"has-post-thumbnail","6":"product_cat-hombre","7":"product_shipping_class-envio-a-lima-y-provincia","9":"first","10":"instock","11":"sale","12":"featured","13":"shipping-taxable","14":"purchasable","15":"product-type-variable"},"aioseo_notices":[],"_links":{"self":[{"href":"https:\/\/jnksport.com\/en\/wp-json\/wp\/v2\/product\/57830","targetHints":{"allow":["GET"]}}],"collection":[{"href":"https:\/\/jnksport.com\/en\/wp-json\/wp\/v2\/product"}],"about":[{"href":"https:\/\/jnksport.com\/en\/wp-json\/wp\/v2\/types\/product"}],"replies":[{"embeddable":true,"href":"https:\/\/jnksport.com\/en\/wp-json\/wp\/v2\/comments?post=57830"}],"version-history":[{"count":1,"href":"https:\/\/jnksport.com\/en\/wp-json\/wp\/v2\/product\/57830\/revisions"}],"predecessor-version":[{"id":59514,"href":"https:\/\/jnksport.com\/en\/wp-json\/wp\/v2\/product\/57830\/revisions\/59514"}],"wp:featuredmedia":[{"embeddable":true,"href":"https:\/\/jnksport.com\/en\/wp-json\/wp\/v2\/media\/59513"}],"wp:attachment":[{"href":"https:\/\/jnksport.com\/en\/wp-json\/wp\/v2\/media?parent=57830"}],"wp:term":[{"taxonomy":"brand","embeddable":true,"href":"https:\/\/jnksport.com\/en\/wp-json\/wp\/v2\/etheme_brands?post=57830"},{"taxonomy":"product_brand","embeddable":true,"href":"https:\/\/jnksport.com\/en\/wp-json\/wp\/v2\/product_brand?post=57830"},{"taxonomy":"product_cat","embeddable":true,"href":"https:\/\/jnksport.com\/en\/wp-json\/wp\/v2\/product_cat?post=57830"},{"taxonomy":"product_tag","embeddable":true,"href":"https:\/\/jnksport.com\/en\/wp-json\/wp\/v2\/product_tag?post=57830"}],"curies":[{"name":"wp","href":"https:\/\/api.w.org\/{rel}","templated":true}]}}