{"id":57832,"date":"2026-04-01T01:43:11","date_gmt":"2026-04-01T01:43:11","guid":{"rendered":"https:\/\/jnksport.com\/?post_type=product&#038;p=57832"},"modified":"2026-04-28T18:28:18","modified_gmt":"2026-04-28T18:28:18","slug":"zapatillas-nike-star-runner-5-hf7005-007-ninos","status":"publish","type":"product","link":"https:\/\/jnksport.com\/en\/product\/zapatillas-nike-star-runner-5-hf7005-007-ninos\/","title":{"rendered":"Zapatillas Nike Star Runner 5 HF7005-007 Ni\u00f1os"},"content":{"rendered":"<div>\n<div>Transpirables y ligeros, los Nike Star Runner 5 har\u00e1n que tu peque sue\u00f1e con todas las maneras que puede correr y jugar. La amortiguaci\u00f3n el\u00e1stica y el ajuste seguro le ayudan a aprovechar al m\u00e1ximo el tiempo de juego.<\/p>\n<p>Mant\u00e9n la frescura<\/p>\n<p>La malla transpirable y los tejidos Knit ventilados mantienen la ligereza y flexibilidad de la parte superior, ayudando a los pies m\u00e1s peque\u00f1os a mantener la frescura y comodidad. Reforzamos los dedos para mayor durabilidad.<\/p>\n<p>Ajuste seguro<\/p>\n<p>Una banda Dynamic Fit envuelve la parte media del pie y se combina con agujetas el\u00e1sticas para proporcionar a los ni\u00f1os una sensaci\u00f3n de estabilidad y contenci\u00f3n. La correa ajustable de cierre por contacto ayuda a los ni\u00f1os a fijar r\u00e1pidamente su ajuste.<\/p>\n<p>Ponte en acci\u00f3n<\/p>\n<p>Llenamos la entresuela con espuma para a\u00f1adir una amortiguaci\u00f3n suave y el\u00e1stica a cada pisada de los ni\u00f1os.<\/p>\n<p>M\u00e1s agarre<\/p>\n<p>El resalte de goma duradera de la suela proporciona tracci\u00f3n adicional donde m\u00e1s la necesitan los peque\u00f1os corredores.<\/p>\n<p>Datos del producto<\/p>\n<p>Agujetas el\u00e1sticas<br \/>\nPresilla de agarre en la leng\u00fceta<br \/>\n Color que se muestra: Tinte Platino\/Oro Met\u00e1lico-Negro<\/p><\/div>\n<\/div>\n<ul>\n<li>Marca: Nike<\/li>\n<li>Codigo: HF7005-007<\/li>\n<li>Modelo: Star Runner 5<\/li>\n<li>G\u00e9nero: Ni\u00f1os<\/li>\n<li>Estilo: Deportivo<\/li>\n<li>Cierre: Cordones<\/li>\n<li>Material: Textil<\/li>\n<li>Color: Blanco<\/li>\n<li>Material de la Suela: Goma<\/li>\n<\/ul>","protected":false},"excerpt":{"rendered":"<p>Transpirables y ligeros, los Nike Star Runner 5 har\u00e1n que tu peque sue\u00f1e con todas las maneras que puede correr y jugar. La amortiguaci\u00f3n el\u00e1stica&#8230;<\/p>","protected":false},"featured_media":59638,"comment_status":"open","ping_status":"closed","template":"","meta":{"om_disable_all_campaigns":false,"_monsterinsights_skip_tracking":false,"_monsterinsights_sitenote_active":false,"_monsterinsights_sitenote_note":"","_monsterinsights_sitenote_category":0,"_uf_show_specific_survey":0,"_uf_disable_surveys":false,"_joinchat":[]},"etheme_brands":[],"product_brand":[],"product_cat":[159],"product_tag":[],"class_list":{"0":"post-57832","1":"product","2":"type-product","3":"status-publish","4":"has-post-thumbnail","6":"product_cat-ninos","7":"product_shipping_class-envio-a-lima-y-provincia","9":"first","10":"instock","11":"sale","12":"featured","13":"shipping-taxable","14":"purchasable","15":"product-type-variable"},"aioseo_notices":[],"_links":{"self":[{"href":"https:\/\/jnksport.com\/en\/wp-json\/wp\/v2\/product\/57832","targetHints":{"allow":["GET"]}}],"collection":[{"href":"https:\/\/jnksport.com\/en\/wp-json\/wp\/v2\/product"}],"about":[{"href":"https:\/\/jnksport.com\/en\/wp-json\/wp\/v2\/types\/product"}],"replies":[{"embeddable":true,"href":"https:\/\/jnksport.com\/en\/wp-json\/wp\/v2\/comments?post=57832"}],"version-history":[{"count":1,"href":"https:\/\/jnksport.com\/en\/wp-json\/wp\/v2\/product\/57832\/revisions"}],"predecessor-version":[{"id":59368,"href":"https:\/\/jnksport.com\/en\/wp-json\/wp\/v2\/product\/57832\/revisions\/59368"}],"wp:featuredmedia":[{"embeddable":true,"href":"https:\/\/jnksport.com\/en\/wp-json\/wp\/v2\/media\/59638"}],"wp:attachment":[{"href":"https:\/\/jnksport.com\/en\/wp-json\/wp\/v2\/media?parent=57832"}],"wp:term":[{"taxonomy":"brand","embeddable":true,"href":"https:\/\/jnksport.com\/en\/wp-json\/wp\/v2\/etheme_brands?post=57832"},{"taxonomy":"product_brand","embeddable":true,"href":"https:\/\/jnksport.com\/en\/wp-json\/wp\/v2\/product_brand?post=57832"},{"taxonomy":"product_cat","embeddable":true,"href":"https:\/\/jnksport.com\/en\/wp-json\/wp\/v2\/product_cat?post=57832"},{"taxonomy":"product_tag","embeddable":true,"href":"https:\/\/jnksport.com\/en\/wp-json\/wp\/v2\/product_tag?post=57832"}],"curies":[{"name":"wp","href":"https:\/\/api.w.org\/{rel}","templated":true}]}}