{"id":57889,"date":"2026-04-01T01:43:24","date_gmt":"2026-04-01T01:43:24","guid":{"rendered":"https:\/\/jnksport.com\/?post_type=product&#038;p=57889"},"modified":"2026-04-24T19:09:32","modified_gmt":"2026-04-24T19:09:32","slug":"zapatillas-nike-v5-rnr-hq6411-002-ninos","status":"publish","type":"product","link":"https:\/\/jnksport.com\/en\/product\/zapatillas-nike-v5-rnr-hq6411-002-ninos\/","title":{"rendered":"Zapatillas Nike V5 Rnr HQ6411-002 Ni\u00f1os"},"content":{"rendered":"<div>\n<div>Comodidad y estilo se unen en una zapatilla hecha para las aventuras cotidianas. Manteni\u00e9ndose fiel a sus ra\u00edces Y2K, la V5 RNR tiene una entresuela de espuma gruesa pero liviana.<\/p>\n<p>Beneficios<\/p>\n<p>La parte superior de malla con revestimientos de cuero sint\u00e9tico es transpirable y duradera.<br \/>\nEl forro del cuello afelpado funciona con la entresuela de espuma para brindar comodidad durante todo el d\u00eda.<br \/>\nLa suela de goma con ranuras inspiradas en los a\u00f1os 00 agrega una gran tracci\u00f3n.<\/p>\n<p>Datos del producto<\/p>\n<p>Cordones cl\u00e1sicos<br \/>\nSuela de goma<br \/>\nNo est\u00e1 dise\u00f1ado para su uso como equipo de protecci\u00f3n personal (EPP)<br \/>\n Color que se muestra: Negro\/Antracita\/Negro<\/p><\/div>\n<\/div>\n<ul>\n<li>Marca: Nike<\/li>\n<li>Codigo: HQ6411-002<\/li>\n<li>Modelo: V5 Rnr<\/li>\n<li>G\u00e9nero: Ni\u00f1os<\/li>\n<li>Estilo: Urbano<\/li>\n<li>Cierre: Cordones<\/li>\n<li>Material: Textil<\/li>\n<li>Color: Negro<\/li>\n<li>Material de la Suela: Goma<\/li>\n<\/ul>","protected":false},"excerpt":{"rendered":"<p>Comodidad y estilo se unen en una zapatilla hecha para las aventuras cotidianas. Manteni\u00e9ndose fiel a sus ra\u00edces Y2K, la V5 RNR tiene una entresuela&#8230;<\/p>","protected":false},"featured_media":59323,"comment_status":"open","ping_status":"closed","template":"","meta":{"om_disable_all_campaigns":false,"_monsterinsights_skip_tracking":false,"_monsterinsights_sitenote_active":false,"_monsterinsights_sitenote_note":"","_monsterinsights_sitenote_category":0,"_uf_show_specific_survey":0,"_uf_disable_surveys":false,"_joinchat":[]},"etheme_brands":[],"product_brand":[],"product_cat":[159],"product_tag":[],"class_list":{"0":"post-57889","1":"product","2":"type-product","3":"status-publish","4":"has-post-thumbnail","6":"product_cat-ninos","7":"product_shipping_class-envio-a-lima-y-provincia","9":"first","10":"instock","11":"featured","12":"shipping-taxable","13":"purchasable","14":"product-type-variable"},"aioseo_notices":[],"_links":{"self":[{"href":"https:\/\/jnksport.com\/en\/wp-json\/wp\/v2\/product\/57889","targetHints":{"allow":["GET"]}}],"collection":[{"href":"https:\/\/jnksport.com\/en\/wp-json\/wp\/v2\/product"}],"about":[{"href":"https:\/\/jnksport.com\/en\/wp-json\/wp\/v2\/types\/product"}],"replies":[{"embeddable":true,"href":"https:\/\/jnksport.com\/en\/wp-json\/wp\/v2\/comments?post=57889"}],"version-history":[{"count":1,"href":"https:\/\/jnksport.com\/en\/wp-json\/wp\/v2\/product\/57889\/revisions"}],"predecessor-version":[{"id":59324,"href":"https:\/\/jnksport.com\/en\/wp-json\/wp\/v2\/product\/57889\/revisions\/59324"}],"wp:featuredmedia":[{"embeddable":true,"href":"https:\/\/jnksport.com\/en\/wp-json\/wp\/v2\/media\/59323"}],"wp:attachment":[{"href":"https:\/\/jnksport.com\/en\/wp-json\/wp\/v2\/media?parent=57889"}],"wp:term":[{"taxonomy":"brand","embeddable":true,"href":"https:\/\/jnksport.com\/en\/wp-json\/wp\/v2\/etheme_brands?post=57889"},{"taxonomy":"product_brand","embeddable":true,"href":"https:\/\/jnksport.com\/en\/wp-json\/wp\/v2\/product_brand?post=57889"},{"taxonomy":"product_cat","embeddable":true,"href":"https:\/\/jnksport.com\/en\/wp-json\/wp\/v2\/product_cat?post=57889"},{"taxonomy":"product_tag","embeddable":true,"href":"https:\/\/jnksport.com\/en\/wp-json\/wp\/v2\/product_tag?post=57889"}],"curies":[{"name":"wp","href":"https:\/\/api.w.org\/{rel}","templated":true}]}}