{"id":57890,"date":"2026-04-01T01:43:24","date_gmt":"2026-04-01T01:43:24","guid":{"rendered":"https:\/\/jnksport.com\/?post_type=product&#038;p=57890"},"modified":"2026-04-11T17:04:34","modified_gmt":"2026-04-11T17:04:34","slug":"zapatillas-new-balance-327-ws327fe-mujer","status":"publish","type":"product","link":"https:\/\/jnksport.com\/en\/product\/zapatillas-new-balance-327-ws327fe-mujer\/","title":{"rendered":"Zapatillas New Balance 327 WS327FE Mujer"},"content":{"rendered":"<div>\n<div>El dise\u00f1o moderno se combina con nuestro estilo de correr cl\u00e1sico en la 327. Confeccionadas con materiales de primera calidad que incluyen ante, estas zapatillas presentan un dise\u00f1o de empeine que celebra nuestra silueta emblem\u00e1tica de los a\u00f1os 70 al tiempo que a\u00f1aden detalles contempor\u00e1neos como un logotipo N llamativo para renovar un cl\u00e1sico de todos los tiempos. C\u00f3modas y claramente elegantes, estas zapatillas retro para mujer aportan un estilo de moda en tu uso diario.<\/p>\n<p>Detalles:<br \/>\nEntresuela ensanchada<br \/>\nEmpeine de ante, malla y tejido sint\u00e9tico con un dise\u00f1o extravagante en forma de colmillo inspirado en los modelos 320, 355 y Supercomp<br \/>\nMarca N de gran tama\u00f1o<br \/>\nMarca con el texto \u201cNew Balance\u201d lineal media<br \/>\nSuela en relieve inspirada en la zapatilla de trail 355<br \/>\nTal\u00f3n de goma inspirado en los modelos 320, 355 y Supercomp<br \/>\nPala de nailon de inspiraci\u00f3n retro<br \/>\nOjales partidos<br \/>\n281 gramos<br \/>\nMarca: New Balance<br \/>\nCategor\u00eda: Calzado<br \/>\nG\u00e9nero: Mujer<br \/>\nColor: Blanco<br \/>\nEstilo: Urbano<br \/>\nMaterial Suela: Caucho<br \/>\nSuperficie : Asfalto<br \/>\nTipo de Ca\u00f1a: Ca\u00f1a Baja<\/p><\/div>\n<\/div>\n<ul>\n<li>Marca: New Balance<\/li>\n<li>Codigo: WS327FE<\/li>\n<li>Modelo: 327<\/li>\n<li>G\u00e9nero: Mujer<\/li>\n<li>Estilo: Urbano<\/li>\n<li>Cierre: Cordones<\/li>\n<li>Material: Cuero<\/li>\n<li>Color: Beige<\/li>\n<li>Material de la Suela: Caucho<\/li>\n<\/ul>","protected":false},"excerpt":{"rendered":"<p>El dise\u00f1o moderno se combina con nuestro estilo de correr cl\u00e1sico en la 327. Confeccionadas con materiales de primera calidad que incluyen ante, estas zapatillas&#8230;<\/p>","protected":false},"featured_media":57917,"comment_status":"open","ping_status":"closed","template":"","meta":{"om_disable_all_campaigns":false,"_monsterinsights_skip_tracking":false,"_monsterinsights_sitenote_active":false,"_monsterinsights_sitenote_note":"","_monsterinsights_sitenote_category":0,"_uf_show_specific_survey":0,"_uf_disable_surveys":false,"_joinchat":[]},"etheme_brands":[],"product_brand":[],"product_cat":[18],"product_tag":[],"class_list":{"0":"post-57890","1":"product","2":"type-product","3":"status-publish","4":"has-post-thumbnail","6":"product_cat-mujer","7":"product_shipping_class-envio-a-lima-y-provincia","9":"first","10":"instock","11":"sale","12":"featured","13":"shipping-taxable","14":"purchasable","15":"product-type-variable"},"aioseo_notices":[],"_links":{"self":[{"href":"https:\/\/jnksport.com\/en\/wp-json\/wp\/v2\/product\/57890","targetHints":{"allow":["GET"]}}],"collection":[{"href":"https:\/\/jnksport.com\/en\/wp-json\/wp\/v2\/product"}],"about":[{"href":"https:\/\/jnksport.com\/en\/wp-json\/wp\/v2\/types\/product"}],"replies":[{"embeddable":true,"href":"https:\/\/jnksport.com\/en\/wp-json\/wp\/v2\/comments?post=57890"}],"version-history":[{"count":0,"href":"https:\/\/jnksport.com\/en\/wp-json\/wp\/v2\/product\/57890\/revisions"}],"wp:featuredmedia":[{"embeddable":true,"href":"https:\/\/jnksport.com\/en\/wp-json\/wp\/v2\/media\/57917"}],"wp:attachment":[{"href":"https:\/\/jnksport.com\/en\/wp-json\/wp\/v2\/media?parent=57890"}],"wp:term":[{"taxonomy":"brand","embeddable":true,"href":"https:\/\/jnksport.com\/en\/wp-json\/wp\/v2\/etheme_brands?post=57890"},{"taxonomy":"product_brand","embeddable":true,"href":"https:\/\/jnksport.com\/en\/wp-json\/wp\/v2\/product_brand?post=57890"},{"taxonomy":"product_cat","embeddable":true,"href":"https:\/\/jnksport.com\/en\/wp-json\/wp\/v2\/product_cat?post=57890"},{"taxonomy":"product_tag","embeddable":true,"href":"https:\/\/jnksport.com\/en\/wp-json\/wp\/v2\/product_tag?post=57890"}],"curies":[{"name":"wp","href":"https:\/\/api.w.org\/{rel}","templated":true}]}}