{"id":57957,"date":"2026-04-03T21:53:47","date_gmt":"2026-04-03T21:53:47","guid":{"rendered":"https:\/\/jnksport.com\/?post_type=product&#038;p=57957"},"modified":"2026-04-29T18:13:28","modified_gmt":"2026-04-29T18:13:28","slug":"zapatillas-asics-gel-contend-9-1011b881-006-hombre","status":"publish","type":"product","link":"https:\/\/jnksport.com\/en\/product\/zapatillas-asics-gel-contend-9-1011b881-006-hombre\/","title":{"rendered":"Zapatillas Asics GEL-CONTEND 9 1011B881-006 Hombre"},"content":{"rendered":"<div>\n<div>La zapatilla para correr GEL-CONTEND\u00ae 9 proporciona buena amortiguaci\u00f3n, soporte y durabilidad.<\/p>\n<p>La parte superior de malla t\u00e9cnica se estira con el movimiento natural del pie y proporciona un ajuste c\u00f3modo. Las costuras sint\u00e9ticas en las capas superpuestas proporcionan una mayor sujeci\u00f3n.<\/p>\n<p>La entresuela incorpora tecnolog\u00eda GEL\u00ae y amortiguaci\u00f3n AMPLIFOAM+. Estas tecnolog\u00edas aumentan la durabilidad y crean una sensaci\u00f3n de mayor suavidad al pisar.<\/p>\n<p>Materiales y tecnolog\u00eda<br \/>\nAmortiguaci\u00f3n con tecnolog\u00eda GEL\u00ae en el retropi\u00e9<br \/>\nMejora la absorci\u00f3n del impacto y crea una sensaci\u00f3n m\u00e1s suave al pisar.<br \/>\nParte superior de malla jacquard<br \/>\nMejora el flujo de aire<br \/>\nPlantilla OrthoLite\u2122<br \/>\nOfrece una excelente comodidad al entrar.<br \/>\nRanuras flexibles en la suela exterior<br \/>\nMejora la flexibilidad<br \/>\nCosturas sint\u00e9ticas en las superposiciones<br \/>\nMejora el soporte<br \/>\nAmortiguaci\u00f3n AMPLIFOAM+<br \/>\nAyuda a mejorar la durabilidad.<br \/>\nTecnolog\u00eda GUIDANCE LINE\u2122<br \/>\nProporciona una zancada m\u00e1s consistente<br \/>\nAl menos el 20% del material superior principal del calzado est\u00e1 fabricado con materiales reciclados para reducir los desechos y las emisiones de carbono.<br \/>\nLa plantilla se produce con el proceso de te\u00f1ido en soluci\u00f3n que reduce el uso de agua en aproximadamente un 33% y las emisiones de carbono en aproximadamente un 45% en comparaci\u00f3n con la tecnolog\u00eda de te\u00f1ido convencional.<\/p><\/div>\n<\/div>\n<ul>\n<li>Marca: Asics<\/li>\n<li>Codigo: 1011B881-006<\/li>\n<li>Modelo: GEL-CONTEND 9<\/li>\n<li>G\u00e9nero: Hombre<\/li>\n<li>Estilo: Deportivo<\/li>\n<li>Cierre: Cordones<\/li>\n<li>Material: Textil<\/li>\n<li>Color: Negro<\/li>\n<li>Material de la Suela: Caucho<\/li>\n<\/ul>","protected":false},"excerpt":{"rendered":"<p>La zapatilla para correr GEL-CONTEND\u00ae 9 proporciona buena amortiguaci\u00f3n, soporte y durabilidad. La parte superior de malla t\u00e9cnica se estira con el movimiento natural del&#8230;<\/p>","protected":false},"featured_media":59722,"comment_status":"open","ping_status":"closed","template":"","meta":{"om_disable_all_campaigns":false,"_monsterinsights_skip_tracking":false,"_monsterinsights_sitenote_active":false,"_monsterinsights_sitenote_note":"","_monsterinsights_sitenote_category":0,"_uf_show_specific_survey":0,"_uf_disable_surveys":false,"_joinchat":[]},"etheme_brands":[],"product_brand":[],"product_cat":[19],"product_tag":[],"class_list":{"0":"post-57957","1":"product","2":"type-product","3":"status-publish","4":"has-post-thumbnail","6":"product_cat-hombre","7":"product_shipping_class-envio-a-lima-y-provincia","9":"first","10":"instock","11":"sale","12":"featured","13":"shipping-taxable","14":"purchasable","15":"product-type-variable"},"aioseo_notices":[],"_links":{"self":[{"href":"https:\/\/jnksport.com\/en\/wp-json\/wp\/v2\/product\/57957","targetHints":{"allow":["GET"]}}],"collection":[{"href":"https:\/\/jnksport.com\/en\/wp-json\/wp\/v2\/product"}],"about":[{"href":"https:\/\/jnksport.com\/en\/wp-json\/wp\/v2\/types\/product"}],"replies":[{"embeddable":true,"href":"https:\/\/jnksport.com\/en\/wp-json\/wp\/v2\/comments?post=57957"}],"version-history":[{"count":1,"href":"https:\/\/jnksport.com\/en\/wp-json\/wp\/v2\/product\/57957\/revisions"}],"predecessor-version":[{"id":59723,"href":"https:\/\/jnksport.com\/en\/wp-json\/wp\/v2\/product\/57957\/revisions\/59723"}],"wp:featuredmedia":[{"embeddable":true,"href":"https:\/\/jnksport.com\/en\/wp-json\/wp\/v2\/media\/59722"}],"wp:attachment":[{"href":"https:\/\/jnksport.com\/en\/wp-json\/wp\/v2\/media?parent=57957"}],"wp:term":[{"taxonomy":"brand","embeddable":true,"href":"https:\/\/jnksport.com\/en\/wp-json\/wp\/v2\/etheme_brands?post=57957"},{"taxonomy":"product_brand","embeddable":true,"href":"https:\/\/jnksport.com\/en\/wp-json\/wp\/v2\/product_brand?post=57957"},{"taxonomy":"product_cat","embeddable":true,"href":"https:\/\/jnksport.com\/en\/wp-json\/wp\/v2\/product_cat?post=57957"},{"taxonomy":"product_tag","embeddable":true,"href":"https:\/\/jnksport.com\/en\/wp-json\/wp\/v2\/product_tag?post=57957"}],"curies":[{"name":"wp","href":"https:\/\/api.w.org\/{rel}","templated":true}]}}