{"id":57958,"date":"2026-04-03T21:53:47","date_gmt":"2026-04-03T21:53:47","guid":{"rendered":"https:\/\/jnksport.com\/?post_type=product&#038;p=57958"},"modified":"2026-04-29T18:16:25","modified_gmt":"2026-04-29T18:16:25","slug":"zapatillas-asics-versablast-4-1011b984-004-hombre","status":"publish","type":"product","link":"https:\/\/jnksport.com\/en\/product\/zapatillas-asics-versablast-4-1011b984-004-hombre\/","title":{"rendered":"Zapatillas Asics Versablast 4 1011B984-004 Hombre"},"content":{"rendered":"<div>\n<div>El calzado VERSABLAST 4 es una compa\u00f1era de entrenamiento vers\u00e1til para entrenamientos y reg\u00edmenes de carrera variados. Inspirada en nuestra serie de calzado Blast Beyond, hemos querido hacer este calzado m\u00e1s suave y ligera. Se ha dise\u00f1ado para ofrecer la m\u00e1xima comodidad en una amplia gama de actividades. Nos enfocarnos en la devoluci\u00f3n de energ\u00eda de El calzado, incluyendo una espuma de mediasuela con un rebote reactivo para una sensaci\u00f3n r\u00e1pida bajo los pies.<\/p>\n<p>La pronaci\u00f3n es parte del movimiento natural del cuerpo humano y se refiere a la forma en que su pie rueda hacia adentro para distribuir el impacto al aterrizar. Comprender su tipo de pronaci\u00f3n puede ayudarlo a encontrar un calzado c\u00f3modo para correr.El VERSABLAST 4 est\u00e1 hecho para Neutral y Supinaci\u00f3n.<\/p><\/div>\n<\/div>\n<ul>\n<li>Marca: Asics<\/li>\n<li>Codigo: 1011B984-004<\/li>\n<li>Modelo: Versablast 4<\/li>\n<li>G\u00e9nero: Hombre<\/li>\n<li>Estilo: Deportivo<\/li>\n<li>Cierre: Cordones<\/li>\n<li>Material: Textil<\/li>\n<li>Color: Gris<\/li>\n<li>Material de la Suela: Caucho<\/li>\n<\/ul>","protected":false},"excerpt":{"rendered":"<p>El calzado VERSABLAST 4 es una compa\u00f1era de entrenamiento vers\u00e1til para entrenamientos y reg\u00edmenes de carrera variados. Inspirada en nuestra serie de calzado Blast Beyond,&#8230;<\/p>","protected":false},"featured_media":59724,"comment_status":"open","ping_status":"closed","template":"","meta":{"om_disable_all_campaigns":false,"_monsterinsights_skip_tracking":false,"_monsterinsights_sitenote_active":false,"_monsterinsights_sitenote_note":"","_monsterinsights_sitenote_category":0,"_uf_show_specific_survey":0,"_uf_disable_surveys":false,"_joinchat":[]},"etheme_brands":[],"product_brand":[],"product_cat":[19],"product_tag":[],"class_list":{"0":"post-57958","1":"product","2":"type-product","3":"status-publish","4":"has-post-thumbnail","6":"product_cat-hombre","7":"product_shipping_class-envio-a-lima-y-provincia","9":"first","10":"instock","11":"sale","12":"featured","13":"shipping-taxable","14":"purchasable","15":"product-type-variable"},"aioseo_notices":[],"_links":{"self":[{"href":"https:\/\/jnksport.com\/en\/wp-json\/wp\/v2\/product\/57958","targetHints":{"allow":["GET"]}}],"collection":[{"href":"https:\/\/jnksport.com\/en\/wp-json\/wp\/v2\/product"}],"about":[{"href":"https:\/\/jnksport.com\/en\/wp-json\/wp\/v2\/types\/product"}],"replies":[{"embeddable":true,"href":"https:\/\/jnksport.com\/en\/wp-json\/wp\/v2\/comments?post=57958"}],"version-history":[{"count":1,"href":"https:\/\/jnksport.com\/en\/wp-json\/wp\/v2\/product\/57958\/revisions"}],"predecessor-version":[{"id":59725,"href":"https:\/\/jnksport.com\/en\/wp-json\/wp\/v2\/product\/57958\/revisions\/59725"}],"wp:featuredmedia":[{"embeddable":true,"href":"https:\/\/jnksport.com\/en\/wp-json\/wp\/v2\/media\/59724"}],"wp:attachment":[{"href":"https:\/\/jnksport.com\/en\/wp-json\/wp\/v2\/media?parent=57958"}],"wp:term":[{"taxonomy":"brand","embeddable":true,"href":"https:\/\/jnksport.com\/en\/wp-json\/wp\/v2\/etheme_brands?post=57958"},{"taxonomy":"product_brand","embeddable":true,"href":"https:\/\/jnksport.com\/en\/wp-json\/wp\/v2\/product_brand?post=57958"},{"taxonomy":"product_cat","embeddable":true,"href":"https:\/\/jnksport.com\/en\/wp-json\/wp\/v2\/product_cat?post=57958"},{"taxonomy":"product_tag","embeddable":true,"href":"https:\/\/jnksport.com\/en\/wp-json\/wp\/v2\/product_tag?post=57958"}],"curies":[{"name":"wp","href":"https:\/\/api.w.org\/{rel}","templated":true}]}}