{"id":57959,"date":"2026-04-03T21:53:47","date_gmt":"2026-04-03T21:53:47","guid":{"rendered":"https:\/\/jnksport.com\/?post_type=product&#038;p=57959"},"modified":"2026-04-29T18:18:42","modified_gmt":"2026-04-29T18:18:42","slug":"zapatillas-asics-gel-excite-11-1011c080-003-hombre","status":"publish","type":"product","link":"https:\/\/jnksport.com\/en\/product\/zapatillas-asics-gel-excite-11-1011c080-003-hombre\/","title":{"rendered":"Zapatillas Asics GEL-EXCITE 11 1011C080-003 Hombre"},"content":{"rendered":"<div>\n<div>La zapatilla GEL-EXCITE 11 se caracteriza por su dise\u00f1o c\u00f3modo y vers\u00e1til. Su forma contribuye a crear una mayor comodidad en la planta del pie durante tus rutinas de running y fitness. \u200b<\/p>\n<p>Esta zapatilla tambi\u00e9n incluye una suela m\u00e1s alta gracias a la capa de tecnolog\u00eda AMPLIFOAM PLUS en la mediasuela, creada para proporcionar una amortiguaci\u00f3n m\u00e1s c\u00f3moda y suave.<\/p>\n<p>Empeine confeccionado con malla jacquard<br \/>\nCrea una sensaci\u00f3n m\u00e1s suave alrededor del pie.<br \/>\nAmortiguaci\u00f3n AMPLIFOAM PLUS<br \/>\nAmortiguaci\u00f3n en la mediasuela que proporciona una pisada m\u00e1s suave y c\u00f3moda que la amortiguaci\u00f3n AMPLIFOAM est\u00e1ndar.<br \/>\nTecnolog\u00eda GEL en la parte posterior de pie<br \/>\nMaterial que aten\u00faa los impactos ubicado en la mediasuela de la zapatilla para una mayor amortiguaci\u00f3n y absorci\u00f3n de impactos.<br \/>\nPlantilla ORTHOLITE<br \/>\nPlantilla que proporciona amortiguaci\u00f3n y control de la humedad para que el pie est\u00e9 m\u00e1s fresco y seco dentro de la zapatilla.<br \/>\nRespetuoso con el veganismo: no hemos usado materiales de origen animal en las fases de dise\u00f1o y selecci\u00f3n de materiales, incluidos los hilos, los pegamentos u otros adhesivos aplicados en el producto. * Este art\u00edculo no cuenta con un certificado independiente de producto vegano.<\/p><\/div>\n<\/div>\n<ul>\n<li>Marca: Asics<\/li>\n<li>Codigo: 1011C080-003<\/li>\n<li>Modelo: GEL-EXCITE 11<\/li>\n<li>G\u00e9nero: Hombre<\/li>\n<li>Estilo: Deportivo<\/li>\n<li>Cierre: Cordones<\/li>\n<li>Material: Textil<\/li>\n<li>Color: Negro<\/li>\n<li>Material de la Suela: Caucho<\/li>\n<\/ul>","protected":false},"excerpt":{"rendered":"<p>La zapatilla GEL-EXCITE 11 se caracteriza por su dise\u00f1o c\u00f3modo y vers\u00e1til. Su forma contribuye a crear una mayor comodidad en la planta del pie&#8230;<\/p>","protected":false},"featured_media":59726,"comment_status":"open","ping_status":"closed","template":"","meta":{"om_disable_all_campaigns":false,"_monsterinsights_skip_tracking":false,"_monsterinsights_sitenote_active":false,"_monsterinsights_sitenote_note":"","_monsterinsights_sitenote_category":0,"_uf_show_specific_survey":0,"_uf_disable_surveys":false,"_joinchat":[]},"etheme_brands":[],"product_brand":[],"product_cat":[19],"product_tag":[],"class_list":{"0":"post-57959","1":"product","2":"type-product","3":"status-publish","4":"has-post-thumbnail","6":"product_cat-hombre","7":"product_shipping_class-envio-a-lima-y-provincia","9":"first","10":"instock","11":"sale","12":"featured","13":"shipping-taxable","14":"purchasable","15":"product-type-variable"},"aioseo_notices":[],"_links":{"self":[{"href":"https:\/\/jnksport.com\/en\/wp-json\/wp\/v2\/product\/57959","targetHints":{"allow":["GET"]}}],"collection":[{"href":"https:\/\/jnksport.com\/en\/wp-json\/wp\/v2\/product"}],"about":[{"href":"https:\/\/jnksport.com\/en\/wp-json\/wp\/v2\/types\/product"}],"replies":[{"embeddable":true,"href":"https:\/\/jnksport.com\/en\/wp-json\/wp\/v2\/comments?post=57959"}],"version-history":[{"count":1,"href":"https:\/\/jnksport.com\/en\/wp-json\/wp\/v2\/product\/57959\/revisions"}],"predecessor-version":[{"id":59727,"href":"https:\/\/jnksport.com\/en\/wp-json\/wp\/v2\/product\/57959\/revisions\/59727"}],"wp:featuredmedia":[{"embeddable":true,"href":"https:\/\/jnksport.com\/en\/wp-json\/wp\/v2\/media\/59726"}],"wp:attachment":[{"href":"https:\/\/jnksport.com\/en\/wp-json\/wp\/v2\/media?parent=57959"}],"wp:term":[{"taxonomy":"brand","embeddable":true,"href":"https:\/\/jnksport.com\/en\/wp-json\/wp\/v2\/etheme_brands?post=57959"},{"taxonomy":"product_brand","embeddable":true,"href":"https:\/\/jnksport.com\/en\/wp-json\/wp\/v2\/product_brand?post=57959"},{"taxonomy":"product_cat","embeddable":true,"href":"https:\/\/jnksport.com\/en\/wp-json\/wp\/v2\/product_cat?post=57959"},{"taxonomy":"product_tag","embeddable":true,"href":"https:\/\/jnksport.com\/en\/wp-json\/wp\/v2\/product_tag?post=57959"}],"curies":[{"name":"wp","href":"https:\/\/api.w.org\/{rel}","templated":true}]}}