{"id":58015,"date":"2026-04-03T21:54:03","date_gmt":"2026-04-03T21:54:03","guid":{"rendered":"https:\/\/jnksport.com\/?post_type=product&#038;p=58015"},"modified":"2026-04-29T16:31:34","modified_gmt":"2026-04-29T16:31:34","slug":"zapatillas-asics-court-slide-4-1041a491-020-hombre","status":"publish","type":"product","link":"https:\/\/jnksport.com\/en\/product\/zapatillas-asics-court-slide-4-1041a491-020-hombre\/","title":{"rendered":"Zapatillas Asics Court Slide 4 1041A491-020 Hombre"},"content":{"rendered":"<div>\n<div>El tenis COURT SLIDE\u2122 4 CLAY combina comodidad con estabilidad mejorada. Con una parte superior confeccionada en cuero sint\u00e9tico, estos zapatos brindan un ajuste c\u00f3modo gracias al suave acolchado alrededor del tal\u00f3n, mientras que la suela genera una mejor estabilidad durante los movimientos laterales. Malla resistentePiel sint\u00e9tica para mayor durabilidadEstabilidad mejorada para facilitar los movimientos lateralesSuela espec\u00edfica para Clay-\n<\/div>\n<\/div>\n<ul>\n<li>Marca: Asics<\/li>\n<li>Codigo: 1041A491-020<\/li>\n<li>Modelo: Court Slide 4<\/li>\n<li>G\u00e9nero: Hombre<\/li>\n<li>Estilo: Deportivo<\/li>\n<li>Cierre: Cordones<\/li>\n<li>Material: Cuero<\/li>\n<li>Color: Turquesa<\/li>\n<li>Material de la Suela: Caucho<\/li>\n<\/ul>","protected":false},"excerpt":{"rendered":"<p>El tenis COURT SLIDE\u2122 4 CLAY combina comodidad con estabilidad mejorada. Con una parte superior confeccionada en cuero sint\u00e9tico, estos zapatos brindan un ajuste c\u00f3modo&#8230;<\/p>","protected":false},"featured_media":59718,"comment_status":"open","ping_status":"closed","template":"","meta":{"om_disable_all_campaigns":false,"_monsterinsights_skip_tracking":false,"_monsterinsights_sitenote_active":false,"_monsterinsights_sitenote_note":"","_monsterinsights_sitenote_category":0,"_uf_show_specific_survey":0,"_uf_disable_surveys":false,"_joinchat":[]},"etheme_brands":[],"product_brand":[],"product_cat":[19],"product_tag":[],"class_list":{"0":"post-58015","1":"product","2":"type-product","3":"status-publish","4":"has-post-thumbnail","6":"product_cat-hombre","7":"product_shipping_class-envio-a-lima-y-provincia","9":"first","10":"instock","11":"sale","12":"featured","13":"shipping-taxable","14":"purchasable","15":"product-type-variable"},"aioseo_notices":[],"_links":{"self":[{"href":"https:\/\/jnksport.com\/en\/wp-json\/wp\/v2\/product\/58015","targetHints":{"allow":["GET"]}}],"collection":[{"href":"https:\/\/jnksport.com\/en\/wp-json\/wp\/v2\/product"}],"about":[{"href":"https:\/\/jnksport.com\/en\/wp-json\/wp\/v2\/types\/product"}],"replies":[{"embeddable":true,"href":"https:\/\/jnksport.com\/en\/wp-json\/wp\/v2\/comments?post=58015"}],"version-history":[{"count":1,"href":"https:\/\/jnksport.com\/en\/wp-json\/wp\/v2\/product\/58015\/revisions"}],"predecessor-version":[{"id":59719,"href":"https:\/\/jnksport.com\/en\/wp-json\/wp\/v2\/product\/58015\/revisions\/59719"}],"wp:featuredmedia":[{"embeddable":true,"href":"https:\/\/jnksport.com\/en\/wp-json\/wp\/v2\/media\/59718"}],"wp:attachment":[{"href":"https:\/\/jnksport.com\/en\/wp-json\/wp\/v2\/media?parent=58015"}],"wp:term":[{"taxonomy":"brand","embeddable":true,"href":"https:\/\/jnksport.com\/en\/wp-json\/wp\/v2\/etheme_brands?post=58015"},{"taxonomy":"product_brand","embeddable":true,"href":"https:\/\/jnksport.com\/en\/wp-json\/wp\/v2\/product_brand?post=58015"},{"taxonomy":"product_cat","embeddable":true,"href":"https:\/\/jnksport.com\/en\/wp-json\/wp\/v2\/product_cat?post=58015"},{"taxonomy":"product_tag","embeddable":true,"href":"https:\/\/jnksport.com\/en\/wp-json\/wp\/v2\/product_tag?post=58015"}],"curies":[{"name":"wp","href":"https:\/\/api.w.org\/{rel}","templated":true}]}}