{"id":58018,"date":"2026-04-03T21:54:03","date_gmt":"2026-04-03T21:54:03","guid":{"rendered":"https:\/\/jnksport.com\/?post_type=product&#038;p=58018"},"modified":"2026-04-03T21:54:22","modified_gmt":"2026-04-03T21:54:22","slug":"zapatillas-converse-chuck-70-162063-mujer","status":"publish","type":"product","link":"https:\/\/jnksport.com\/en\/product\/zapatillas-converse-chuck-70-162063-mujer\/","title":{"rendered":"Zapatillas Converse Chuck 70 162063 Mujer"},"content":{"rendered":"<div>\n<div>Las Chuck 70 combinan los mejores detalles de las Chuck de los 70 con una artesan\u00eda impecable y materiales de primera calidad. Un icono de estilo sofisticado, ofrecen mayor amortiguaci\u00f3n para que te veas y te sientas bien todo el d\u00eda. Las Chuck 70 destacan en las pasarelas de la semana de la moda y las calles de la ciudad, convirti\u00e9ndolas en las zapatillas ideales para quienes buscan realzar y expresar su estilo. <\/p>\n<p>Fabricado en lona de primera calidad para mayor durabilidad y una sensaci\u00f3n superior.<br \/>\nPlantilla OrthoLite para mayor comodidad.<br \/>\nLos ojales de alto brillo le dan brillo.<br \/>\nPared lateral de goma m\u00e1s alta y brillante y costura en la leng\u00fceta con forma de aler\u00f3n.<br \/>\nDetalles hist\u00f3ricos como el logotipo del tal\u00f3n de los a\u00f1os 70 son un gui\u00f1o a su legado.<\/p><\/div>\n<\/div>\n<ul>\n<li>Marca: Converse<\/li>\n<li>Codigo: 162063<\/li>\n<li>Modelo: Chuck 70<\/li>\n<li>G\u00e9nero: Mujer<\/li>\n<li>Estilo: Urbano<\/li>\n<li>Cierre: Cordones<\/li>\n<li>Material: Textil<\/li>\n<li>Color: Amarillo<\/li>\n<li>Material de la Suela: Goma<\/li>\n<\/ul>","protected":false},"excerpt":{"rendered":"<p>Las Chuck 70 combinan los mejores detalles de las Chuck de los 70 con una artesan\u00eda impecable y materiales de primera calidad. Un icono de&#8230;<\/p>","protected":false},"featured_media":58052,"comment_status":"open","ping_status":"closed","template":"","meta":{"om_disable_all_campaigns":false,"_monsterinsights_skip_tracking":false,"_monsterinsights_sitenote_active":false,"_monsterinsights_sitenote_note":"","_monsterinsights_sitenote_category":0,"_uf_show_specific_survey":0,"_uf_disable_surveys":false,"_joinchat":[]},"etheme_brands":[],"product_brand":[],"product_cat":[18],"product_tag":[],"class_list":{"0":"post-58018","1":"product","2":"type-product","3":"status-publish","4":"has-post-thumbnail","6":"product_cat-mujer","7":"product_shipping_class-envio-a-lima-y-provincia","9":"first","10":"instock","11":"sale","12":"featured","13":"shipping-taxable","14":"purchasable","15":"product-type-variable"},"aioseo_notices":[],"_links":{"self":[{"href":"https:\/\/jnksport.com\/en\/wp-json\/wp\/v2\/product\/58018","targetHints":{"allow":["GET"]}}],"collection":[{"href":"https:\/\/jnksport.com\/en\/wp-json\/wp\/v2\/product"}],"about":[{"href":"https:\/\/jnksport.com\/en\/wp-json\/wp\/v2\/types\/product"}],"replies":[{"embeddable":true,"href":"https:\/\/jnksport.com\/en\/wp-json\/wp\/v2\/comments?post=58018"}],"version-history":[{"count":0,"href":"https:\/\/jnksport.com\/en\/wp-json\/wp\/v2\/product\/58018\/revisions"}],"wp:featuredmedia":[{"embeddable":true,"href":"https:\/\/jnksport.com\/en\/wp-json\/wp\/v2\/media\/58052"}],"wp:attachment":[{"href":"https:\/\/jnksport.com\/en\/wp-json\/wp\/v2\/media?parent=58018"}],"wp:term":[{"taxonomy":"brand","embeddable":true,"href":"https:\/\/jnksport.com\/en\/wp-json\/wp\/v2\/etheme_brands?post=58018"},{"taxonomy":"product_brand","embeddable":true,"href":"https:\/\/jnksport.com\/en\/wp-json\/wp\/v2\/product_brand?post=58018"},{"taxonomy":"product_cat","embeddable":true,"href":"https:\/\/jnksport.com\/en\/wp-json\/wp\/v2\/product_cat?post=58018"},{"taxonomy":"product_tag","embeddable":true,"href":"https:\/\/jnksport.com\/en\/wp-json\/wp\/v2\/product_tag?post=58018"}],"curies":[{"name":"wp","href":"https:\/\/api.w.org\/{rel}","templated":true}]}}