{"id":58020,"date":"2026-04-03T21:54:03","date_gmt":"2026-04-03T21:54:03","guid":{"rendered":"https:\/\/jnksport.com\/?post_type=product&#038;p=58020"},"modified":"2026-04-29T22:32:26","modified_gmt":"2026-04-29T22:32:26","slug":"zapatillas-puma-pounce-lite-312239-18-mujer","status":"publish","type":"product","link":"https:\/\/jnksport.com\/en\/product\/zapatillas-puma-pounce-lite-312239-18-mujer\/","title":{"rendered":"Zapatillas Puma Pounce Lite 312239-18 Mujer"},"content":{"rendered":"<div>\n<div>Estos tenis son tu nueva opci\u00f3n favorita para estar c\u00f3moda todo el d\u00eda. Con espuma ultra liviana PUMALITE, una duradera suela PROTREAD y detalles moldeados, combinan un calce de alto rendimiento con materiales de calidad. Perfectas para una vida en movimiento y completas con la ic\u00f3nica marca PUMA.<\/p>\n<p>CARACTER\u00cdSTICAS Y BENEFICIOS<br \/>\nCubierta fabricada con al menos un 30% de materiales reciclados<br \/>\nDETALLES<br \/>\nCalce regular<br \/>\nCubierta textil<br \/>\nCon cordones<br \/>\nNivel de amortiguaci\u00f3n<br \/>\nDetalles de la marca PUMA<br \/>\nMATERIAL DE INFORMACI\u00d3N<br \/>\nPlantilla: 100% Textil<br \/>\nSuela: 100% Goma<br \/>\nExterior: 58.39% Textil, 41.61% Sint\u00e9tico<br \/>\nForro: 100% Textil<\/p><\/div>\n<\/div>\n<ul>\n<li>Marca: Puma<\/li>\n<li>Codigo: 312239-18<\/li>\n<li>Modelo: Pounce Lite<\/li>\n<li>G\u00e9nero: Mujer<\/li>\n<li>Estilo: Urbano<\/li>\n<li>Cierre: Cordones<\/li>\n<li>Material: Textil<\/li>\n<li>Color: Negro<\/li>\n<li>Material de la Suela: Goma<\/li>\n<\/ul>","protected":false},"excerpt":{"rendered":"<p>Estos tenis son tu nueva opci\u00f3n favorita para estar c\u00f3moda todo el d\u00eda. Con espuma ultra liviana PUMALITE, una duradera suela PROTREAD y detalles moldeados,&#8230;<\/p>","protected":false},"featured_media":58071,"comment_status":"open","ping_status":"closed","template":"","meta":{"om_disable_all_campaigns":false,"_monsterinsights_skip_tracking":false,"_monsterinsights_sitenote_active":false,"_monsterinsights_sitenote_note":"","_monsterinsights_sitenote_category":0,"_uf_show_specific_survey":0,"_uf_disable_surveys":false,"_joinchat":[]},"etheme_brands":[],"product_brand":[],"product_cat":[18],"product_tag":[],"class_list":{"0":"post-58020","1":"product","2":"type-product","3":"status-publish","4":"has-post-thumbnail","6":"product_cat-mujer","7":"product_shipping_class-envio-a-lima-y-provincia","9":"first","10":"instock","11":"sale","12":"featured","13":"shipping-taxable","14":"purchasable","15":"product-type-variable"},"aioseo_notices":[],"_links":{"self":[{"href":"https:\/\/jnksport.com\/en\/wp-json\/wp\/v2\/product\/58020","targetHints":{"allow":["GET"]}}],"collection":[{"href":"https:\/\/jnksport.com\/en\/wp-json\/wp\/v2\/product"}],"about":[{"href":"https:\/\/jnksport.com\/en\/wp-json\/wp\/v2\/types\/product"}],"replies":[{"embeddable":true,"href":"https:\/\/jnksport.com\/en\/wp-json\/wp\/v2\/comments?post=58020"}],"version-history":[{"count":0,"href":"https:\/\/jnksport.com\/en\/wp-json\/wp\/v2\/product\/58020\/revisions"}],"wp:featuredmedia":[{"embeddable":true,"href":"https:\/\/jnksport.com\/en\/wp-json\/wp\/v2\/media\/58071"}],"wp:attachment":[{"href":"https:\/\/jnksport.com\/en\/wp-json\/wp\/v2\/media?parent=58020"}],"wp:term":[{"taxonomy":"brand","embeddable":true,"href":"https:\/\/jnksport.com\/en\/wp-json\/wp\/v2\/etheme_brands?post=58020"},{"taxonomy":"product_brand","embeddable":true,"href":"https:\/\/jnksport.com\/en\/wp-json\/wp\/v2\/product_brand?post=58020"},{"taxonomy":"product_cat","embeddable":true,"href":"https:\/\/jnksport.com\/en\/wp-json\/wp\/v2\/product_cat?post=58020"},{"taxonomy":"product_tag","embeddable":true,"href":"https:\/\/jnksport.com\/en\/wp-json\/wp\/v2\/product_tag?post=58020"}],"curies":[{"name":"wp","href":"https:\/\/api.w.org\/{rel}","templated":true}]}}