{"id":58086,"date":"2026-04-03T21:54:25","date_gmt":"2026-04-03T21:54:25","guid":{"rendered":"https:\/\/jnksport.com\/?post_type=product&#038;p=58086"},"modified":"2026-04-29T22:32:26","modified_gmt":"2026-04-29T22:32:26","slug":"zapatillas-nike-initiator-394053-006-mujer","status":"publish","type":"product","link":"https:\/\/jnksport.com\/en\/product\/zapatillas-nike-initiator-394053-006-mujer\/","title":{"rendered":"Zapatillas Nike Initiator 394053-006 Mujer"},"content":{"rendered":"<div>\n<div>Recorre kil\u00f3metros con el c\u00f3modo soporte de los Nike Initiator. Cuentan con una parte superior transpirable con un dise\u00f1o suave y amortiguado que te ayuda a correr con confianza.<\/p>\n<p>Beneficios<\/p>\n<p>La entresuela de espuma brinda una pisada suave y amortiguada.<br \/>\nLos revestimientos con soporte ayudan a centrar el pie en los tenis.<br \/>\nLas ranuras flexibles en la suela te permiten moverte libremente.<br \/>\nUn forro suave aumenta la comodidad.<br \/>\n Color que se muestra: Negro\/Gris Humo Oscuro\/Hechizo Rosa<\/p><\/div>\n<\/div>\n<ul>\n<li>Marca: Nike<\/li>\n<li>Codigo: 394053-006<\/li>\n<li>Modelo: Initiator<\/li>\n<li>G\u00e9nero: Mujer<\/li>\n<li>Estilo: Deportivo<\/li>\n<li>Cierre: Cordones<\/li>\n<li>Material: Textil<\/li>\n<li>Color: Negro<\/li>\n<li>Material de la Suela: Caucho<\/li>\n<\/ul>","protected":false},"excerpt":{"rendered":"<p>Recorre kil\u00f3metros con el c\u00f3modo soporte de los Nike Initiator. Cuentan con una parte superior transpirable con un dise\u00f1o suave y amortiguado que te ayuda&#8230;<\/p>","protected":false},"featured_media":59321,"comment_status":"open","ping_status":"closed","template":"","meta":{"om_disable_all_campaigns":false,"_monsterinsights_skip_tracking":false,"_monsterinsights_sitenote_active":false,"_monsterinsights_sitenote_note":"","_monsterinsights_sitenote_category":0,"_uf_show_specific_survey":0,"_uf_disable_surveys":false,"_joinchat":[]},"etheme_brands":[],"product_brand":[],"product_cat":[18],"product_tag":[],"class_list":{"0":"post-58086","1":"product","2":"type-product","3":"status-publish","4":"has-post-thumbnail","6":"product_cat-mujer","7":"product_shipping_class-envio-a-lima-y-provincia","9":"first","10":"instock","11":"sale","12":"featured","13":"shipping-taxable","14":"purchasable","15":"product-type-variable"},"aioseo_notices":[],"_links":{"self":[{"href":"https:\/\/jnksport.com\/en\/wp-json\/wp\/v2\/product\/58086","targetHints":{"allow":["GET"]}}],"collection":[{"href":"https:\/\/jnksport.com\/en\/wp-json\/wp\/v2\/product"}],"about":[{"href":"https:\/\/jnksport.com\/en\/wp-json\/wp\/v2\/types\/product"}],"replies":[{"embeddable":true,"href":"https:\/\/jnksport.com\/en\/wp-json\/wp\/v2\/comments?post=58086"}],"version-history":[{"count":1,"href":"https:\/\/jnksport.com\/en\/wp-json\/wp\/v2\/product\/58086\/revisions"}],"predecessor-version":[{"id":59322,"href":"https:\/\/jnksport.com\/en\/wp-json\/wp\/v2\/product\/58086\/revisions\/59322"}],"wp:featuredmedia":[{"embeddable":true,"href":"https:\/\/jnksport.com\/en\/wp-json\/wp\/v2\/media\/59321"}],"wp:attachment":[{"href":"https:\/\/jnksport.com\/en\/wp-json\/wp\/v2\/media?parent=58086"}],"wp:term":[{"taxonomy":"brand","embeddable":true,"href":"https:\/\/jnksport.com\/en\/wp-json\/wp\/v2\/etheme_brands?post=58086"},{"taxonomy":"product_brand","embeddable":true,"href":"https:\/\/jnksport.com\/en\/wp-json\/wp\/v2\/product_brand?post=58086"},{"taxonomy":"product_cat","embeddable":true,"href":"https:\/\/jnksport.com\/en\/wp-json\/wp\/v2\/product_cat?post=58086"},{"taxonomy":"product_tag","embeddable":true,"href":"https:\/\/jnksport.com\/en\/wp-json\/wp\/v2\/product_tag?post=58086"}],"curies":[{"name":"wp","href":"https:\/\/api.w.org\/{rel}","templated":true}]}}