{"id":58089,"date":"2026-04-03T21:54:25","date_gmt":"2026-04-03T21:54:25","guid":{"rendered":"https:\/\/jnksport.com\/?post_type=product&#038;p=58089"},"modified":"2026-04-11T17:04:34","modified_gmt":"2026-04-11T17:04:34","slug":"zapatillas-converse-chuck-taylor-all-star-move-a03669-ninas","status":"publish","type":"product","link":"https:\/\/jnksport.com\/en\/product\/zapatillas-converse-chuck-taylor-all-star-move-a03669-ninas\/","title":{"rendered":"Zapatillas Converse Chuck Taylor All Star Move A03669 Ni\u00f1as"},"content":{"rendered":"<div>\n<div>Las nuevas Chuck Taylor All Star Move te dan m\u00e1s altura y personalidad. La plataforma llamativa y explosiva con menos peso da un toque original. El parche All Star a todo color en el tobillo y la tira el tal\u00f3n destacan en contraste con la parte superior de lona cl\u00e1sica. Con una plantilla de espuma suave y acolchada, estas sneakers est\u00e1n listas para jugar durante todo el d\u00eda.<\/div>\n<\/div>\n<ul>\n<li>Marca: Converse<\/li>\n<li>Codigo: A03669<\/li>\n<li>Modelo: Chuck Taylor All Star Move<\/li>\n<li>G\u00e9nero: Ni\u00f1as<\/li>\n<li>Estilo: Urbano<\/li>\n<li>Cierre: Cordones<\/li>\n<li>Material: Textil<\/li>\n<li>Color: Blanco<\/li>\n<li>Material de la Suela: Caucho<\/li>\n<\/ul>","protected":false},"excerpt":{"rendered":"<p>Las nuevas Chuck Taylor All Star Move te dan m\u00e1s altura y personalidad. La plataforma llamativa y explosiva con menos peso da un toque original&#8230;.<\/p>","protected":false},"featured_media":58141,"comment_status":"open","ping_status":"closed","template":"","meta":{"om_disable_all_campaigns":false,"_monsterinsights_skip_tracking":false,"_monsterinsights_sitenote_active":false,"_monsterinsights_sitenote_note":"","_monsterinsights_sitenote_category":0,"_uf_show_specific_survey":0,"_uf_disable_surveys":false,"_joinchat":[]},"etheme_brands":[],"product_brand":[],"product_cat":[159],"product_tag":[],"class_list":{"0":"post-58089","1":"product","2":"type-product","3":"status-publish","4":"has-post-thumbnail","6":"product_cat-ninos","7":"product_shipping_class-envio-a-lima-y-provincia","9":"first","10":"instock","11":"featured","12":"shipping-taxable","13":"purchasable","14":"product-type-variable"},"aioseo_notices":[],"_links":{"self":[{"href":"https:\/\/jnksport.com\/en\/wp-json\/wp\/v2\/product\/58089","targetHints":{"allow":["GET"]}}],"collection":[{"href":"https:\/\/jnksport.com\/en\/wp-json\/wp\/v2\/product"}],"about":[{"href":"https:\/\/jnksport.com\/en\/wp-json\/wp\/v2\/types\/product"}],"replies":[{"embeddable":true,"href":"https:\/\/jnksport.com\/en\/wp-json\/wp\/v2\/comments?post=58089"}],"version-history":[{"count":0,"href":"https:\/\/jnksport.com\/en\/wp-json\/wp\/v2\/product\/58089\/revisions"}],"wp:featuredmedia":[{"embeddable":true,"href":"https:\/\/jnksport.com\/en\/wp-json\/wp\/v2\/media\/58141"}],"wp:attachment":[{"href":"https:\/\/jnksport.com\/en\/wp-json\/wp\/v2\/media?parent=58089"}],"wp:term":[{"taxonomy":"brand","embeddable":true,"href":"https:\/\/jnksport.com\/en\/wp-json\/wp\/v2\/etheme_brands?post=58089"},{"taxonomy":"product_brand","embeddable":true,"href":"https:\/\/jnksport.com\/en\/wp-json\/wp\/v2\/product_brand?post=58089"},{"taxonomy":"product_cat","embeddable":true,"href":"https:\/\/jnksport.com\/en\/wp-json\/wp\/v2\/product_cat?post=58089"},{"taxonomy":"product_tag","embeddable":true,"href":"https:\/\/jnksport.com\/en\/wp-json\/wp\/v2\/product_tag?post=58089"}],"curies":[{"name":"wp","href":"https:\/\/api.w.org\/{rel}","templated":true}]}}