{"id":58257,"date":"2026-04-03T21:55:06","date_gmt":"2026-04-03T21:55:06","guid":{"rendered":"https:\/\/jnksport.com\/producto\/zapatillas-converse-pro-blaze-easy-on-a17816-ninos\/"},"modified":"2026-04-11T17:04:34","modified_gmt":"2026-04-11T17:04:34","slug":"zapatillas-converse-pro-blaze-easy-on-a17816-ninos","status":"publish","type":"product","link":"https:\/\/jnksport.com\/en\/product\/zapatillas-converse-pro-blaze-easy-on-a17816-ninos\/","title":{"rendered":"Zapatillas Converse Pro Blaze Easy-on A17816 Ni\u00f1os"},"content":{"rendered":"<div>\n<div>Los tejidos cl\u00e1sicos y los colores retro ofrecen un estilo inspirado en la cancha y un look de victoria total.<\/p>\n<p>Detalles:<br \/>\nParte superior de piel duradera y puntera de goma para crear el estilo de las Pro Blaze<br \/>\nAmortiguaci\u00f3n de espuma suave bajo el pie para jugar con comodidad<br \/>\nCordones el\u00e1sticos, correa ajustable y tira del tal\u00f3n para pon\u00e9rselas y quit\u00e1rselas f\u00e1cilmente<br \/>\nLeng\u00fceta y zona del tobillo acolchadas para una mayor comodidad<br \/>\nLogotipo cl\u00e1sico de estrella y gal\u00f3n y etiqueta tejida en la leng\u00fceta que rinden homenaje a nuestro legado<br \/>\nCategor\u00eda: Calzado<br \/>\nG\u00e9nero: Ni\u00f1o<br \/>\nColor: Azul<br \/>\nEstilo: Urbano<br \/>\nMaterial: Cuero<br \/>\nMaterial Suela: Caucho<br \/>\nSuperficie : Asfalto<br \/>\nTipo de Ca\u00f1a: Ca\u00f1a Baja<\/p><\/div>\n<\/div>\n<ul>\n<li>Marca: Converse<\/li>\n<li>Codigo: A17816<\/li>\n<li>Modelo: Pro Blaze Easy-on<\/li>\n<li>G\u00e9nero: Ni\u00f1os<\/li>\n<li>Estilo: Urbano<\/li>\n<li>Cierre: Cordones<\/li>\n<li>Material: Cuero<\/li>\n<li>Color: Azul<\/li>\n<li>Material de la Suela: Caucho<\/li>\n<\/ul>","protected":false},"excerpt":{"rendered":"<p>Los tejidos cl\u00e1sicos y los colores retro ofrecen un estilo inspirado en la cancha y un look de victoria total. Detalles: Parte superior de piel&#8230;<\/p>","protected":false},"featured_media":58256,"comment_status":"open","ping_status":"closed","template":"","meta":{"om_disable_all_campaigns":false,"_monsterinsights_skip_tracking":false,"_monsterinsights_sitenote_active":false,"_monsterinsights_sitenote_note":"","_monsterinsights_sitenote_category":0,"_uf_show_specific_survey":0,"_uf_disable_surveys":false,"_joinchat":[]},"etheme_brands":[],"product_brand":[],"product_cat":[159],"product_tag":[],"class_list":{"0":"post-58257","1":"product","2":"type-product","3":"status-publish","4":"has-post-thumbnail","6":"product_cat-ninos","7":"product_shipping_class-envio-a-lima-y-provincia","9":"first","10":"instock","11":"sale","12":"featured","13":"shipping-taxable","14":"purchasable","15":"product-type-variable"},"aioseo_notices":[],"_links":{"self":[{"href":"https:\/\/jnksport.com\/en\/wp-json\/wp\/v2\/product\/58257","targetHints":{"allow":["GET"]}}],"collection":[{"href":"https:\/\/jnksport.com\/en\/wp-json\/wp\/v2\/product"}],"about":[{"href":"https:\/\/jnksport.com\/en\/wp-json\/wp\/v2\/types\/product"}],"replies":[{"embeddable":true,"href":"https:\/\/jnksport.com\/en\/wp-json\/wp\/v2\/comments?post=58257"}],"version-history":[{"count":0,"href":"https:\/\/jnksport.com\/en\/wp-json\/wp\/v2\/product\/58257\/revisions"}],"wp:featuredmedia":[{"embeddable":true,"href":"https:\/\/jnksport.com\/en\/wp-json\/wp\/v2\/media\/58256"}],"wp:attachment":[{"href":"https:\/\/jnksport.com\/en\/wp-json\/wp\/v2\/media?parent=58257"}],"wp:term":[{"taxonomy":"brand","embeddable":true,"href":"https:\/\/jnksport.com\/en\/wp-json\/wp\/v2\/etheme_brands?post=58257"},{"taxonomy":"product_brand","embeddable":true,"href":"https:\/\/jnksport.com\/en\/wp-json\/wp\/v2\/product_brand?post=58257"},{"taxonomy":"product_cat","embeddable":true,"href":"https:\/\/jnksport.com\/en\/wp-json\/wp\/v2\/product_cat?post=58257"},{"taxonomy":"product_tag","embeddable":true,"href":"https:\/\/jnksport.com\/en\/wp-json\/wp\/v2\/product_tag?post=58257"}],"curies":[{"name":"wp","href":"https:\/\/api.w.org\/{rel}","templated":true}]}}