{"id":58264,"date":"2026-04-03T21:55:10","date_gmt":"2026-04-03T21:55:10","guid":{"rendered":"https:\/\/jnksport.com\/?post_type=product&#038;p=58264"},"modified":"2026-04-29T22:32:29","modified_gmt":"2026-04-29T22:32:29","slug":"zapatillas-nike-ebernon-low-aq1774-102-hombre","status":"publish","type":"product","link":"https:\/\/jnksport.com\/en\/product\/zapatillas-nike-ebernon-low-aq1774-102-hombre\/","title":{"rendered":"Zapatillas Nike Ebernon Low AQ1774-102 Hombre"},"content":{"rendered":"<div>\n<div>Nike Ebernon Low<br \/>\nLas Nike Ebernon Low son unas zapatillas urbanas para mujer que toma el look retro de las zapatillas de b\u00e1squet en los a\u00f1os 80. Su suela exterior est\u00e1 hecha de caucho para brindarte m\u00e1xima tracci\u00f3n y estabilidad, mientras que su superficie de cuero las ayudar\u00e1 a mantenerse como el primer d\u00eda. Atr\u00e9vete a lucirlas por las calles de la ciudad.<\/p>\n<p>Beneficios del producto<br \/>\nCuenta con una superficie de cuero para mayor durabilidad.<br \/>\nTiene una suela de caucho que proporciona tracci\u00f3n.<br \/>\nViene con una leng\u00fceta y alrededores acolchonados de malla para mejorar latranspirabilidad.<\/p><\/div>\n<\/div>\n<ul>\n<li>Marca: Nike<\/li>\n<li>Codigo: AQ1774-102<\/li>\n<li>Modelo: Ebernon Low<\/li>\n<li>G\u00e9nero: Hombre<\/li>\n<li>Estilo: Urbano<\/li>\n<li>Cierre: Cordones<\/li>\n<li>Material: Cuero<\/li>\n<li>Color: Blanco<\/li>\n<li>Material de la Suela: Caucho<\/li>\n<\/ul>","protected":false},"excerpt":{"rendered":"<p>Nike Ebernon Low Las Nike Ebernon Low son unas zapatillas urbanas para mujer que toma el look retro de las zapatillas de b\u00e1squet en los&#8230;<\/p>","protected":false},"featured_media":59380,"comment_status":"open","ping_status":"closed","template":"","meta":{"om_disable_all_campaigns":false,"_monsterinsights_skip_tracking":false,"_monsterinsights_sitenote_active":false,"_monsterinsights_sitenote_note":"","_monsterinsights_sitenote_category":0,"_uf_show_specific_survey":0,"_uf_disable_surveys":false,"_joinchat":[]},"etheme_brands":[],"product_brand":[],"product_cat":[19],"product_tag":[],"class_list":{"0":"post-58264","1":"product","2":"type-product","3":"status-publish","4":"has-post-thumbnail","6":"product_cat-hombre","7":"product_shipping_class-envio-a-lima-y-provincia","9":"first","10":"instock","11":"sale","12":"featured","13":"shipping-taxable","14":"purchasable","15":"product-type-variable"},"aioseo_notices":[],"_links":{"self":[{"href":"https:\/\/jnksport.com\/en\/wp-json\/wp\/v2\/product\/58264","targetHints":{"allow":["GET"]}}],"collection":[{"href":"https:\/\/jnksport.com\/en\/wp-json\/wp\/v2\/product"}],"about":[{"href":"https:\/\/jnksport.com\/en\/wp-json\/wp\/v2\/types\/product"}],"replies":[{"embeddable":true,"href":"https:\/\/jnksport.com\/en\/wp-json\/wp\/v2\/comments?post=58264"}],"version-history":[{"count":1,"href":"https:\/\/jnksport.com\/en\/wp-json\/wp\/v2\/product\/58264\/revisions"}],"predecessor-version":[{"id":59381,"href":"https:\/\/jnksport.com\/en\/wp-json\/wp\/v2\/product\/58264\/revisions\/59381"}],"wp:featuredmedia":[{"embeddable":true,"href":"https:\/\/jnksport.com\/en\/wp-json\/wp\/v2\/media\/59380"}],"wp:attachment":[{"href":"https:\/\/jnksport.com\/en\/wp-json\/wp\/v2\/media?parent=58264"}],"wp:term":[{"taxonomy":"brand","embeddable":true,"href":"https:\/\/jnksport.com\/en\/wp-json\/wp\/v2\/etheme_brands?post=58264"},{"taxonomy":"product_brand","embeddable":true,"href":"https:\/\/jnksport.com\/en\/wp-json\/wp\/v2\/product_brand?post=58264"},{"taxonomy":"product_cat","embeddable":true,"href":"https:\/\/jnksport.com\/en\/wp-json\/wp\/v2\/product_cat?post=58264"},{"taxonomy":"product_tag","embeddable":true,"href":"https:\/\/jnksport.com\/en\/wp-json\/wp\/v2\/product_tag?post=58264"}],"curies":[{"name":"wp","href":"https:\/\/api.w.org\/{rel}","templated":true}]}}