{"id":58265,"date":"2026-04-03T21:55:10","date_gmt":"2026-04-03T21:55:10","guid":{"rendered":"https:\/\/jnksport.com\/?post_type=product&#038;p=58265"},"modified":"2026-04-25T19:59:55","modified_gmt":"2026-04-25T19:59:55","slug":"zapatillas-nike-court-vision-low-dh3158-119-mujer","status":"publish","type":"product","link":"https:\/\/jnksport.com\/en\/product\/zapatillas-nike-court-vision-low-dh3158-119-mujer\/","title":{"rendered":"Zapatillas Nike Court Vision Low DH3158-119 Mujer"},"content":{"rendered":"<div>\n<div>\u00bfAdoras el look cl\u00e1sico del b\u00e1squetbol de los a\u00f1os 80, pero tambi\u00e9n te apasiona la cultura acelerada de los partidos actuales? Te presentamos el Nike Court Vision Low Next Nature. Confeccionado con al menos un 20% de materiales reciclados por peso, su parte superior impecable y revestimientos cosidos est\u00e1n inspirados en los a\u00f1os de tiros de gancho y calcetines tubo. El cuello acolchado y la suela de goma le brindan comodidad y tracci\u00f3n a tu mundo.<\/p>\n<p>Beneficios<\/p>\n<p>El dise\u00f1o confeccionado con materiales sint\u00e9ticos rinde homenaje a los tenis de b\u00e1squetbol de mediados de los 80.<br \/>\nCuando veas Nike Sunburst o el nombre Next Nature (NN), identificar\u00e1s un paso m\u00e1s en nuestro camino hacia cero carbono y cero desechos.<br \/>\nConfeccionados con al menos un 20% de materiales reciclados por peso.<br \/>\nEl cuello acolchado low ofrece un look elegante y una gran comodidad, al tiempo que las perforaciones en las puntas y los laterales aportan comodidad y transpirabilidad.<br \/>\nLa confecci\u00f3n vulcanizada une la suela con la entresuela para lograr un look sencillo que es c\u00f3modo y duradero.<br \/>\nDatos del producto<\/p>\n<p>Perforaciones en la punta y los laterales<br \/>\nSuela de goma<br \/>\n Color que se muestra: Blanco<\/p><\/div>\n<\/div>\n<ul>\n<li>Marca: Nike<\/li>\n<li>Codigo: DH3158-119<\/li>\n<li>Modelo: Court Vision Low<\/li>\n<li>G\u00e9nero: Mujer<\/li>\n<li>Estilo: Urbano<\/li>\n<li>Cierre: Cordones<\/li>\n<li>Material: Cuero<\/li>\n<li>Color: Blanco<\/li>\n<li>Material de la Suela: Goma<\/li>\n<\/ul>","protected":false},"excerpt":{"rendered":"<p>\u00bfAdoras el look cl\u00e1sico del b\u00e1squetbol de los a\u00f1os 80, pero tambi\u00e9n te apasiona la cultura acelerada de los partidos actuales? Te presentamos el Nike&#8230;<\/p>","protected":false},"featured_media":59356,"comment_status":"open","ping_status":"closed","template":"","meta":{"om_disable_all_campaigns":false,"_monsterinsights_skip_tracking":false,"_monsterinsights_sitenote_active":false,"_monsterinsights_sitenote_note":"","_monsterinsights_sitenote_category":0,"_uf_show_specific_survey":0,"_uf_disable_surveys":false,"_joinchat":[]},"etheme_brands":[],"product_brand":[],"product_cat":[18],"product_tag":[],"class_list":{"0":"post-58265","1":"product","2":"type-product","3":"status-publish","4":"has-post-thumbnail","6":"product_cat-mujer","7":"product_shipping_class-envio-a-lima-y-provincia","9":"first","10":"instock","11":"sale","12":"featured","13":"shipping-taxable","14":"purchasable","15":"product-type-variable"},"aioseo_notices":[],"_links":{"self":[{"href":"https:\/\/jnksport.com\/en\/wp-json\/wp\/v2\/product\/58265","targetHints":{"allow":["GET"]}}],"collection":[{"href":"https:\/\/jnksport.com\/en\/wp-json\/wp\/v2\/product"}],"about":[{"href":"https:\/\/jnksport.com\/en\/wp-json\/wp\/v2\/types\/product"}],"replies":[{"embeddable":true,"href":"https:\/\/jnksport.com\/en\/wp-json\/wp\/v2\/comments?post=58265"}],"version-history":[{"count":1,"href":"https:\/\/jnksport.com\/en\/wp-json\/wp\/v2\/product\/58265\/revisions"}],"predecessor-version":[{"id":59357,"href":"https:\/\/jnksport.com\/en\/wp-json\/wp\/v2\/product\/58265\/revisions\/59357"}],"wp:featuredmedia":[{"embeddable":true,"href":"https:\/\/jnksport.com\/en\/wp-json\/wp\/v2\/media\/59356"}],"wp:attachment":[{"href":"https:\/\/jnksport.com\/en\/wp-json\/wp\/v2\/media?parent=58265"}],"wp:term":[{"taxonomy":"brand","embeddable":true,"href":"https:\/\/jnksport.com\/en\/wp-json\/wp\/v2\/etheme_brands?post=58265"},{"taxonomy":"product_brand","embeddable":true,"href":"https:\/\/jnksport.com\/en\/wp-json\/wp\/v2\/product_brand?post=58265"},{"taxonomy":"product_cat","embeddable":true,"href":"https:\/\/jnksport.com\/en\/wp-json\/wp\/v2\/product_cat?post=58265"},{"taxonomy":"product_tag","embeddable":true,"href":"https:\/\/jnksport.com\/en\/wp-json\/wp\/v2\/product_tag?post=58265"}],"curies":[{"name":"wp","href":"https:\/\/api.w.org\/{rel}","templated":true}]}}