{"id":58314,"date":"2026-04-03T21:55:26","date_gmt":"2026-04-03T21:55:26","guid":{"rendered":"https:\/\/jnksport.com\/?post_type=product&#038;p=58314"},"modified":"2026-04-29T22:32:29","modified_gmt":"2026-04-29T22:32:29","slug":"zapatillas-nike-court-legacy-lift-dm7590-112-mujer","status":"publish","type":"product","link":"https:\/\/jnksport.com\/en\/product\/zapatillas-nike-court-legacy-lift-dm7590-112-mujer\/","title":{"rendered":"Zapatillas Nike Court Legacy Lift DM7590-112 Mujer"},"content":{"rendered":"<div>\n<div>Mejora tu estilo con el Nike Court Legacy Lift. La entresuela de la plataforma aporta un estilo audaz a un dise\u00f1o cl\u00e1sico y f\u00e1cil de usar. No te preocupes, hemos mantenido el ajuste que m\u00e1s te gusta.<\/p>\n<p>Beneficios<\/p>\n<p>La parte superior con capas sutiles mantiene el estilo cl\u00e1sico f\u00e1cil de usar.<br \/>\nLa suela de goma ofrece tracci\u00f3n y durabilidad.<br \/>\nLa leng\u00fceta y el tal\u00f3n acolchado brindan una sensaci\u00f3n de suavidad.<br \/>\n Color que se muestra: Oro Por Equipos De Remolacha Blanca \/ Dulce<\/p><\/div>\n<\/div>\n<ul>\n<li>Marca: Nike<\/li>\n<li>Codigo: DM7590-112<\/li>\n<li>Modelo: Court Legacy Lift<\/li>\n<li>G\u00e9nero: Mujer<\/li>\n<li>Estilo: Urbano<\/li>\n<li>Cierre: Cordones<\/li>\n<li>Material: Cuero<\/li>\n<li>Color: Blanco<\/li>\n<li>Material de la Suela: Goma<\/li>\n<\/ul>","protected":false},"excerpt":{"rendered":"<p>Mejora tu estilo con el Nike Court Legacy Lift. La entresuela de la plataforma aporta un estilo audaz a un dise\u00f1o cl\u00e1sico y f\u00e1cil de&#8230;<\/p>","protected":false},"featured_media":59384,"comment_status":"open","ping_status":"closed","template":"","meta":{"om_disable_all_campaigns":false,"_monsterinsights_skip_tracking":false,"_monsterinsights_sitenote_active":false,"_monsterinsights_sitenote_note":"","_monsterinsights_sitenote_category":0,"_uf_show_specific_survey":0,"_uf_disable_surveys":false,"_joinchat":[]},"etheme_brands":[],"product_brand":[],"product_cat":[18],"product_tag":[],"class_list":{"0":"post-58314","1":"product","2":"type-product","3":"status-publish","4":"has-post-thumbnail","6":"product_cat-mujer","7":"product_shipping_class-envio-a-lima-y-provincia","9":"first","10":"instock","11":"sale","12":"featured","13":"shipping-taxable","14":"purchasable","15":"product-type-variable"},"aioseo_notices":[],"_links":{"self":[{"href":"https:\/\/jnksport.com\/en\/wp-json\/wp\/v2\/product\/58314","targetHints":{"allow":["GET"]}}],"collection":[{"href":"https:\/\/jnksport.com\/en\/wp-json\/wp\/v2\/product"}],"about":[{"href":"https:\/\/jnksport.com\/en\/wp-json\/wp\/v2\/types\/product"}],"replies":[{"embeddable":true,"href":"https:\/\/jnksport.com\/en\/wp-json\/wp\/v2\/comments?post=58314"}],"version-history":[{"count":1,"href":"https:\/\/jnksport.com\/en\/wp-json\/wp\/v2\/product\/58314\/revisions"}],"predecessor-version":[{"id":59330,"href":"https:\/\/jnksport.com\/en\/wp-json\/wp\/v2\/product\/58314\/revisions\/59330"}],"wp:featuredmedia":[{"embeddable":true,"href":"https:\/\/jnksport.com\/en\/wp-json\/wp\/v2\/media\/59384"}],"wp:attachment":[{"href":"https:\/\/jnksport.com\/en\/wp-json\/wp\/v2\/media?parent=58314"}],"wp:term":[{"taxonomy":"brand","embeddable":true,"href":"https:\/\/jnksport.com\/en\/wp-json\/wp\/v2\/etheme_brands?post=58314"},{"taxonomy":"product_brand","embeddable":true,"href":"https:\/\/jnksport.com\/en\/wp-json\/wp\/v2\/product_brand?post=58314"},{"taxonomy":"product_cat","embeddable":true,"href":"https:\/\/jnksport.com\/en\/wp-json\/wp\/v2\/product_cat?post=58314"},{"taxonomy":"product_tag","embeddable":true,"href":"https:\/\/jnksport.com\/en\/wp-json\/wp\/v2\/product_tag?post=58314"}],"curies":[{"name":"wp","href":"https:\/\/api.w.org\/{rel}","templated":true}]}}