{"id":58315,"date":"2026-04-03T21:55:26","date_gmt":"2026-04-03T21:55:26","guid":{"rendered":"https:\/\/jnksport.com\/?post_type=product&#038;p=58315"},"modified":"2026-04-27T21:03:39","modified_gmt":"2026-04-27T21:03:39","slug":"zapatillas-nike-zion-3-dr0675-016-hombre","status":"publish","type":"product","link":"https:\/\/jnksport.com\/en\/product\/zapatillas-nike-zion-3-dr0675-016-hombre\/","title":{"rendered":"Zapatillas Nike Zion 3 DR0675-016 Hombre"},"content":{"rendered":"<div>\n<div>Los terceros tenis exclusivos de Zion rinden homenaje a la dedicaci\u00f3n que pone en su singular manera de jugar. Repletos de tecnolog\u00eda lista para la cancha, est\u00e1n dise\u00f1ados para jugadores que dominan tanto el juego en la cancha como el juego a\u00e9reo. Ofrecen contenci\u00f3n y contacto con el suelo, impulso para saltar y amortiguaci\u00f3n al aterrizar. Los Zion 3 te ayudan a mantenerte firme, para que puedas volar a tu manera.<\/p>\n<p>Acci\u00f3n lateral<\/p>\n<p>De lado a lado, de izquierda a derecha. La tracci\u00f3n con dise\u00f1o de espiguilla en la suela ofrece agarre en la cancha con cada paso, y la espuma en la entresuela agrega soporte para el tobillo y el tal\u00f3n.<\/p>\n<p>Arriba con velocidad, abajo con resistencia<\/p>\n<p>Nike Air te ayuda a obtener esos poderosos incrementos cuando saltas en la cancha, y agrega amortiguaci\u00f3n cuando vuelves a aterrizar.<\/p>\n<p>Desciende a tu gusto<\/p>\n<p>Para mejorar la sensaci\u00f3n del suelo, a\u00f1adimos un poco de espuma Formula23 Foam. Es suave y responsiva bajo los pies, para darte seguridad en tus movimientos.\n<\/p><\/div>\n<\/div>\n<ul>\n<li>Marca: Nike<\/li>\n<li>Codigo: DR0675-016<\/li>\n<li>Modelo: Zion 3<\/li>\n<li>G\u00e9nero: Hombre<\/li>\n<li>Estilo: Deportivo<\/li>\n<li>Cierre: Cordones<\/li>\n<li>Material: Cuero<\/li>\n<li>Color: Blanco<\/li>\n<li>Material de la Suela: Goma<\/li>\n<\/ul>","protected":false},"excerpt":{"rendered":"<p>Los terceros tenis exclusivos de Zion rinden homenaje a la dedicaci\u00f3n que pone en su singular manera de jugar. Repletos de tecnolog\u00eda lista para la&#8230;<\/p>","protected":false},"featured_media":59525,"comment_status":"open","ping_status":"closed","template":"","meta":{"om_disable_all_campaigns":false,"_monsterinsights_skip_tracking":false,"_monsterinsights_sitenote_active":false,"_monsterinsights_sitenote_note":"","_monsterinsights_sitenote_category":0,"_uf_show_specific_survey":0,"_uf_disable_surveys":false,"_joinchat":[]},"etheme_brands":[],"product_brand":[],"product_cat":[19],"product_tag":[],"class_list":{"0":"post-58315","1":"product","2":"type-product","3":"status-publish","4":"has-post-thumbnail","6":"product_cat-hombre","7":"product_shipping_class-envio-a-lima-y-provincia","9":"first","10":"instock","11":"sale","12":"featured","13":"shipping-taxable","14":"purchasable","15":"product-type-variable"},"aioseo_notices":[],"_links":{"self":[{"href":"https:\/\/jnksport.com\/en\/wp-json\/wp\/v2\/product\/58315","targetHints":{"allow":["GET"]}}],"collection":[{"href":"https:\/\/jnksport.com\/en\/wp-json\/wp\/v2\/product"}],"about":[{"href":"https:\/\/jnksport.com\/en\/wp-json\/wp\/v2\/types\/product"}],"replies":[{"embeddable":true,"href":"https:\/\/jnksport.com\/en\/wp-json\/wp\/v2\/comments?post=58315"}],"version-history":[{"count":2,"href":"https:\/\/jnksport.com\/en\/wp-json\/wp\/v2\/product\/58315\/revisions"}],"predecessor-version":[{"id":59526,"href":"https:\/\/jnksport.com\/en\/wp-json\/wp\/v2\/product\/58315\/revisions\/59526"}],"wp:featuredmedia":[{"embeddable":true,"href":"https:\/\/jnksport.com\/en\/wp-json\/wp\/v2\/media\/59525"}],"wp:attachment":[{"href":"https:\/\/jnksport.com\/en\/wp-json\/wp\/v2\/media?parent=58315"}],"wp:term":[{"taxonomy":"brand","embeddable":true,"href":"https:\/\/jnksport.com\/en\/wp-json\/wp\/v2\/etheme_brands?post=58315"},{"taxonomy":"product_brand","embeddable":true,"href":"https:\/\/jnksport.com\/en\/wp-json\/wp\/v2\/product_brand?post=58315"},{"taxonomy":"product_cat","embeddable":true,"href":"https:\/\/jnksport.com\/en\/wp-json\/wp\/v2\/product_cat?post=58315"},{"taxonomy":"product_tag","embeddable":true,"href":"https:\/\/jnksport.com\/en\/wp-json\/wp\/v2\/product_tag?post=58315"}],"curies":[{"name":"wp","href":"https:\/\/api.w.org\/{rel}","templated":true}]}}