{"id":58379,"date":"2026-04-03T21:55:45","date_gmt":"2026-04-03T21:55:45","guid":{"rendered":"https:\/\/jnksport.com\/?post_type=product&#038;p=58379"},"modified":"2026-04-29T22:32:29","modified_gmt":"2026-04-29T22:32:29","slug":"zapatillas-nike-phantom-gx-2-club-fj2587-100-hombre","status":"publish","type":"product","link":"https:\/\/jnksport.com\/en\/product\/zapatillas-nike-phantom-gx-2-club-fj2587-100-hombre\/","title":{"rendered":"Zapatillas Nike Phantom GX 2 Club FJ2587-100 Hombre"},"content":{"rendered":"<div>\n<div>Ya sea que est\u00e9s empezando o juegues para divertirte, el Zapatillas Club te lleva a la cancha sin comprometer la calidad. Confeccionado con los goles en mente, el Phantom GX 2 Club tiene una textura adherente que cubre el \u00e1rea de impacto del Zapatillas de f\u00fatbol y, adem\u00e1s, cuenta con una tracci\u00f3n confiable para ayudar a guiar tu agilidad sin precedentes.<\/p>\n<p>Tacto adherente<\/p>\n<p>La textura adherente cubre el \u00e1rea de golpe del Zapatillas, que se extiende desde el lado del dedo gordo del pie por la zona de agujetas hasta el dedo me\u00f1ique, lo que permite un contacto limpio entre el Zapatillas de f\u00fatbol y el Pelota.<\/p>\n<p>Tracci\u00f3n confiable<\/p>\n<p>La suela tiene una sensaci\u00f3n c\u00f3moda para ayudarte a jugar r\u00e1pido desde la primera vez que te lo pones.<\/p>\n<p>Ajuste c\u00f3modo<\/p>\n<p>El cuero sint\u00e9tico en la parte superior ayuda a mantener la comodidad en el campo.<\/p>\n<p>Datos del producto<\/p>\n<p>Para usar en superficies sint\u00e9ticas de pasto m\u00e1s corto<br \/>\nPlantilla con amortiguaci\u00f3n<br \/>\n Color que se muestra: Blanco\/Moneda De Oro Met\u00e1lico\/Negro<\/p><\/div>\n<\/div>\n<ul>\n<li>Marca: Nike<\/li>\n<li>Codigo: FJ2587-100<\/li>\n<li>Modelo: Phantom GX 2 Club<\/li>\n<li>G\u00e9nero: Hombre<\/li>\n<li>Estilo: Deportivo<\/li>\n<li>Cierre: Cordones<\/li>\n<li>Material: Cuero<\/li>\n<li>Color: Blanco<\/li>\n<li>Material de la Suela: Goma<\/li>\n<\/ul>","protected":false},"excerpt":{"rendered":"<p>Ya sea que est\u00e9s empezando o juegues para divertirte, el Zapatillas Club te lleva a la cancha sin comprometer la calidad. Confeccionado con los goles&#8230;<\/p>","protected":false},"featured_media":59531,"comment_status":"open","ping_status":"closed","template":"","meta":{"om_disable_all_campaigns":false,"_monsterinsights_skip_tracking":false,"_monsterinsights_sitenote_active":false,"_monsterinsights_sitenote_note":"","_monsterinsights_sitenote_category":0,"_uf_show_specific_survey":0,"_uf_disable_surveys":false,"_joinchat":[]},"etheme_brands":[],"product_brand":[],"product_cat":[19],"product_tag":[],"class_list":{"0":"post-58379","1":"product","2":"type-product","3":"status-publish","4":"has-post-thumbnail","6":"product_cat-hombre","7":"product_shipping_class-envio-a-lima-y-provincia","9":"first","10":"instock","11":"sale","12":"featured","13":"shipping-taxable","14":"purchasable","15":"product-type-variable"},"aioseo_notices":[],"_links":{"self":[{"href":"https:\/\/jnksport.com\/en\/wp-json\/wp\/v2\/product\/58379","targetHints":{"allow":["GET"]}}],"collection":[{"href":"https:\/\/jnksport.com\/en\/wp-json\/wp\/v2\/product"}],"about":[{"href":"https:\/\/jnksport.com\/en\/wp-json\/wp\/v2\/types\/product"}],"replies":[{"embeddable":true,"href":"https:\/\/jnksport.com\/en\/wp-json\/wp\/v2\/comments?post=58379"}],"version-history":[{"count":1,"href":"https:\/\/jnksport.com\/en\/wp-json\/wp\/v2\/product\/58379\/revisions"}],"predecessor-version":[{"id":59532,"href":"https:\/\/jnksport.com\/en\/wp-json\/wp\/v2\/product\/58379\/revisions\/59532"}],"wp:featuredmedia":[{"embeddable":true,"href":"https:\/\/jnksport.com\/en\/wp-json\/wp\/v2\/media\/59531"}],"wp:attachment":[{"href":"https:\/\/jnksport.com\/en\/wp-json\/wp\/v2\/media?parent=58379"}],"wp:term":[{"taxonomy":"brand","embeddable":true,"href":"https:\/\/jnksport.com\/en\/wp-json\/wp\/v2\/etheme_brands?post=58379"},{"taxonomy":"product_brand","embeddable":true,"href":"https:\/\/jnksport.com\/en\/wp-json\/wp\/v2\/product_brand?post=58379"},{"taxonomy":"product_cat","embeddable":true,"href":"https:\/\/jnksport.com\/en\/wp-json\/wp\/v2\/product_cat?post=58379"},{"taxonomy":"product_tag","embeddable":true,"href":"https:\/\/jnksport.com\/en\/wp-json\/wp\/v2\/product_tag?post=58379"}],"curies":[{"name":"wp","href":"https:\/\/api.w.org\/{rel}","templated":true}]}}