{"id":58382,"date":"2026-04-03T21:55:45","date_gmt":"2026-04-03T21:55:45","guid":{"rendered":"https:\/\/jnksport.com\/?post_type=product&#038;p=58382"},"modified":"2026-04-29T22:32:29","modified_gmt":"2026-04-29T22:32:29","slug":"zapatillas-nike-mercurial-vapor-16-club-fq8446-001-hombre","status":"publish","type":"product","link":"https:\/\/jnksport.com\/en\/product\/zapatillas-nike-mercurial-vapor-16-club-fq8446-001-hombre\/","title":{"rendered":"Zapatillas Nike Mercurial Vapor 16 Club FQ8446-001 Hombre"},"content":{"rendered":"<div>\n<div>Ya sea que est\u00e9s empezando o juegues para divertirte, los tacos Club te llevan a la cancha sin comprometer la calidad. Los Vapor 16 est\u00e1n dise\u00f1ados pensando en la velocidad. \u00bfCombinar velocidad con toque del bal\u00f3n y comodidad? Lleg\u00f3 la hora del gol.<\/p>\n<p>Toque adherente<\/p>\n<p>La parte superior moldeada y sint\u00e9tica tiene un patr\u00f3n gr\u00e1fico texturizado que posibilita un mejor control del bal\u00f3n durante los regates a gran velocidad.<\/p>\n<p>Tracci\u00f3n confiable<\/p>\n<p>La suela de goma est\u00e1 dise\u00f1ada para brindar tracci\u00f3n en superficies de pasto sint\u00e9tico (turf).<\/p>\n<p>Ajuste seguro<\/p>\n<p>Obtienes el mismo ajuste de los Vapor 15. Esto significa un dise\u00f1o que simula mejor el pie. Lo logramos a trav\u00e9s de m\u00faltiples pruebas de uso en cientos de atletas. El resultado es una punta m\u00e1s moldeada y un mejor sensaci\u00f3n de seguridad en el tal\u00f3n.<\/p>\n<p>Datos del producto<\/p>\n<p>Para usar en superficies sint\u00e9ticas de pasto m\u00e1s corto<br \/>\nPlantilla con amortiguaci\u00f3n<br \/>\n Color que se muestra: Negro<\/p><\/div>\n<\/div>\n<ul>\n<li>Marca: Nike<\/li>\n<li>Codigo: FQ8446-001<\/li>\n<li>Modelo: Mercurial Vapor 16 Club<\/li>\n<li>G\u00e9nero: Hombre<\/li>\n<li>Estilo: Deportivo<\/li>\n<li>Cierre: Cordones<\/li>\n<li>Material: Cuero<\/li>\n<li>Color: Negro<\/li>\n<li>Material de la Suela: Goma<\/li>\n<\/ul>","protected":false},"excerpt":{"rendered":"<p>Ya sea que est\u00e9s empezando o juegues para divertirte, los tacos Club te llevan a la cancha sin comprometer la calidad. Los Vapor 16 est\u00e1n&#8230;<\/p>","protected":false},"featured_media":59527,"comment_status":"open","ping_status":"closed","template":"","meta":{"om_disable_all_campaigns":false,"_monsterinsights_skip_tracking":false,"_monsterinsights_sitenote_active":false,"_monsterinsights_sitenote_note":"","_monsterinsights_sitenote_category":0,"_uf_show_specific_survey":0,"_uf_disable_surveys":false,"_joinchat":[]},"etheme_brands":[],"product_brand":[],"product_cat":[19],"product_tag":[],"class_list":{"0":"post-58382","1":"product","2":"type-product","3":"status-publish","4":"has-post-thumbnail","6":"product_cat-hombre","7":"product_shipping_class-envio-a-lima-y-provincia","9":"first","10":"instock","11":"sale","12":"featured","13":"shipping-taxable","14":"purchasable","15":"product-type-variable"},"aioseo_notices":[],"_links":{"self":[{"href":"https:\/\/jnksport.com\/en\/wp-json\/wp\/v2\/product\/58382","targetHints":{"allow":["GET"]}}],"collection":[{"href":"https:\/\/jnksport.com\/en\/wp-json\/wp\/v2\/product"}],"about":[{"href":"https:\/\/jnksport.com\/en\/wp-json\/wp\/v2\/types\/product"}],"replies":[{"embeddable":true,"href":"https:\/\/jnksport.com\/en\/wp-json\/wp\/v2\/comments?post=58382"}],"version-history":[{"count":1,"href":"https:\/\/jnksport.com\/en\/wp-json\/wp\/v2\/product\/58382\/revisions"}],"predecessor-version":[{"id":59528,"href":"https:\/\/jnksport.com\/en\/wp-json\/wp\/v2\/product\/58382\/revisions\/59528"}],"wp:featuredmedia":[{"embeddable":true,"href":"https:\/\/jnksport.com\/en\/wp-json\/wp\/v2\/media\/59527"}],"wp:attachment":[{"href":"https:\/\/jnksport.com\/en\/wp-json\/wp\/v2\/media?parent=58382"}],"wp:term":[{"taxonomy":"brand","embeddable":true,"href":"https:\/\/jnksport.com\/en\/wp-json\/wp\/v2\/etheme_brands?post=58382"},{"taxonomy":"product_brand","embeddable":true,"href":"https:\/\/jnksport.com\/en\/wp-json\/wp\/v2\/product_brand?post=58382"},{"taxonomy":"product_cat","embeddable":true,"href":"https:\/\/jnksport.com\/en\/wp-json\/wp\/v2\/product_cat?post=58382"},{"taxonomy":"product_tag","embeddable":true,"href":"https:\/\/jnksport.com\/en\/wp-json\/wp\/v2\/product_tag?post=58382"}],"curies":[{"name":"wp","href":"https:\/\/api.w.org\/{rel}","templated":true}]}}