{"id":58488,"date":"2026-04-03T21:56:09","date_gmt":"2026-04-03T21:56:09","guid":{"rendered":"https:\/\/jnksport.com\/?post_type=product&#038;p=58488"},"modified":"2026-04-29T22:32:29","modified_gmt":"2026-04-29T22:32:29","slug":"zapatillas-nike-air-max-excee-fz5486-102-hombre","status":"publish","type":"product","link":"https:\/\/jnksport.com\/en\/product\/zapatillas-nike-air-max-excee-fz5486-102-hombre\/","title":{"rendered":"Zapatillas Nike Air Max Excee FZ5486-102 Hombre"},"content":{"rendered":"<div>\n<div>Entra en ambiente con los tenis Nike Air Max Excee con los sutiles toques de colores nuevos que brindan un estilo que desaf\u00eda el tiempo. Inspirados en los Nike Air Max 90, estos tenis le dan un toque moderno a un \u00edcono legendario a trav\u00e9s de l\u00edneas de dise\u00f1o alargadas y proporciones distorsionadas.<\/p>\n<p>Beneficios<\/p>\n<p>La unidad Max Air agrega una amortiguaci\u00f3n \u00f3ptima y es visible a trav\u00e9s de tres ventanas para brindar un look realmente moderno.<br \/>\nLas l\u00edneas de dise\u00f1o alargadas rinden homenaje a los Air Max 90 y modernizan estos tenis de una manera innovadora.<br \/>\nEl cuello acolchado de corte low luce elegante y se siente c\u00f3modo.<br \/>\nLos revestimientos cosidos ofrecen un estilo de herencia y durabilidad.<br \/>\nNike Air Max Origins<\/p>\n<p>La tecnolog\u00eda revolucionaria Air se introdujo por primera vez en los tenis Nike en 1978. En 1987, los Air Max 1 debutaron con la tecnolog\u00eda Air visible en el tal\u00f3n, que permiti\u00f3 a los fans no solo sentir la amortiguaci\u00f3n Air, sino tambi\u00e9n verla. Desde entonces, los tenis Air Max de \u00faltima generaci\u00f3n se convirtieron en los favoritos de los atletas y coleccionistas por sus combinaciones atractivas de colores, adem\u00e1s de su amortiguaci\u00f3n ligera y confiable.<\/p>\n<p>Datos del producto<\/p>\n<p>Entresuela de espuma<br \/>\nSuela de goma<br \/>\n Color que se muestra: Blanco Cumbre\/Tostado Brit\u00e1nico Claro\/Gris Universitario\/Blanco Cumbre<\/p><\/div>\n<\/div>\n<ul>\n<li>Marca: Nike<\/li>\n<li>Codigo: FZ5486-102<\/li>\n<li>Modelo: Air Max Excee<\/li>\n<li>G\u00e9nero: Hombre<\/li>\n<li>Estilo: Urbano<\/li>\n<li>Cierre: Cordones<\/li>\n<li>Material: Textil<\/li>\n<li>Color: Blanco<\/li>\n<li>Material de la Suela: Goma<\/li>\n<\/ul>","protected":false},"excerpt":{"rendered":"<p>Entra en ambiente con los tenis Nike Air Max Excee con los sutiles toques de colores nuevos que brindan un estilo que desaf\u00eda el tiempo&#8230;.<\/p>","protected":false},"featured_media":59536,"comment_status":"open","ping_status":"closed","template":"","meta":{"om_disable_all_campaigns":false,"_monsterinsights_skip_tracking":false,"_monsterinsights_sitenote_active":false,"_monsterinsights_sitenote_note":"","_monsterinsights_sitenote_category":0,"_uf_show_specific_survey":0,"_uf_disable_surveys":false,"_joinchat":[]},"etheme_brands":[],"product_brand":[],"product_cat":[19],"product_tag":[],"class_list":{"0":"post-58488","1":"product","2":"type-product","3":"status-publish","4":"has-post-thumbnail","6":"product_cat-hombre","7":"product_shipping_class-envio-a-lima-y-provincia","9":"first","10":"instock","11":"sale","12":"featured","13":"shipping-taxable","14":"purchasable","15":"product-type-variable"},"aioseo_notices":[],"_links":{"self":[{"href":"https:\/\/jnksport.com\/en\/wp-json\/wp\/v2\/product\/58488","targetHints":{"allow":["GET"]}}],"collection":[{"href":"https:\/\/jnksport.com\/en\/wp-json\/wp\/v2\/product"}],"about":[{"href":"https:\/\/jnksport.com\/en\/wp-json\/wp\/v2\/types\/product"}],"replies":[{"embeddable":true,"href":"https:\/\/jnksport.com\/en\/wp-json\/wp\/v2\/comments?post=58488"}],"version-history":[{"count":1,"href":"https:\/\/jnksport.com\/en\/wp-json\/wp\/v2\/product\/58488\/revisions"}],"predecessor-version":[{"id":59537,"href":"https:\/\/jnksport.com\/en\/wp-json\/wp\/v2\/product\/58488\/revisions\/59537"}],"wp:featuredmedia":[{"embeddable":true,"href":"https:\/\/jnksport.com\/en\/wp-json\/wp\/v2\/media\/59536"}],"wp:attachment":[{"href":"https:\/\/jnksport.com\/en\/wp-json\/wp\/v2\/media?parent=58488"}],"wp:term":[{"taxonomy":"brand","embeddable":true,"href":"https:\/\/jnksport.com\/en\/wp-json\/wp\/v2\/etheme_brands?post=58488"},{"taxonomy":"product_brand","embeddable":true,"href":"https:\/\/jnksport.com\/en\/wp-json\/wp\/v2\/product_brand?post=58488"},{"taxonomy":"product_cat","embeddable":true,"href":"https:\/\/jnksport.com\/en\/wp-json\/wp\/v2\/product_cat?post=58488"},{"taxonomy":"product_tag","embeddable":true,"href":"https:\/\/jnksport.com\/en\/wp-json\/wp\/v2\/product_tag?post=58488"}],"curies":[{"name":"wp","href":"https:\/\/api.w.org\/{rel}","templated":true}]}}