{"id":58490,"date":"2026-04-03T21:56:09","date_gmt":"2026-04-03T21:56:09","guid":{"rendered":"https:\/\/jnksport.com\/?post_type=product&#038;p=58490"},"modified":"2026-04-11T17:04:37","modified_gmt":"2026-04-11T17:04:37","slug":"zapatillas-joma-gambeta-gams2601in-hombre","status":"publish","type":"product","link":"https:\/\/jnksport.com\/en\/product\/zapatillas-joma-gambeta-gams2601in-hombre\/","title":{"rendered":"Zapatillas Joma GAMBETA GAMS2601IN Hombre"},"content":{"rendered":"<div>\n<div>Zapatillas de f\u00fatbol sala. Desarrolladas para futbolistas que buscan mejorar su t\u00e9cnica partido tras partido. Este nuevo modelo, perfecto para jugadores potentes, ofrece estabilidad, excelente amortiguaci\u00f3n y un toque de bal\u00f3n preciso.<\/p>\n<p>Parte superior confeccionada con una combinaci\u00f3n de piel sint\u00e9tica y malla transpirable para lograr una parte superior ligera, resistente y flexible. Incorpora el sistema de perforaci\u00f3n VTS para facilitar la ventilaci\u00f3n del sudor.<\/p>\n<p>Refuerzo de PROTECCI\u00d3N en la puntera.<\/p>\n<p>Entresuela de doble material. La parte inferior, de FOAM REACTIVE, mejora la amortiguaci\u00f3n y proporciona una respuesta r\u00e1pida y c\u00f3moda al impacto. El phylon superior de alta densidad refuerza la estabilidad, ofreciendo un soporte firme durante movimientos r\u00e1pidos y cambios de direcci\u00f3n.<\/p>\n<p>Incorpora STABILIS trasero, una pieza termopl\u00e1stica semirr\u00edgida dise\u00f1ada para proporcionar mayor estabilidad y prevenir lesiones. Su ubicaci\u00f3n estrat\u00e9gica ayuda a mantener la estructura del calzado, ofreciendo mayor soporte en movimientos laterales y cambios de direcci\u00f3n.<\/p>\n<p>La suela de goma DURABILITY est\u00e1 dise\u00f1ada para ofrecer una resistencia excepcional. Su estructura proporciona un agarre superior y una tracci\u00f3n eficaz en superficies interiores. Incorpora el sistema FLEXO para facilitar la flexi\u00f3n de la parte delantera.<\/p><\/div>\n<\/div>\n<ul>\n<li>Marca: Joma<\/li>\n<li>Codigo: GAMS2601IN<\/li>\n<li>Modelo: GAMBETA<\/li>\n<li>G\u00e9nero: Hombre<\/li>\n<li>Estilo: Deportivo<\/li>\n<li>Cierre: Cordones<\/li>\n<li>Material: Cuero<\/li>\n<li>Color: Negro<\/li>\n<li>Material de la Suela: Goma<\/li>\n<\/ul>","protected":false},"excerpt":{"rendered":"<p>Zapatillas de f\u00fatbol sala. Desarrolladas para futbolistas que buscan mejorar su t\u00e9cnica partido tras partido. Este nuevo modelo, perfecto para jugadores potentes, ofrece estabilidad, excelente&#8230;<\/p>","protected":false},"featured_media":58532,"comment_status":"open","ping_status":"closed","template":"","meta":{"om_disable_all_campaigns":false,"_monsterinsights_skip_tracking":false,"_monsterinsights_sitenote_active":false,"_monsterinsights_sitenote_note":"","_monsterinsights_sitenote_category":0,"_uf_show_specific_survey":0,"_uf_disable_surveys":false,"_joinchat":[]},"etheme_brands":[],"product_brand":[],"product_cat":[19],"product_tag":[],"class_list":{"0":"post-58490","1":"product","2":"type-product","3":"status-publish","4":"has-post-thumbnail","6":"product_cat-hombre","7":"product_shipping_class-envio-a-lima-y-provincia","9":"first","10":"instock","11":"sale","12":"featured","13":"shipping-taxable","14":"purchasable","15":"product-type-variable"},"aioseo_notices":[],"_links":{"self":[{"href":"https:\/\/jnksport.com\/en\/wp-json\/wp\/v2\/product\/58490","targetHints":{"allow":["GET"]}}],"collection":[{"href":"https:\/\/jnksport.com\/en\/wp-json\/wp\/v2\/product"}],"about":[{"href":"https:\/\/jnksport.com\/en\/wp-json\/wp\/v2\/types\/product"}],"replies":[{"embeddable":true,"href":"https:\/\/jnksport.com\/en\/wp-json\/wp\/v2\/comments?post=58490"}],"version-history":[{"count":0,"href":"https:\/\/jnksport.com\/en\/wp-json\/wp\/v2\/product\/58490\/revisions"}],"wp:featuredmedia":[{"embeddable":true,"href":"https:\/\/jnksport.com\/en\/wp-json\/wp\/v2\/media\/58532"}],"wp:attachment":[{"href":"https:\/\/jnksport.com\/en\/wp-json\/wp\/v2\/media?parent=58490"}],"wp:term":[{"taxonomy":"brand","embeddable":true,"href":"https:\/\/jnksport.com\/en\/wp-json\/wp\/v2\/etheme_brands?post=58490"},{"taxonomy":"product_brand","embeddable":true,"href":"https:\/\/jnksport.com\/en\/wp-json\/wp\/v2\/product_brand?post=58490"},{"taxonomy":"product_cat","embeddable":true,"href":"https:\/\/jnksport.com\/en\/wp-json\/wp\/v2\/product_cat?post=58490"},{"taxonomy":"product_tag","embeddable":true,"href":"https:\/\/jnksport.com\/en\/wp-json\/wp\/v2\/product_tag?post=58490"}],"curies":[{"name":"wp","href":"https:\/\/api.w.org\/{rel}","templated":true}]}}