{"id":58544,"date":"2026-04-03T21:56:22","date_gmt":"2026-04-03T21:56:22","guid":{"rendered":"https:\/\/jnksport.com\/?post_type=product&#038;p=58544"},"modified":"2026-04-29T22:32:29","modified_gmt":"2026-04-29T22:32:29","slug":"zapatillas-nike-court-legacy-lift-hf9548-001-mujer","status":"publish","type":"product","link":"https:\/\/jnksport.com\/en\/product\/zapatillas-nike-court-legacy-lift-hf9548-001-mujer\/","title":{"rendered":"Zapatillas Nike Court Legacy Lift HF9548-001 Mujer"},"content":{"rendered":"<div>\n<div>Mejora tu look con los Court Legacy Lift. Su entresuela con plataforma y el Swoosh con animal print crean una declaraci\u00f3n audaz que es f\u00e1cil de combinar. No te preocupes, mantuvimos el ajuste Court cl\u00e1sico que m\u00e1s te gusta y conoces.<\/p>\n<p>Beneficios<\/p>\n<p>La parte superior de cuero con detalles de textil mantiene el estilo cl\u00e1sico y lo hace f\u00e1cil de llevar.<br \/>\nEl cuello y la leng\u00fceta acolchados agregan comodidad con sensaci\u00f3n de suavidad.<br \/>\nLa suela de goma ofrece tracci\u00f3n duradera.<br \/>\n Color que se muestra: Negro<\/p><\/div>\n<\/div>\n<ul>\n<li>Marca: Nike<\/li>\n<li>Codigo: HF9548-001<\/li>\n<li>Modelo: Court Legacy Lift<\/li>\n<li>G\u00e9nero: Mujer<\/li>\n<li>Estilo: Urbano<\/li>\n<li>Cierre: Cordones<\/li>\n<li>Material: Cuero<\/li>\n<li>Color: Negro<\/li>\n<li>Material de la Suela: Goma<\/li>\n<\/ul>","protected":false},"excerpt":{"rendered":"<p>Mejora tu look con los Court Legacy Lift. Su entresuela con plataforma y el Swoosh con animal print crean una declaraci\u00f3n audaz que es f\u00e1cil&#8230;<\/p>","protected":false},"featured_media":59327,"comment_status":"open","ping_status":"closed","template":"","meta":{"om_disable_all_campaigns":false,"_monsterinsights_skip_tracking":false,"_monsterinsights_sitenote_active":false,"_monsterinsights_sitenote_note":"","_monsterinsights_sitenote_category":0,"_uf_show_specific_survey":0,"_uf_disable_surveys":false,"_joinchat":[]},"etheme_brands":[],"product_brand":[],"product_cat":[18],"product_tag":[],"class_list":{"0":"post-58544","1":"product","2":"type-product","3":"status-publish","4":"has-post-thumbnail","6":"product_cat-mujer","7":"product_shipping_class-envio-a-lima-y-provincia","9":"first","10":"instock","11":"sale","12":"featured","13":"shipping-taxable","14":"purchasable","15":"product-type-variable"},"aioseo_notices":[],"_links":{"self":[{"href":"https:\/\/jnksport.com\/en\/wp-json\/wp\/v2\/product\/58544","targetHints":{"allow":["GET"]}}],"collection":[{"href":"https:\/\/jnksport.com\/en\/wp-json\/wp\/v2\/product"}],"about":[{"href":"https:\/\/jnksport.com\/en\/wp-json\/wp\/v2\/types\/product"}],"replies":[{"embeddable":true,"href":"https:\/\/jnksport.com\/en\/wp-json\/wp\/v2\/comments?post=58544"}],"version-history":[{"count":1,"href":"https:\/\/jnksport.com\/en\/wp-json\/wp\/v2\/product\/58544\/revisions"}],"predecessor-version":[{"id":59328,"href":"https:\/\/jnksport.com\/en\/wp-json\/wp\/v2\/product\/58544\/revisions\/59328"}],"wp:featuredmedia":[{"embeddable":true,"href":"https:\/\/jnksport.com\/en\/wp-json\/wp\/v2\/media\/59327"}],"wp:attachment":[{"href":"https:\/\/jnksport.com\/en\/wp-json\/wp\/v2\/media?parent=58544"}],"wp:term":[{"taxonomy":"brand","embeddable":true,"href":"https:\/\/jnksport.com\/en\/wp-json\/wp\/v2\/etheme_brands?post=58544"},{"taxonomy":"product_brand","embeddable":true,"href":"https:\/\/jnksport.com\/en\/wp-json\/wp\/v2\/product_brand?post=58544"},{"taxonomy":"product_cat","embeddable":true,"href":"https:\/\/jnksport.com\/en\/wp-json\/wp\/v2\/product_cat?post=58544"},{"taxonomy":"product_tag","embeddable":true,"href":"https:\/\/jnksport.com\/en\/wp-json\/wp\/v2\/product_tag?post=58544"}],"curies":[{"name":"wp","href":"https:\/\/api.w.org\/{rel}","templated":true}]}}